{"id":13260,"date":"2022-01-18T10:52:16","date_gmt":"2022-01-18T09:52:16","guid":{"rendered":"https:\/\/i-moments.com\/ofertes\/"},"modified":"2026-04-21T08:43:39","modified_gmt":"2026-04-21T06:43:39","slug":"ofertas","status":"publish","type":"page","link":"https:\/\/i-moments.com\/ca\/ofertas\/","title":{"rendered":"Ofertes"},"content":{"rendered":"<div class=\"row align-center\"  id=\"row-1242353647\">\n\n\t<div id=\"col-1174955650\" class=\"col medium-6 small-12 large-9\"  >\n\t\t\t\t<div class=\"col-inner text-center\"  >\n\t\t\t\n\t\t\t\n\t<div id=\"gap-1013561954\" class=\"gap-element clearfix\" style=\"display:block; height:auto;\">\n\t\t\n<style>\n#gap-1013561954 {\n  padding-top: 30px;\n}\n<\/style>\n\t<\/div>\n\t\n\t<div id=\"text-2215501372\" class=\"text\">\n\t\t\n<h1><span style=\"font-size: 200%;\">Coneix els nostres Descomptes!<\/span><\/h1>\n<p>\n\t\t\n<style>\n#text-2215501372 {\n  font-size: 2rem;\n  line-height: 0,75;\n}\n<\/style>\n\t<\/div>\n\t\n\t\t<\/div>\n\t\t\t\t\t<\/div>\n\n\t\n<\/div>\n\n\t<section class=\"section\" id=\"section_896432316\">\n\t\t<div class=\"section-bg fill\" >\n\t\t\t\t\t\t\t\t\t\n\t\t\t\n\n\t\t<\/div>\n\n\t\t\n\n\t\t<div class=\"section-content relative\">\n\t\t\t\n<p><strong><span style=\"font-size: 180%;\">DESCOMPTES GENERALS<\/span><\/strong><\/p>\n<div class=\"row row-small align-equal row-box-shadow-3-hover\"  id=\"row-1924286876\">\n\n\t<div id=\"col-566045738\" class=\"col medium-4 small-12 large-4\"  >\n\t\t\t\t<div class=\"col-inner\" style=\"background-color:#f4af51;\" >\n\t\t\t\n\t\t\t\n\n\t<a class=\"plain\" href=\"#\" >\t<div class=\"icon-box featured-box icon-box-center text-center\"  >\n\t\t\t\t<div class=\"icon-box-text last-reset\">\n\t\t\t\t\t\t\t\t\t\n\t<div id=\"text-1718559461\" class=\"text\">\n\t\t\n<h2 style=\"text-align: left;\"><span style=\"  font-size: 110%;\">20% Descompte<\/span><\/h2>\n<h2 style=\"text-align: left;\"><span style=\"  font-size: 85%;\">Registre de client<\/span><\/h2>\n<p style=\"text-align: left;\">Volem agrair-te la teva confian\u00e7a! Com a client d&#8217;i-moments i rebr\u00e0s un mail amb un codi de descompte que podr\u00e0s fer servir en un dels productes de la teva cistella** <\/p>\n<p>* Aquest codi \u00e9s aplicable a tots els productes de la web.<\/span><\/p>\n<p><span style=\"color: #ffffff;\">* No acumulable a altres ofertes<\/span><\/p>\n<p style=\"text-align: left;\">\n\t\t\n<style>\n#text-1718559461 {\n  font-size: 1rem;\n  color: rgb(255,255,255);\n}\n#text-1718559461 > * {\n  color: rgb(255,255,255);\n}\n@media (min-width:850px) {\n  #text-1718559461 {\n    font-size: 1rem;\n  }\n}\n<\/style>\n\t<\/div>\n\t\n\t<div id=\"gap-1368958281\" class=\"gap-element clearfix\" style=\"display:block; height:auto;\">\n\t\t\n<style>\n#gap-1368958281 {\n  padding-top: 10px;\n}\n<\/style>\n\t<\/div>\n\t\n<a href=\"https:\/\/descargas.i-moments.com\/areaclientes\/public\/pre_registro.aspx?_ga=2.263627787.660261726.1688538480-1733949944.1678086967&#038;_gl=1*1i3aqa7*_gcl_au*MTcyMzM4Njk3NC4xNjg1OTQ1MDg2\" class=\"button secondary is-link is-small\" >\n\t\t<span>Reg\u00edstrate<\/span>\n\t<i class=\"icon-angle-right\" aria-hidden=\"true\"><\/i><\/a>\n\n\t\t<\/div>\n\t<\/div>\n\t<\/a>\n\t\n\t\t<\/div>\n\t\t\t\t\t<\/div>\n\n\t\n\n\t<div id=\"col-526102949\" class=\"col medium-4 small-12 large-4\"  >\n\t\t\t\t<div class=\"col-inner\" style=\"background-color:rgb(132, 206, 232);\" >\n\t\t\t\n\t\t\t\n\n\t<a class=\"plain\" href=\"#\" >\t<div class=\"icon-box featured-box icon-box-center text-center\"  >\n\t\t\t\t<div class=\"icon-box-text last-reset\">\n\t\t\t\t\t\t\t\t\t\n\t<div id=\"text-2565756868\" class=\"text\">\n\t\t\n<h2 style=\"text-align: left;\"><span style=\"color: #ffffff;\">10% Descompte<\/span><\/h2>\n<h2 style=\"text-align: left;\"><span style=\"color: #ffffff; font-size: 85%;\">Convida un amic<\/span><\/h2>\n<p style=\"text-align: left;\"><span style=\"color: #ffffff;\">codi v\u00e0lid per a tots els productes<\/span><\/p>\n<p style=\"text-align: left;\"><span style=\"color: #ffffff;\">Convida els teus amics i aconsegueix m\u00e9s descomptes.<\/span><br \/><span style=\"color: #ffffff;\">Quan aquests es registrin, rebr\u00e0s els codis de descompte per e-mail.<\/span><\/p>\n<p style=\"text-align: left;\"><span style=\"color: #ffffff;\">Rebr\u00e0s la informaci\u00f3 en la teva confirmaci\u00f3 de registre!<\/span><\/p>\n<\/p>\n<p><span style=\"color: #ffffff;\">* No acumulable a altres ofertes<\/span><\/p>\n<\/p>\n\t\t\n<style>\n#text-2565756868 {\n  font-size: 1rem;\n}\n@media (min-width:850px) {\n  #text-2565756868 {\n    font-size: 1rem;\n  }\n}\n<\/style>\n\t<\/div>\n\t\n\t<div id=\"gap-1990821399\" class=\"gap-element clearfix\" style=\"display:block; height:auto;\">\n\t\t\n<style>\n#gap-1990821399 {\n  padding-top: 10px;\n}\n<\/style>\n\t<\/div>\n\t\n\t\t<\/div>\n\t<\/div>\n\t<\/a>\n\t\n\t\t<\/div>\n\t\t\t\t\t<\/div>\n\n\t\n\n\t<div id=\"col-136535760\" class=\"col medium-4 small-12 large-4\"  >\n\t\t\t\t<div class=\"col-inner\" style=\"background-color:#f4af51;\" >\n\t\t\t\n\t\t\t\n\n\t<a class=\"plain\" href=\"#\" >\t<div class=\"icon-box featured-box icon-box-center text-center\"  >\n\t\t\t\t<div class=\"icon-box-text last-reset\">\n\t\t\t\t\t\t\t\t\t\n\t<div id=\"text-301419038\" class=\"text\">\n\t\t\n<h2>Descomptes per quantitat<\/h2>\n<p>Sabies que molts dels nostres productes tenen descomptes per quantitat?<\/p>\n<p>\u00a1Enxampa una ullada a la nostra tarifa i descobreix quines!<\/p>\n<p><span style=\"color: #ffffff;\">* No acumulable a altres ofertes<\/span><\/p>\n<\/p>\n\t\t\n<style>\n#text-301419038 {\n  font-size: 1rem;\n  color: rgb(255, 255, 255);\n}\n#text-301419038 > * {\n  color: rgb(255, 255, 255);\n}\n@media (min-width:850px) {\n  #text-301419038 {\n    font-size: 1rem;\n  }\n}\n<\/style>\n\t<\/div>\n\t\n\t<div id=\"gap-907465242\" class=\"gap-element clearfix\" style=\"display:block; height:auto;\">\n\t\t\n<style>\n#gap-907465242 {\n  padding-top: 10px;\n}\n<\/style>\n\t<\/div>\n\t\n<a href=\"https:\/\/i-moments.com\/content\/files\/tarifas\/tarifageneral.pdf\" class=\"button secondary is-link is-small\" >\n\t\t<span>Veure tarifa<\/span>\n\t<i class=\"icon-angle-right\" aria-hidden=\"true\"><\/i><\/a>\n\n\t\t<\/div>\n\t<\/div>\n\t<\/a>\n\t\n\t\t<\/div>\n\t\t\t\t\t<\/div>\n\n\t\n\n<style>\n#row-1924286876 > .col > .col-inner {\n  padding: 30px 20px 30px 20px;\n  border-radius: 5px;\n}\n@media (min-width:850px) {\n  #row-1924286876 > .col > .col-inner {\n    padding: 70px 40px 70px 40px;\n  }\n}\n<\/style>\n<\/div>\n\t\t<\/div>\n\n\t\t\n<style>\n#section_896432316 {\n  padding-top: 40px;\n  padding-bottom: 40px;\n}\n@media (min-width:550px) {\n  #section_896432316 {\n    padding-top: 70px;\n    padding-bottom: 70px;\n  }\n}\n<\/style>\n\t<\/section>\n\t\n\n\t<section class=\"section\" id=\"section_225874205\">\n\t\t<div class=\"section-bg fill\" >\n\t\t\t\t\t\t\t\t\t\n\t\t\t\n\n\t\t<\/div>\n\n\t\t\n\n\t\t<div class=\"section-content relative\">\n\t\t\t\n<p><strong><span style=\"font-size: 180%;\">DESCOMPTES PROMOCIONALS<\/span><\/strong><\/p>\n<div class=\"row row-small align-equal row-box-shadow-3-hover\"  id=\"row-1551817546\">\n\n\t<div id=\"col-442068090\" class=\"col medium-4 small-12 large-4\"  >\n\t\t\t\t<div class=\"col-inner\" style=\"background-color:#34addc;\" >\n\t\t\t\n\t\t\t\n\n\t<a class=\"plain\" href=\"#\" >\t<div class=\"icon-box featured-box icon-box-center text-center\"  >\n\t\t\t\t<div class=\"icon-box-text last-reset\">\n\t\t\t\t\t\t\t\t\t\n\t<div id=\"text-1973799692\" class=\"text\">\n\t\t\n<h3 style=\"text-align: left;\"><strong>\u2013 Dia de la Mare<\/strong><\/h3>\n<p style=\"text-align: left;\" data-line-height=\"xs\"><span style=\"font-size: 95%;\">30% dte en tots els productes llevat de cer\u00e0miques<br \/><\/span><br \/><strong>Codi: CLM30<\/strong><\/p>\n<p style=\"text-align: left;\" data-line-height=\"xs\">V\u00e0lid fins al 27\/04\/2026<\/p>\n<p data-line-height=\"xs\">Promoci\u00f3 no acumulable a altres ofertes<\/p>\n<p style=\"text-align: left;\">\n<p style=\"text-align: left;\">\n\t\t\n<style>\n#text-1973799692 {\n  font-size: 1rem;\n  color: rgb(255, 255, 255);\n}\n#text-1973799692 > * {\n  color: rgb(255, 255, 255);\n}\n@media (min-width:850px) {\n  #text-1973799692 {\n    font-size: 1rem;\n  }\n}\n<\/style>\n\t<\/div>\n\t\n\t<div id=\"gap-1484647988\" class=\"gap-element clearfix\" style=\"display:block; height:auto;\">\n\t\t\n<style>\n#gap-1484647988 {\n  padding-top: 10px;\n}\n<\/style>\n\t<\/div>\n\t\n<a href=\"https:\/\/i-moments.com\/ca\/c\/reveals\/\" class=\"button secondary is-link is-small\" >\n\t\t<span>Comencem!<\/span>\n\t<i class=\"icon-angle-right\" aria-hidden=\"true\"><\/i><\/a>\n\n\t\t<\/div>\n\t<\/div>\n\t<\/a>\n\t\n\t\t<\/div>\n\t\t\t\t\t<\/div>\n\n\t\n\n\n<style>\n#row-1551817546 > .col > .col-inner {\n  padding: 30px 20px 30px 20px;\n  border-radius: 5px;\n}\n@media (min-width:850px) {\n  #row-1551817546 > .col > .col-inner {\n    padding: 70px 40px 70px 40px;\n  }\n}\n<\/style>\n<\/div>\n\t\t<\/div>\n\n\t\t\n<style>\n#section_225874205 {\n  padding-top: 40px;\n  padding-bottom: 40px;\n}\n@media (min-width:550px) {\n  #section_225874205 {\n    padding-top: 70px;\n    padding-bottom: 70px;\n  }\n}\n<\/style>\n\t<\/section>\n\t\n<\/p>\n<div class=\"row\"  id=\"row-920732489\">\n\n\t<div id=\"col-1352697591\" class=\"col small-12 large-12\"  >\n\t\t\t\t<div class=\"col-inner\"  >\n\t\t\t\n\t\t\t\n\t<div id=\"text-2579318168\" class=\"text\">\n\t\t\n<p>Benvingut a i-moments!<\/p>\n<p>En i-moments, ens apassiona crear moments especials i \u00fanics per a tu. Som una empresa dedicada a oferir-te productes personalitzats que capturen els teus records m\u00e9s preuats. Volem que cada article que adquireixis amb nosaltres sigui alguna cosa m\u00e9s que un simple objecte, volem que sigui un tresor que guardis per sempre.<\/p>\n<p>I per fer la teva experi\u00e8ncia encara m\u00e9s emocionant, hem creat aquesta secci\u00f3 especial en la qual podr\u00e0s descobrir quins descomptes estan actius en el moment en qu\u00e8 entris a la nostra p\u00e0gina. Podr\u00e0s descobrir <strong>descomptes exclusius<\/strong>. De vegades et sorprendrem amb descomptes flash: descomptes fuga\u00e7os que duraran poc temps, per\u00f2 seran irresistibles.<\/p>\n<p>En aquesta secci\u00f3 trobar\u00e0s una varietat de promocions que s&#8217;adapten a diferents ocasions. Per\u00f2 no ens oblidem dels nostres<strong> descomptes permanents<\/strong>: el descompte fix que reps sempre <strong>pel teu registre<\/strong> i amb el qual et donem la benvinguda a la nostra fam\u00edlia i els descomptes que pots aconseguir<strong> per convidar els teus amics<\/strong>.<\/p>\n<p>Trobar\u00e0s<strong> descomptes promocionals<\/strong> per celebrar esdeveniments puntuals com el Dia de la Mare, Nadal i molts m\u00e9s.<\/p>\n<p>Et convidem a visitar regularment la nostra secci\u00f3 de descomptes actius en realitzar la teva compra, ja que tamb\u00e9 disposarem de <strong>descomptes <\/strong>que duraran nom\u00e9s dos o tres dies:<strong> descomptes flash<\/strong>. Per\u00f2 no et preocupis, perqu\u00e8 si ens visites amb freq\u00fc\u00e8ncia amb aquesta secci\u00f3 sempre estar\u00e0s al tant de les ofertes que estan disponibles en aquell moment.<\/p>\n<p>En i-moments, volem que cada experi\u00e8ncia de compra sigui \u00fanica i gratificant. Aprofita els nostres descomptes i crea moments inoblidables amb productes personalitzats que reflecteixin el teu estil i personalitat. Som aqu\u00ed per ajudar-te a preservar els teus records d&#8217;una manera \u00fanica i a un preu excepcional.<\/p>\n<p>No deixis que s&#8217;escapi ni un sol descompte! Descobreix les nostres promocions i crea els teus moments perfectes amb i-moments!<\/p>\n<p>RECORDA:<\/p>\n<p><strong>Les nostres Promocions no s\u00f3n acumulables a altres ofertes<\/strong> \u00b7 Has d&#8217;introduir el codi en realitzar la comanda. Tingueu en compte sempre els terminis m\u00e0xims per utilitzar-lo. Pots utilitzar-lo en les teves compres online o a les botigues i-moments  <\/p>\n<p>Revisa si els nostres codis s\u00f3n aplicables a tots els productes, a algunes categories o si exceptuen algun article. El seu \u00fas \u00e9s d&#8217; una vegada per client i comanda. No s&#8217; aplicar\u00e0 el descompte si no s&#8217; introdueix el codi en realitzar la comanda  <\/p>\n\t\t\n<style>\n#text-2579318168 {\n  text-align: center;\n}\n<\/style>\n\t<\/div>\n\t\n\t\t<\/div>\n\t\t\t\t\t<\/div>\n\n\t\n<\/div>\n","protected":false},"excerpt":{"rendered":"","protected":false},"author":1,"featured_media":0,"parent":0,"menu_order":0,"comment_status":"closed","ping_status":"closed","template":"","meta":{"footnotes":""},"class_list":["post-13260","page","type-page","status-publish","hentry"],"_links":{"self":[{"href":"https:\/\/i-moments.com\/ca\/wp-json\/wp\/v2\/pages\/13260","targetHints":{"allow":["GET"]}}],"collection":[{"href":"https:\/\/i-moments.com\/ca\/wp-json\/wp\/v2\/pages"}],"about":[{"href":"https:\/\/i-moments.com\/ca\/wp-json\/wp\/v2\/types\/page"}],"author":[{"embeddable":true,"href":"https:\/\/i-moments.com\/ca\/wp-json\/wp\/v2\/users\/1"}],"replies":[{"embeddable":true,"href":"https:\/\/i-moments.com\/ca\/wp-json\/wp\/v2\/comments?post=13260"}],"version-history":[{"count":10,"href":"https:\/\/i-moments.com\/ca\/wp-json\/wp\/v2\/pages\/13260\/revisions"}],"predecessor-version":[{"id":26169,"href":"https:\/\/i-moments.com\/ca\/wp-json\/wp\/v2\/pages\/13260\/revisions\/26169"}],"wp:attachment":[{"href":"https:\/\/i-moments.com\/ca\/wp-json\/wp\/v2\/media?parent=13260"}],"curies":[{"name":"wp","href":"https:\/\/api.w.org\/{rel}","templated":true}]}}