{"id":13297,"date":"2021-11-18T12:09:30","date_gmt":"2021-11-18T11:09:30","guid":{"rendered":"https:\/\/i-moments.com\/?page_id=13297"},"modified":"2025-03-05T07:55:23","modified_gmt":"2025-03-05T06:55:23","slug":"quieres-ser-distribuidor","status":"publish","type":"page","link":"https:\/\/i-moments.com\/ca\/quieres-ser-distribuidor\/","title":{"rendered":"Converteix-te en distribu\u00efdor i-moments"},"content":{"rendered":"\n\t<section class=\"section\" id=\"section_1020357909\">\n\t\t<div class=\"section-bg fill\" >\n\t\t\t<img decoding=\"async\" width=\"1080\" height=\"550\" src=\"https:\/\/i-moments.com\/content\/files\/2025\/01\/distribuidor_i-moments.jpg\" class=\"bg attachment- size-\" alt=\"|\" title=\"|\">\t\t\t\t\t\t<div class=\"section-bg-overlay absolute fill\"><\/div>\n\t\t\t\n\n\t\t<\/div>\n\n\t\t\n\n\t\t<div class=\"section-content relative\">\n\t\t\t\n<div class=\"row\" style=\"max-width:1200px\" id=\"row-1082803958\">\n\n\t<div id=\"col-1753012083\" class=\"col medium-5 small-12 large-5\"  >\n\t\t\t\t<div class=\"col-inner\"  >\n\t\t\t\n\t\t\t\n\t<div id=\"gap-1590622673\" class=\"gap-element clearfix\" style=\"display:block; height:auto;\">\n\t\t\n<style>\n#gap-1590622673 {\n  padding-top: 0px;\n}\n@media (min-width:850px) {\n  #gap-1590622673 {\n    padding-top: 30px;\n  }\n}\n<\/style>\n\t<\/div>\n\t\n\t\t<\/div>\n\t\t\t\t\t<\/div>\n\n\t\n\n\t<div id=\"col-2053215069\" class=\"col medium-12 small-12 large-12\"  >\n\t\t\t\t<div class=\"col-inner\"  >\n\t\t\t\n\t\t\t\n\t<div id=\"text-70065323\" class=\"text\">\n\t\t\n<h1>Vols ser distribu\u00efdor<\/h1>\n<h1>i-moments?<\/h1>\n\t\t\n<style>\n#text-70065323 {\n  font-size: 2.5rem;\n  color: rgb(255,255,255);\n}\n#text-70065323 > * {\n  color: rgb(255,255,255);\n}\n@media (min-width:550px) {\n  #text-70065323 {\n    font-size: 3rem;\n  }\n}\n<\/style>\n\t<\/div>\n\t\n\t<div id=\"gap-515103208\" class=\"gap-element clearfix\" style=\"display:block; height:auto;\">\n\t\t\n<style>\n#gap-515103208 {\n  padding-top: 30px;\n}\n<\/style>\n\t<\/div>\n\t\n\t\t<\/div>\n\t\t\t\t\n<style>\n#col-2053215069 > .col-inner {\n  padding: 0px 0px 0px 0;\n}\n@media (min-width:550px) {\n  #col-2053215069 > .col-inner {\n    padding: 0px 0px 0px 30px;\n  }\n}\n<\/style>\n\t<\/div>\n\n\t\n<\/div>\n\t\t<\/div>\n\n\t\t\n<style>\n#section_1020357909 {\n  padding-top: 30px;\n  padding-bottom: 30px;\n  min-height: 300px;\n}\n#section_1020357909 .section-bg-overlay {\n  background-color: rgba(0,0,0,.5);\n}\n#section_1020357909 .section-bg img {\n  object-position: 65% 100%;\n}\n@media (min-width:550px) {\n  #section_1020357909 {\n    min-height: 450px;\n  }\n}\n@media (min-width:850px) {\n  #section_1020357909 {\n    min-height: 400px;\n  }\n}\n<\/style>\n\t<\/section>\n\t\n<div class=\"row\" style=\"max-width:1200px\" id=\"row-325971969\">\n\n\t<div id=\"col-1874065948\" class=\"col medium-12 small-12 large-5\"  >\n\t\t\t\t<div class=\"col-inner\"  >\n\t\t\t\n\t\t\t\n\n  <div class=\"banner has-hover\" id=\"banner-1391337284\">\n          <div class=\"banner-inner fill\">\n        <div class=\"banner-bg fill\" >\n            <img decoding=\"async\" width=\"768\" height=\"960\" src=\"https:\/\/i-moments.com\/content\/files\/2025\/01\/sublimacion_tazas-768x960.jpg\" class=\"bg attachment-medium_large size-medium_large\" alt=\"|\" title=\"|\">                                    \n                    <\/div>\n\t\t\n\t<div class=\"ux-shape-divider ux-shape-divider--bottom ux-shape-divider--style-waves-opacity-2\">\n\t\t<svg viewBox=\"0 0 1000 300\" xmlns=\"http:\/\/www.w3.org\/2000\/svg\" preserveAspectRatio=\"none\">\n  <path class=\"ux-shape-fill\" opacity=\"0.15\" d=\"M0 299L-2 19.9998C153 -16.0002 308 155 413 184C515.64 212.35 562 152 645 153C725 154 787 206 874 233C939.54 253.34 975 248 1000 244.61V299H0Z\"\/>\n  <path class=\"ux-shape-fill\" opacity=\"0.3\" d=\"M0 300L-2 34C155 -9.00003 300 178 403 212C504.11 245.38 562 165 645 166C725 167 790.09 220.07 874 253C939.21 278.59 978.07 269.72 1000 263.61V300H0Z\"\/>\n  <path class=\"ux-shape-fill\" d=\"M0 300L-1 69.7099C216 56.9999 299.47 198.86 403 226C506 253 577 196 660 197C740 198 790.09 234.07 874 267C935.23 291 982 282.61 1000 277.61V300H0Z\"\/>\n<\/svg>\n\t<\/div>\n        <div class=\"banner-layers container\">\n            <div class=\"fill banner-link\"><\/div>            \n        <\/div>\n      <\/div>\n\n            \n<style>\n#banner-1391337284 {\n  padding-top: 300px;\n  background-color: rgb(255, 255, 255);\n}\n#banner-1391337284 .banner-bg img {\n  object-position: 50% 56%;\n}\n#banner-1391337284 .ux-shape-divider--bottom svg {\n  height: 150px;\n  --divider-width: 100%;\n}\n@media (min-width:550px) {\n  #banner-1391337284 {\n    padding-top: 500px;\n  }\n}\n@media (min-width:850px) {\n  #banner-1391337284 {\n    padding-top: 500px;\n  }\n}\n<\/style>\n  <\/div>\n\n\n\t<div id=\"gap-1630688424\" class=\"gap-element clearfix\" style=\"display:block; height:auto;\">\n\t\t\n<style>\n#gap-1630688424 {\n  padding-top: 0px;\n}\n@media (min-width:850px) {\n  #gap-1630688424 {\n    padding-top: 50px;\n  }\n}\n<\/style>\n\t<\/div>\n\t\n\t\t<\/div>\n\t\t\t\t\n<style>\n#col-1874065948 > .col-inner {\n  margin: -100px 0px 0px 0px;\n}\n@media (min-width:550px) {\n  #col-1874065948 > .col-inner {\n    margin: -150px 0px 0px 0px;\n  }\n}\n@media (min-width:850px) {\n  #col-1874065948 > .col-inner {\n    margin: -150px 0px 0px 0px;\n  }\n}\n<\/style>\n\t<\/div>\n\n\t\n\n\t<div id=\"col-1628711636\" class=\"col medium-11 small-12 large-7\"  >\n\t\t\t\t<div class=\"col-inner\"  >\n\t\t\t\n\t\t\t\n\t<div id=\"gap-338308686\" class=\"gap-element clearfix\" style=\"display:block; height:auto;\">\n\t\t\n<style>\n#gap-338308686 {\n  padding-top: 30px;\n}\n<\/style>\n\t<\/div>\n\t\n<h3><strong>CREIX AL COSTAT DE M\u00c9S DE 1800 PROFESSIONALS<\/strong><\/h3>\n<p>S\u00f3n molts els professionals que ja han decidit confiar en nosaltres. Comptem amb botigues i punts de recollida a tot Espanya. Com a distribu\u00efdor i-moments, ser\u00e0s part d&#8217;una xarxa s\u00f2lida que informa, divulga i connecta amb milers de clients interessats en productes personalitzats.  <\/p>\n<a href=\"https:\/\/i-moments.com\/ca\/contacte\/\" class=\"button primary\" >\n\t\t<span>Vull ser distribu\u00efdor i-moments<\/span>\n\t<\/a>\n\n\t\t<\/div>\n\t\t\t\t\n<style>\n#col-1628711636 > .col-inner {\n  padding: 0px 0px 0px 0;\n}\n@media (min-width:550px) {\n  #col-1628711636 > .col-inner {\n    padding: 0px 0px 0px 30px;\n  }\n}\n<\/style>\n\t<\/div>\n\n\t\n\n\t<div id=\"col-299731929\" class=\"col medium-11 small-12 large-7\"  >\n\t\t\t\t<div class=\"col-inner\"  >\n\t\t\t\n\t\t\t\n\t<div id=\"gap-1620265724\" class=\"gap-element clearfix\" style=\"display:block; height:auto;\">\n\t\t\n<style>\n#gap-1620265724 {\n  padding-top: 30px;\n}\n<\/style>\n\t<\/div>\n\t\n<a class=\"button secondary is-underline\" >\n\t\t<span>Read the full story<\/span>\n\t<\/a>\n\n\t\t<\/div>\n\t\t\t\t\n<style>\n#col-299731929 > .col-inner {\n  padding: 0px 0px 0px 0;\n}\n@media (min-width:550px) {\n  #col-299731929 > .col-inner {\n    padding: 0px 0px 0px 30px;\n  }\n}\n<\/style>\n\t<\/div>\n\n\t\n<\/div>\n\n\t<section class=\"section\" id=\"section_1491937784\">\n\t\t<div class=\"section-bg fill\" >\n\t\t\t\t\t\t\t\t\t\n\t\t\t\n\n\t\t<\/div>\n\n\t\t\n\n\t\t<div class=\"section-content relative\">\n\t\t\t\n<div class=\"row\" style=\"max-width:1200px\" id=\"row-640566672\">\n\n\t<div id=\"col-1980988995\" class=\"col small-12 large-12\"  >\n\t\t\t\t<div class=\"col-inner\"  >\n\t\t\t\n\t\t\t\n\n  <div class=\"banner has-hover\" id=\"banner-1437559883\">\n          <div class=\"banner-inner fill\">\n        <div class=\"banner-bg fill\" >\n            <img decoding=\"async\" width=\"1020\" height=\"535\" src=\"https:\/\/i-moments.com\/content\/files\/2025\/02\/BANNER-LIENZO.jpg\" class=\"bg attachment-large size-large\" alt=\"|\" title=\"|\">                                    \n                    <\/div>\n\t\t\n        <div class=\"banner-layers container\">\n            <div class=\"fill banner-link\"><\/div>            \n        <\/div>\n      <\/div>\n\n            \n<style>\n#banner-1437559883 {\n  padding-top: 200px;\n  background-color: rgb(255, 255, 255);\n}\n#banner-1437559883 .banner-bg img {\n  object-position: 97% 74%;\n}\n@media (min-width:550px) {\n  #banner-1437559883 {\n    padding-top: 350px;\n  }\n}\n@media (min-width:850px) {\n  #banner-1437559883 {\n    padding-top: 626px;\n  }\n}\n<\/style>\n  <\/div>\n\n\n\t\t<\/div>\n\t\t\t\t\n<style>\n#col-1980988995 > .col-inner {\n  margin: -120px 0px 0px 0px;\n}\n<\/style>\n\t<\/div>\n\n\t\n<\/div>\n<div class=\"row align-center\" style=\"max-width:1200px\" id=\"row-1748616156\">\n\n\t<div id=\"col-627602226\" class=\"col medium-10 small-12 large-9\"  >\n\t\t\t\t<div class=\"col-inner\"  >\n\t\t\t\n\t\t\t\n\t<div id=\"gap-602343643\" class=\"gap-element clearfix\" style=\"display:block; height:auto;\">\n\t\t\n<style>\n#gap-602343643 {\n  padding-top: 30px;\n}\n<\/style>\n\t<\/div>\n\t\n\t<div id=\"text-1375852901\" class=\"text\">\n\t\t\n<h2>Un cat\u00e0leg exclusiu per sorprendre els teus clients:<\/h2>\n\t\t\n<style>\n#text-1375852901 {\n  font-size: 1.75rem;\n  text-align: center;\n}\n<\/style>\n\t<\/div>\n\t\n\t<div id=\"gap-1530445830\" class=\"gap-element clearfix\" style=\"display:block; height:auto;\">\n\t\t\n<style>\n#gap-1530445830 {\n  padding-top: 10px;\n}\n<\/style>\n\t<\/div>\n\t\n\t<div id=\"text-1379693414\" class=\"text\">\n\t\t\n<p>Com a distribu\u00efdor i-moments tindr\u00e0s acc\u00e9s a m\u00e9s de 1.000 idees per regalar. Llen\u00e7os personalitzats, \u00e0lbums de fotos personalitzats, samarretes personalitzades, dessuadores personalitzades, puzles personalitzats, cer\u00e0miques personalitzades, coixins personalitzats, calendaris personalitzats, imants personalitzats&#8230; i molt m\u00e9s. Tots els distribu\u00efdors i-moments poden gaudir, a m\u00e9s, de dissenys exclusius i de producci\u00f3 pr\u00f2pia. Els teus clients trobaran just el que necessiten per als seus regals m\u00e9s especials: dissenys i productes per regalar en el dia del pare, productes personalitzats per al dia de la mare, nadales&#8230;   <\/p>\n\t\t\n<style>\n#text-1379693414 {\n  text-align: center;\n}\n<\/style>\n\t<\/div>\n\t\n\t\t<\/div>\n\t\t\t\t\t<\/div>\n\n\t\n<\/div>\n\t\t<\/div>\n\n\t\t\n<style>\n#section_1491937784 {\n  padding-top: 30px;\n  padding-bottom: 30px;\n}\n<\/style>\n\t<\/section>\n\t\n\n\t<section class=\"section\" id=\"section_221682517\">\n\t\t<div class=\"section-bg fill\" >\n\t\t\t\t\t\t\t\t\t\n\t\t\t\n\n\t\t<\/div>\n\n\t\t\n\n\t\t<div class=\"section-content relative\">\n\t\t\t\n\t<div id=\"gap-1980371650\" class=\"gap-element clearfix\" style=\"display:block; height:auto;\">\n\t\t\n<style>\n#gap-1980371650 {\n  padding-top: 30px;\n}\n<\/style>\n\t<\/div>\n\t\n<div class=\"row\"  id=\"row-819010845\">\n\n\t<div id=\"col-978902885\" class=\"col medium-12 small-12 large-8\"  >\n\t\t\t\t<div class=\"col-inner\"  >\n\t\t\t\n\t\t\t\n\n  <div class=\"banner has-hover\" id=\"banner-1712172035\">\n          <div class=\"banner-inner fill\">\n        <div class=\"banner-bg fill\" >\n            <img decoding=\"async\" width=\"1080\" height=\"550\" src=\"https:\/\/i-moments.com\/content\/files\/2025\/02\/distribuidor_i-moments.jpg\" class=\"bg attachment-original size-original\" alt=\"|\" title=\"|\">                                    \n                    <\/div>\n\t\t\n        <div class=\"banner-layers container\">\n            <div class=\"fill banner-link\"><\/div>            \n        <\/div>\n      <\/div>\n\n            \n<style>\n#banner-1712172035 {\n  padding-top: 300px;\n  background-color: rgba(255, 255, 255, 0);\n}\n@media (min-width:550px) {\n  #banner-1712172035 {\n    padding-top: 501px;\n  }\n}\n<\/style>\n  <\/div>\n\n\n\t\t<\/div>\n\t\t\t\t\t<\/div>\n\n\t\n<\/div>\n<div class=\"row align-right\"  id=\"row-861311210\">\n\n\t<div id=\"col-97506669\" class=\"col medium-12 small-12 large-6\"  >\n\t\t\t\t<div class=\"col-inner\" style=\"background-color:rgb(255, 255, 255);\" >\n\t\t\t\n\t\t\t\n\t<div id=\"text-2495854196\" class=\"text\">\n\t\t\n<h2>Benefic\u00e8ncia del tr\u00e0nsit de la nostra web:<\/h2>\n\t\t\n<style>\n#text-2495854196 {\n  font-size: 1.25rem;\n}\n<\/style>\n\t<\/div>\n\t\n<p>Amb m\u00e9s de 10 anys d&#8217;experi\u00e8ncia i 90.000 clients subscrits a la nostra newsletter, la teva botiga podr\u00e0 destacar com a punt de recollida local. Aprofita aquesta oportunitat per captar nous clients i demostrar el potencial del teu negoci. <\/p>\n\t\t<\/div>\n\t\t\t\t\n<style>\n#col-97506669 > .col-inner {\n  padding: 7% 8% 5% 8%;\n  margin: -50px 0 0px 0px;\n}\n@media (min-width:550px) {\n  #col-97506669 > .col-inner {\n    padding: 6% 8% 5% 8%;\n  }\n}\n@media (min-width:850px) {\n  #col-97506669 > .col-inner {\n    padding: 8% 8% 5% 8%;\n    margin: -290px 0px 0px 0px;\n  }\n}\n<\/style>\n\t<\/div>\n\n\t\n<\/div>\n\t\t<\/div>\n\n\t\t\n<style>\n#section_221682517 {\n  padding-top: 30px;\n  padding-bottom: 30px;\n  background-color: #34addc;\n}\n@media (min-width:550px) {\n  #section_221682517 {\n    padding-top: 50px;\n    padding-bottom: 50px;\n  }\n}\n<\/style>\n\t<\/section>\n\t\n\n\t<section class=\"section\" id=\"section_1589826848\">\n\t\t<div class=\"section-bg fill\" >\n\t\t\t\t\t\t\t\t\t\n\t\t\t\n\n\t\t<\/div>\n\n\t\t\n\n\t\t<div class=\"section-content relative\">\n\t\t\t\n<div class=\"row align-center\" style=\"max-width:1200px\" id=\"row-1327394314\">\n\n\t<div id=\"col-965058090\" class=\"col medium-9 small-12 large-9\"  >\n\t\t\t\t<div class=\"col-inner\"  >\n\t\t\t\n\t\t\t\n\t<div id=\"text-2059542874\" class=\"text\">\n\t\t\n<h2>Qu\u00e8 esperem de tu?<\/h2>\n\t\t\n<style>\n#text-2059542874 {\n  font-size: 1.75rem;\n  text-align: center;\n}\n<\/style>\n\t<\/div>\n\t\n\t<div id=\"text-1097256283\" class=\"text\">\n\t\t\n<h6><span style=\"font-size: 120%;\">Busquem professionals&#8230;<\/span><\/h6>\n\t\t\n<style>\n#text-1097256283 {\n  font-size: 1.1rem;\n  text-align: center;\n}\n<\/style>\n\t<\/div>\n\t\n\t\t<\/div>\n\t\t\t\t\t<\/div>\n\n\t\n<\/div>\n<div class=\"row row-small row-full-width align-equal align-center\"  id=\"row-1924782631\">\n\n\t<div id=\"col-1448082106\" class=\"col medium-12 small-12 large-2\"  >\n\t\t\t\t<div class=\"col-inner dark\" style=\"background-color:#f08900;\" >\n\t\t\t\n\t\t\t\n\t<div id=\"text-1010431653\" class=\"text\">\n\t\t\n<p><strong>Creatius<\/strong><br \/>\n\t\t\n<style>\n#text-1010431653 {\n  font-size: 1.3rem;\n  text-align: center;\n}\n<\/style>\n\t<\/div>\n\t\n\t\t<\/div>\n\t\t\t\t\n<style>\n#col-1448082106 > .col-inner {\n  padding: 60px 50px 40px 50px;\n}\n<\/style>\n\t<\/div>\n\n\t\n\n\t<div id=\"col-1582875540\" class=\"col medium-12 small-12 large-3\"  >\n\t\t\t\t<div class=\"col-inner dark\" style=\"background-color:#f08900;\" >\n\t\t\t\n\t\t\t\n\t<div id=\"text-2748353635\" class=\"text\">\n\t\t\n<p><strong>Entusiastes<\/strong><br \/>\n\t\t\n<style>\n#text-2748353635 {\n  font-size: 1.3rem;\n  text-align: center;\n}\n<\/style>\n\t<\/div>\n\t\n\t\t<\/div>\n\t\t\t\t\n<style>\n#col-1582875540 > .col-inner {\n  padding: 60px 50px 40px 50px;\n}\n<\/style>\n\t<\/div>\n\n\t\n\n\t<div id=\"col-845593561\" class=\"col medium-12 small-12 large-2\"  >\n\t\t\t\t<div class=\"col-inner dark\" style=\"background-color:#f08900;\" >\n\t\t\t\n\t\t\t\n\t<div id=\"text-4092864528\" class=\"text\">\n\t\t\n<p><strong>Proactius<\/strong><br \/>\n\t\t\n<style>\n#text-4092864528 {\n  font-size: 1.3rem;\n  text-align: center;\n}\n<\/style>\n\t<\/div>\n\t\n\t\t<\/div>\n\t\t\t\t\n<style>\n#col-845593561 > .col-inner {\n  padding: 60px 50px 40px 50px;\n}\n<\/style>\n\t<\/div>\n\n\t\n\n<style>\n#row-1924782631 > .col > .col-inner {\n  background-color: rgb(39, 54, 71);\n}\n<\/style>\n<\/div>\n\t<div id=\"text-2800559942\" class=\"text\">\n\t\t\n<p>Els distribu\u00efdors i-moments sempre estan disposats a donar el m\u00e0xim, senten passi\u00f3 pels productes personalitzats i el seu impacte en els clients. S\u00f3n capa\u00e7os de destacar i oferir experi\u00e8ncies \u00faniques als seus clients.<br \/>\n\t\t\n<style>\n#text-2800559942 {\n  font-size: 1rem;\n  text-align: center;\n}\n<\/style>\n\t<\/div>\n\t\n\t<div id=\"gap-1768715507\" class=\"gap-element clearfix\" style=\"display:block; height:auto;\">\n\t\t\n<style>\n#gap-1768715507 {\n  padding-top: 0;\n}\n@media (min-width:850px) {\n  #gap-1768715507 {\n    padding-top: 20px;\n  }\n}\n<\/style>\n\t<\/div>\n\t\n\t\t<\/div>\n\n\t\t\n<style>\n#section_1589826848 {\n  padding-top: 80px;\n  padding-bottom: 80px;\n  background-color: rgb(242, 238, 241);\n}\n<\/style>\n\t<\/section>\n\t\n\n\t<section class=\"section dark has-mask mask-angled\" id=\"section_60335858\">\n\t\t<div class=\"section-bg fill\" >\n\t\t\t\t\t\t\t\t\t\n\t\t\t\n\n\t\t<\/div>\n\n\t\t\n\n\t\t<div class=\"section-content relative\">\n\t\t\t\n\t<div id=\"gap-2036263114\" class=\"gap-element clearfix\" style=\"display:block; height:auto;\">\n\t\t\n<style>\n#gap-2036263114 {\n  padding-top: 30px;\n}\n<\/style>\n\t<\/div>\n\t\n<div class=\"row align-bottom\" style=\"max-width:1200px\" id=\"row-194762375\">\n\n\t<div id=\"col-247024166\" class=\"col medium-12 small-12 large-6\"  >\n\t\t\t\t<div class=\"col-inner\"  >\n\t\t\t\n\t\t\t\n\t<div id=\"text-2049172955\" class=\"text\">\n\t\t\n<h5>CONTACTA<\/h5>\n\t\t\n<style>\n#text-2049172955 {\n  font-size: 2.5rem;\n  text-align: left;\n}\n<\/style>\n\t<\/div>\n\t\n\t<div id=\"text-3380150552\" class=\"text\">\n\t\t\n<p>Si tens una botiga relacionada amb el sector foto i t&#8217;apassiona brindar el millor als teus clients, aquest \u00e9s el teu moment: Converteix-te en distribu\u00efdor i-moments \u00a1volem con\u00e8ixer-te!<br \/>\n\t\t\n<style>\n#text-3380150552 {\n  font-size: 2rem;\n}\n@media (min-width:550px) {\n  #text-3380150552 {\n    font-size: 1.2rem;\n  }\n}\n<\/style>\n\t<\/div>\n\t\n\t\t<\/div>\n\t\t\t\t\t<\/div>\n\n\t\n\n\t<div id=\"col-1583521954\" class=\"col medium-12 small-12 large-6\"  >\n\t\t\t\t<div class=\"col-inner\"  >\n\t\t\t\n\t\t\t\n<a href=\"https:\/\/i-moments.com\/ca\/contacte\/\" class=\"button secondary expand\" style=\"padding:5px 0px 5px 0px;\">\n\t\t<span>vull ser distribu\u00efdor i-moments<\/span>\n\t<\/a>\n\n\t\t<\/div>\n\t\t\t\t\n<style>\n#col-1583521954 > .col-inner {\n  padding: 0px 0px 0px 0;\n  margin: -0 0px 0px 0px;\n}\n@media (min-width:850px) {\n  #col-1583521954 > .col-inner {\n    padding: 0px 0px 0px 30px;\n    margin: -70px 0px 0px 0px;\n  }\n}\n<\/style>\n\t<\/div>\n\n\t\n<\/div>\n\t\t<\/div>\n\n\t\t\n<style>\n#section_60335858 {\n  padding-top: 30px;\n  padding-bottom: 30px;\n  background-color: rgb(52, 173, 220);\n}\n<\/style>\n\t<\/section>\n\t\n","protected":false},"excerpt":{"rendered":"","protected":false},"author":1,"featured_media":0,"parent":0,"menu_order":0,"comment_status":"closed","ping_status":"closed","template":"","meta":{"footnotes":""},"class_list":["post-13297","page","type-page","status-publish","hentry"],"_links":{"self":[{"href":"https:\/\/i-moments.com\/ca\/wp-json\/wp\/v2\/pages\/13297","targetHints":{"allow":["GET"]}}],"collection":[{"href":"https:\/\/i-moments.com\/ca\/wp-json\/wp\/v2\/pages"}],"about":[{"href":"https:\/\/i-moments.com\/ca\/wp-json\/wp\/v2\/types\/page"}],"author":[{"embeddable":true,"href":"https:\/\/i-moments.com\/ca\/wp-json\/wp\/v2\/users\/1"}],"replies":[{"embeddable":true,"href":"https:\/\/i-moments.com\/ca\/wp-json\/wp\/v2\/comments?post=13297"}],"version-history":[{"count":0,"href":"https:\/\/i-moments.com\/ca\/wp-json\/wp\/v2\/pages\/13297\/revisions"}],"wp:attachment":[{"href":"https:\/\/i-moments.com\/ca\/wp-json\/wp\/v2\/media?parent=13297"}],"curies":[{"name":"wp","href":"https:\/\/api.w.org\/{rel}","templated":true}]}}