{"id":13299,"date":"2021-01-25T15:50:47","date_gmt":"2021-01-25T14:50:47","guid":{"rendered":"https:\/\/i-moments.com\/botigues-i-moments\/"},"modified":"2025-09-30T14:36:52","modified_gmt":"2025-09-30T12:36:52","slug":"tiendas-i-moments","status":"publish","type":"page","link":"https:\/\/i-moments.com\/ca\/tiendas-i-moments\/","title":{"rendered":"Botigues i-moments"},"content":{"rendered":"\n\t<section class=\"section\" id=\"section_1993767170\">\n\t\t<div class=\"section-bg fill\" >\n\t\t\t\t\t\t\t\t\t\n\t\t\t\n\n\t\t<\/div>\n\n\t\t\n\n\t\t<div class=\"section-content relative\">\n\t\t\t\n\n  <div class=\"banner has-hover\" id=\"banner-1243453605\">\n          <div class=\"banner-inner fill\">\n        <div class=\"banner-bg fill\" >\n            <img decoding=\"async\" width=\"1020\" height=\"534\" src=\"https:\/\/i-moments.com\/content\/files\/2021\/11\/mapa-background-imoments.jpg\" class=\"bg attachment-large size-large\" alt=\"|\" title=\"|\">                        <div class=\"overlay\"><\/div>            \n                    <\/div>\n\t\t\n        <div class=\"banner-layers container\">\n            <div class=\"fill banner-link\"><\/div>            \n   <div id=\"text-box-173614762\" class=\"text-box banner-layer x50 md-x5 lg-x5 y50 md-y50 lg-y50 res-text\">\n                                <div class=\"text-box-content text dark\">\n              \n              <div class=\"text-inner text-left\">\n                  \n<h2 class=\"uppercase\"><span style=\"font-size: 75%;\"><br \/>\n  <span style=\"color: #ffffff;\">TROBA <\/span><br \/>\n  <span style=\"color: #ffffff;\">LA TEVA BOTIGA<\/span><br \/>\n<\/span><br \/><strong><br \/>\n  <span style=\"color: #ffffff; font-size: 100%;\" data-line-height=\"l\">I-MOMENTS<\/span><br \/>\n<\/strong><\/h2>\n<p>En i-moments, treballem amb els millors distribu\u00efdors del sector. Actualment comptem amb m\u00e9s de 1.000 botigues a Espanya. Usa la teva direcci\u00f3 per trobar la m\u00e9s propera! A les botigues de revelatge de fotos i-moments, trobar\u00e0s la millor qualitat, el millor Servei personalitzat i al millor preu. D&#8217;aquesta manera, ens assegurem que puguis fer les teves comandes amb assessorament dels millors experts.  <\/p>\n              <\/div>\n           <\/div>\n                            \n<style>\n#text-box-173614762 {\n  width: 91%;\n}\n#text-box-173614762 .text-box-content {\n  font-size: 100%;\n}\n@media (min-width:550px) {\n  #text-box-173614762 {\n    width: 60%;\n  }\n}\n@media (min-width:850px) {\n  #text-box-173614762 {\n    width: 50%;\n  }\n}\n<\/style>\n    <\/div>\n \n        <\/div>\n      <\/div>\n\n            \n<style>\n#banner-1243453605 {\n  padding-top: 400px;\n  background-color: rgb(255,255,255);\n}\n#banner-1243453605 .overlay {\n  background-color: rgba(0,0,0,.5);\n}\n#banner-1243453605 .banner-bg img {\n  object-position: 74% 48%;\n}\n@media (min-width:550px) {\n  #banner-1243453605 {\n    padding-top: 553px;\n  }\n}\n<\/style>\n  <\/div>\n\n\n\t\t<\/div>\n\n\t\t\n<style>\n#section_1993767170 {\n  padding-top: 0px;\n  padding-bottom: 0px;\n}\n<\/style>\n\t<\/section>\n\t\n\n\t<section class=\"section\" id=\"section_502235320\">\n\t\t<div class=\"section-bg fill\" >\n\t\t\t\t\t\t\t\t\t\n\t\t\t\n\n\t\t<\/div>\n\n\t\t\n\n\t\t<div class=\"section-content relative\">\n\t\t\t\n<div class=\"row\"  id=\"row-769467497\">\n\n\t<div id=\"col-1881626569\" class=\"col small-12 large-12\"  >\n\t\t\t\t<div class=\"col-inner\"  >\n\t\t\t\n\t\t\t\n\n<style type=\"text\/css\">\n  .asl-p-cont .asl-print-btn,.asl-cont .asl-print-btn {display: none !important;}  .asl-cont .onoffswitch .onoffswitch-label .onoffswitch-switch:before {content: \"OPEN\" !important;}\n  .asl-cont .onoffswitch .onoffswitch-label .onoffswitch-switch:after {content: \"ALL\" !important;}\n  @media (max-width: 767px) {\n    #asl-storelocator.asl-cont .asl-panel {order: 2;}\n  }\n<\/style>\n<div id=\"asl-storelocator\" class=\"storelocator-main asl-cont asl-template-0 asl-layout-0 asl-bg-3 full-width  asl-text-1\">\n  <div class=\"asl-wrapper\">\n    <div class=\"sl-container-fluid\">\n             \n      <div class=\"sl-row Filter_section\">\n          <div class=\"pol-lg-4 pol-md-5 pol-sm-12 search_filter\">\n              <p class=\"mb-2\">Buscar lloc<\/p>\n              <div class=\"sl-search-group d-flex\">\n                <input type=\"text\" value=\"\" data-submit=\"disable\"  tabindex=\"2\" id=\"auto-complete-search\" placeholder=\"Escriure lloc\"  class=\"asl-search-address form-control isp_ignore\">\n                <button type=\"button\" class=\"span-geo\"><i class=\"icon-search\" title=\"Buscar lloc\"><\/i><\/button>\n              <\/div>\n          <\/div>\n          <div class=\"pol-lg-8 pol-md-7 pol-sm-12\">\n            <div class=\"sl-row\">\n              <div class=\"pol-sm-12 asl-advance-filters hide\">\n                <div class=\"sl-row\">\n                                    <div class=\"pol-lg-4 pol-md-6 search_filter asl-name-search\">\n                    <div class=\"asl-filter-cntrl mb-lg-2\">\n                      <p class=\"mb-2\">Search Name<\/p>\n                      <div class=\"sl-search-group\">\n                        <input type=\"text\" tabindex=\"2\"  placeholder=\"Search Name\"  class=\"asl-search-name form-control isp_ignore\">\n                      <\/div>\n                    <\/div>\n                  <\/div>\n                                                                        <div class=\"pol-lg-4 pol-md-6 pol-sm-12 range_filter asl-ddl-filters hide\">\n                      <div class=\"rangeFilter asl-filter-cntrl\">\n                        <label class=\"asl-cntrl-lbl\">Dist\u00e0ncia<\/label>\n                        <input id=\"asl-radius-slide\" type=\"text\" class=\"span2\" \/>\n                        <span class=\"rad-unit\">Radio: <span id=\"asl-radius-input\"><\/span> <span id=\"asl-dist-unit\">KM<\/span><\/span>\n                      <\/div>\n                  <\/div>\n                  <div class=\"pol-lg-2 pol-md-3 pol-sm-12 Status_filter\">\n                      <div class=\"asl-filter-cntrl\">\n                        <label class=\"asl-cntrl-lbl\">Status<\/label>\n                        <div class=\"onoffswitch\">\n                          <input type=\"checkbox\" name=\"onoffswitch\" class=\"onoffswitch-checkbox\" id=\"asl-open-close\" checked>\n                          <label class=\"onoffswitch-label\" for=\"asl-open-close\">\n                              <span class=\"onoffswitch-inner\"><\/span>\n                              <span class=\"onoffswitch-switch\"><\/span>\n                          <\/label>\n                        <\/div>\n                      <\/div>\n                  <\/div>\n                <\/div>\n              <\/div>\n            <\/div>\n          <\/div>\n      <\/div>\n            <div class=\"sl-row\">\n        <div class=\"pol-12\">\n            <div class=\"sl-main-cont\">\n                <div class=\"sl-row no-gutters sl-main-row\">\n                    <div id=\"asl-panel\" class=\"asl-panel pol-md-5 pol-lg-4 asl_locator-panel\">\n                        <div class=\"asl-overlay\" id=\"map-loading\">\n                            <div class=\"white\"><\/div>\n                            <div class=\"sl-loading\">\n                              <i class=\"animate-sl-spin icon-spin3\"><\/i>\n                              Carregant                            <\/div>\n                        <\/div>\n                                                <!-- list -->\n                        <div class=\"asl-panel-inner\">\n                            <div class=\"top-title Num_of_store\">\n                              <span>Number Of Shops: <span class=\"count-result\">0<\/span><\/span>\n                              <a class=\"asl-print-btn\"><span>PRINT<\/span><span class=\"asl-print\"><\/span><\/a>\n                            <\/div>\n                            <div class=\"sl-main-cont-box\">\n                              <div id=\"asl-list\" class=\"sl-list-wrapper\">\n                                <ul id=\"p-statelist\" class=\"sl-list\">\n                                <\/ul>\n                              <\/div>\n                            <\/div>\n                        <\/div>\n\n                        <div class=\"directions-cont hide\">\n                            <div class=\"agile-modal-header\">\n                                <button type=\"button\" class=\"close\"><span aria-hidden=\"true\">\u00d7<\/span><\/button>\n                                <h4>Store Direction<\/h4>\n                            <\/div>\n                            <div class=\"rendered-directions\" id=\"asl-rendered-dir\" style=\"direction: ltr;\"><\/div>\n                        <\/div>\n                    <\/div>\n                    <div class=\"pol-md-7 pol-lg-8 asl-map\">\n                        <div class=\"map-image\">\n                            <div id=\"asl-map-canv\" class=\"asl-map-canv\"><\/div>\n                            <div id=\"agile-modal-direction\" class=\"agile-modal fade\">\n    <div class=\"agile-modal-backdrop-in\"><\/div>\n    <div class=\"agile-modal-dialog in\">\n        <div class=\"agile-modal-content\">\n            <div class=\"sl-form-group d-flex justify-content-between\">\n                <h4 >Rebre indicacions<\/h4>\n                <button type=\"button\" class=\"close-directions sl-close\" data-dismiss=\"agile-modal\" aria-label=\"Close\">&times;<\/button>\n            <\/div>\n            <div class=\"sl-form-group\">\n                <label for=\"frm-lbl\">De:<\/label>\n                <input type=\"text\" class=\"form-control frm-place\" id=\"frm-lbl\" placeholder=\"Escriure lloc\">\n            <\/div>\n            <div class=\"sl-form-group\">\n                <label for=\"to-lbl\">a:<\/label>\n                <input readonly=\"true\" type=\"text\"  class=\"directions-to form-control\" id=\"to-lbl\" placeholder=\"Prepopulated Destination Address\">\n            <\/div>\n            <div class=\"sl-form-group mb-0\">\n                <label for=\"rbtn-km\" class=\"checkbox-inline\">\n                    <input type=\"radio\" name=\"dist-type\"  id=\"rbtn-km\" value=\"0\"> Km                <\/label>\n                <label for=\"rbtn-mile\" class=\"checkbox-inline\">\n                    <input type=\"radio\" name=\"dist-type\" checked id=\"rbtn-mile\" value=\"1\"> Miles                <\/label>\n            <\/div>\n            <div class=\"sl-form-group mb-0\">\n                <button type=\"submit\" class=\"btn btn-default btn-submit\">Rebre indicacions<\/button>\n            <\/div>\n        <\/div>\n    <\/div>\n<\/div>\n\n<div id=\"asl-geolocation-agile-modal\" class=\"agile-modal fade\">\n  <div class=\"agile-modal-backdrop-in\"><\/div>\n  <div class=\"agile-modal-dialog in\">\n    <div class=\"agile-modal-content\">\n            <div class=\"sl-form-group d-flex justify-content-between\">\n        <h5>Usar la meua ubicaci\u00f3 per trobar el servei m\u00e9s pr\u00f2xim a mi<\/h5>\n        <button type=\"button\" class=\"close-directions sl-close\" data-dismiss=\"agile-modal\" aria-label=\"Close\">&times;<\/button>\n      <\/div>\n      <div class=\"sl-form-group text-center mb-0\">\n        <button type=\"button\" id=\"asl-btn-geolocation\" class=\"btn btn-block btn-default\">Usar la meua ubicaci\u00f3 <\/button>\n      <\/div>\n          <\/div>\n  <\/div>\n<\/div>\n\n<div id=\"asl-desc-agile-modal\" class=\"agile-modal fade\">\n  <div class=\"agile-modal-backdrop-in\"><\/div>\n  <div class=\"agile-modal-dialog in\">\n    <div class=\"agile-modal-content\">\n      <div class=\"sl-row\">\n        <div class=\"pol-md-12\">\n          <div class=\"sl-form-group d-flex justify-content-between\">\n            <h4 class=\"sl-title\">Description<\/h4>\n            <button type=\"button\" class=\"close-directions sl-close\" data-dismiss=\"agile-modal\" aria-label=\"Close\">&times;<\/button>\n          <\/div>\n          <div class=\"sl-desc\"><\/div>\n        <\/div>\n      <\/div>\n    <\/div>\n  <\/div>\n<\/div>                        <\/div>\n                    <\/div>\n                <\/div>\n            <\/div>\n        <\/div>\n      <\/div>\n    <\/div>\n  <\/div>\n<\/div>\n<!-- This plugin is developed by \"Agile Store Locator for WordPress\" https:\/\/agilestorelocator.com -->\n\n\t\t<\/div>\n\t\t\t\t\n<style>\n#col-1881626569 > .col-inner {\n  padding: 15px 0px 0px 0px;\n}\n<\/style>\n\t<\/div>\n\n\t\n<\/div>\n\t\t<\/div>\n\n\t\t\n<style>\n#section_502235320 {\n  padding-top: 0px;\n  padding-bottom: 0px;\n}\n<\/style>\n\t<\/section>\n\t\n","protected":false},"excerpt":{"rendered":"","protected":false},"author":1,"featured_media":0,"parent":0,"menu_order":0,"comment_status":"closed","ping_status":"closed","template":"page-blank.php","meta":{"footnotes":""},"class_list":["post-13299","page","type-page","status-publish","hentry"],"_links":{"self":[{"href":"https:\/\/i-moments.com\/ca\/wp-json\/wp\/v2\/pages\/13299","targetHints":{"allow":["GET"]}}],"collection":[{"href":"https:\/\/i-moments.com\/ca\/wp-json\/wp\/v2\/pages"}],"about":[{"href":"https:\/\/i-moments.com\/ca\/wp-json\/wp\/v2\/types\/page"}],"author":[{"embeddable":true,"href":"https:\/\/i-moments.com\/ca\/wp-json\/wp\/v2\/users\/1"}],"replies":[{"embeddable":true,"href":"https:\/\/i-moments.com\/ca\/wp-json\/wp\/v2\/comments?post=13299"}],"version-history":[{"count":4,"href":"https:\/\/i-moments.com\/ca\/wp-json\/wp\/v2\/pages\/13299\/revisions"}],"predecessor-version":[{"id":22347,"href":"https:\/\/i-moments.com\/ca\/wp-json\/wp\/v2\/pages\/13299\/revisions\/22347"}],"wp:attachment":[{"href":"https:\/\/i-moments.com\/ca\/wp-json\/wp\/v2\/media?parent=13299"}],"curies":[{"name":"wp","href":"https:\/\/api.w.org\/{rel}","templated":true}]}}