{"id":13312,"date":"2021-01-25T14:44:34","date_gmt":"2021-01-25T13:44:34","guid":{"rendered":"https:\/\/i-moments.com\/devolucions\/"},"modified":"2023-08-07T16:35:44","modified_gmt":"2023-08-07T14:35:44","slug":"devolucions","status":"publish","type":"page","link":"https:\/\/i-moments.com\/ca\/devolucions\/","title":{"rendered":"Devolucions"},"content":{"rendered":"\n<h3>Devolucions<\/h3>\n<p><strong>GARANTIA I RECLAMACIONS<br><\/strong>Tots els productes oferts a trav\u00e9s del lloc web s\u00f3n originals, personalitzats i nous. No obstant aix\u00f2, i en base al que disposa la Llei 23\/2003, de 10 de juliol, de Garanties en la Venda de B\u00e9ns de Consum, es presumir\u00e0 que tots els defectes o faltes de conformitat amb l&#8217;oferta que es manifestin dins dels 2 primers mesos, es deuen a errors de fabricaci\u00f3, fent-se responsable en tal cas la marca en q\u00fcesti\u00f3 del producte.  <br>Per a errors, fallades o defici\u00e8ncies a partir de l&#8217; esmentada data, ser\u00e0 c\u00e0rrega del CLIENT demostrar que es tracta d&#8217; errors de fabricaci\u00f3 i no pel seu \u00fas.<br>A tots els efectes s&#8217; entendr\u00e0 realitzat el lliurament del producte en el moment que aparegui la signatura del CLIENT, o persona amb ell relacionada, en el document de lliurament del producte.  <br>Si per qualsevol motiu no queda satisfet amb el seu producte, el CLIENT disposa d&#8217; un termini de <strong>2 mesos<\/strong>, a comptar des de la data de lliurament del producte, per retornar-lo. Abans de realitzar aquesta devoluci\u00f3, el CLIENT haur\u00e0 de posar-se en contacte amb l&#8217; empresa en el termini indicat, a trav\u00e9s de correu electr\u00f2nic, tel\u00e8fon o fax, moment en el qual se li indicar\u00e0 el proc\u00e9s de devoluci\u00f3 que ser\u00e0 gratu\u00eft per al CLIENT sempre que es dugui a terme conforme a les indicacions facilitades. Qualsevol devoluci\u00f3 sense aquesta pr\u00e8via comunicaci\u00f3 no ser\u00e0 acceptada per l&#8217; empresa.  <br>El CLIENT haur\u00e0 de realitzar un correcte empaquetat que asseguri el seu transport sense danys. Una vegada rebut i comprovat pel nostre personal que el producte est\u00e0 en el mateix estat en qu\u00e8 va ser enviat, es procedir\u00e0 al reintegrament del seu import conforme a la modalitat de pagament utilitzada pel client. Per a qualsevol aclariment sobre les presents condicions generals o per realitzar qualsevol reclamaci\u00f3 relativa a la seva compra, el CLIENT t\u00e9 a la seva disposici\u00f3 la seg\u00fcent adre\u00e7a:  <br><br>AP PHOTO INDUSTRIES, S.L. Ronda Industria, 48 Barber\u00e0 del Vall\u00e8s 08210, Barcelona. Tel\u00e8fon d&#8217; atenci\u00f3 al client: 937 293 326. Correu electr\u00f2nic: <a href=\"mailto:info@i-moments.com\">info@i-moments.com<br><\/a>S&#8217; informa al CLIENT que t\u00e9 a la seva disposici\u00f3 la plataforma de resoluci\u00f3 de litigis en l\u00ednia https:\/\/ec.europa.eu\/consumers\/odr\/main\/index.cfm?event=main.home.show&amp;lng=ES.<\/p>\n<p><br><strong>EXCEPCIONS AL DRET DE DESISTIMENT<br><br><\/strong>i-moments proveeix els seus Clients, de productes  <strong>totalment personalitzats<\/strong>, \u00e9s a dir, fabricats conforme a les especificacions del Client, amb les seves fotos, textos, etc. pel que  <strong>No hi ha dret legal de desistiment del producte<\/strong>D&#8217; acord amb el que estableix la legislaci\u00f3 vigent per a aquest tipus de productes.<br>Per tant, en el moment de realitzar el seu enc\u00e0rrec, asseguri&#8217;s que el producte que ha de sol\u00b7licitar \u00e9s d&#8217;acord amb les seves necessitats i que no cont\u00e9 errors o fallades (de composici\u00f3, d&#8217;ortografia, de manca de resoluci\u00f3 de les imatges, etc.), ja que un cop enviat i pagat la comanda,  <strong>no \u00e9s possible cancel\u00b7lar-lo ni realitzar-hi cap modificaci\u00f3<\/strong>.<\/p>\n\n","protected":false},"excerpt":{"rendered":"","protected":false},"author":1,"featured_media":0,"parent":0,"menu_order":0,"comment_status":"closed","ping_status":"closed","template":"","meta":{"footnotes":""},"class_list":["post-13312","page","type-page","status-publish","hentry"],"_links":{"self":[{"href":"https:\/\/i-moments.com\/ca\/wp-json\/wp\/v2\/pages\/13312","targetHints":{"allow":["GET"]}}],"collection":[{"href":"https:\/\/i-moments.com\/ca\/wp-json\/wp\/v2\/pages"}],"about":[{"href":"https:\/\/i-moments.com\/ca\/wp-json\/wp\/v2\/types\/page"}],"author":[{"embeddable":true,"href":"https:\/\/i-moments.com\/ca\/wp-json\/wp\/v2\/users\/1"}],"replies":[{"embeddable":true,"href":"https:\/\/i-moments.com\/ca\/wp-json\/wp\/v2\/comments?post=13312"}],"version-history":[{"count":0,"href":"https:\/\/i-moments.com\/ca\/wp-json\/wp\/v2\/pages\/13312\/revisions"}],"wp:attachment":[{"href":"https:\/\/i-moments.com\/ca\/wp-json\/wp\/v2\/media?parent=13312"}],"curies":[{"name":"wp","href":"https:\/\/api.w.org\/{rel}","templated":true}]}}