{"id":14005,"date":"2021-01-25T14:40:08","date_gmt":"2021-01-25T13:40:08","guid":{"rendered":"https:\/\/i-moments.com\/mitjans-de-pagament\/"},"modified":"2023-08-10T09:39:03","modified_gmt":"2023-08-10T07:39:03","slug":"mitjans-de-pagament","status":"publish","type":"page","link":"https:\/\/i-moments.com\/ca\/mitjans-de-pagament\/","title":{"rendered":"Mitjans de pagament"},"content":{"rendered":"\n<h3>Formes de pagament admeses<\/h3>\n<p><strong><br><\/strong>Les comandes poden ser abonades de la manera seg\u00fcent:<\/p>\n<div class=\"row\"  id=\"row-1676892970\">\n\n\n\t<div id=\"col-1323331608\" class=\"col medium-4 small-12 large-4\"  >\n\t\t\t\t<div class=\"col-inner\"  >\n\t\t\t\n\t\t\t\n\n\t<div id=\"text-238252741\" class=\"text\">\n\t\t\n\n<h2>Targeta de cr\u00e8dit<\/h2>\n\t\t\n<style>\n#text-238252741 {\n  line-height: 1,7;\n  text-align: left;\n}\n<\/style>\n\t<\/div>\n\t\n\n\t\t<\/div>\n\t\t\t\t\t<\/div>\n\n\t\n\n\t<div id=\"col-1968035612\" class=\"col medium-8 small-12 large-8\"  >\n\t\t\t\t<div class=\"col-inner\"  >\n\t\t\t\n\t\t\t\n\nAquesta forma de pagament requereix que el CLIENT introdueixi les seves dades banc\u00e0ries, tal com li sigui requerit per la pr\u00f2pia p\u00e0gina. Una vegada en aquest punt, es troba en una passarel\u00b7la de pagament segur, certificada per VISA, en la qual haur\u00e0 d&#8217;indicar si desitja pagar mitjan\u00e7ant targeta de cr\u00e8dit American Express, MasterCard o VISA. L&#8217;\u00fas d&#8217;una passarel\u00b7la de pagament segura garanteix que totes les dades que el CLIENT faciliti viatgin de forma xifrada i segura, i que en cap moment la Societat hi tingui acc\u00e9s.\n\n\t\t<\/div>\n\t\t\t\t\t<\/div>\n\n\t\n\n<\/div>\n<div class=\"row\"  id=\"row-516291055\">\n\n\n\t<div id=\"col-1661929424\" class=\"col medium-4 small-12 large-4\"  >\n\t\t\t\t<div class=\"col-inner\"  >\n\t\t\t\n\t\t\t\n\n\t<div id=\"text-86004241\" class=\"text\">\n\t\t\n\n<h2>PayPal<\/h2>\n\t\t\n<style>\n#text-86004241 {\n  line-height: 1,7;\n  text-align: left;\n}\n<\/style>\n\t<\/div>\n\t\n\n\t\t<\/div>\n\t\t\t\t\t<\/div>\n\n\t\n\n\t<div id=\"col-915424691\" class=\"col medium-8 small-12 large-8\"  >\n\t\t\t\t<div class=\"col-inner\"  >\n\t\t\t\n\t\t\t\n\n<p>Aquesta forma de pagament requereix que el CLIENT, tingui un compte amb la plataforma PayPal, aquesta forma de pagament, t\u00e9 un rec\u00e0rrec de 2.48\u20ac (impostos inclosos).<\/p>\n\n\t\t<\/div>\n\t\t\t\t\t<\/div>\n\n\t\n\n<\/div>\n<div class=\"row\"  id=\"row-818383758\">\n\n\n\t<div id=\"col-2124058187\" class=\"col medium-4 small-12 large-4\"  >\n\t\t\t\t<div class=\"col-inner\"  >\n\t\t\t\n\t\t\t\n\n\t<div id=\"text-1810239077\" class=\"text\">\n\t\t\n\n<h2>Pagament amb cr\u00e8dit del comer\u00e7<\/h2>\n\t\t\n<style>\n#text-1810239077 {\n  line-height: 1,7;\n  text-align: left;\n}\n<\/style>\n\t<\/div>\n\t\n\n\t\t<\/div>\n\t\t\t\t\t<\/div>\n\n\t\n\n\t<div id=\"col-1622960683\" class=\"col medium-8 small-12 large-8\"  >\n\t\t\t\t<div class=\"col-inner\"  >\n\t\t\t\n\t\t\t\n\n<p>Aquesta forma de pagament nom\u00e9s \u00e9s v\u00e0lida per a professionals i distribu\u00efdors d&#8217;i-moments, amb compte obert a AP Photo Industries.<\/p>\n\n\t\t<\/div>\n\t\t\t\t\t<\/div>\n\n\t\n\n<\/div>\n\n","protected":false},"excerpt":{"rendered":"","protected":false},"author":1,"featured_media":0,"parent":0,"menu_order":0,"comment_status":"closed","ping_status":"closed","template":"","meta":{"footnotes":""},"class_list":["post-14005","page","type-page","status-publish","hentry"],"_links":{"self":[{"href":"https:\/\/i-moments.com\/ca\/wp-json\/wp\/v2\/pages\/14005","targetHints":{"allow":["GET"]}}],"collection":[{"href":"https:\/\/i-moments.com\/ca\/wp-json\/wp\/v2\/pages"}],"about":[{"href":"https:\/\/i-moments.com\/ca\/wp-json\/wp\/v2\/types\/page"}],"author":[{"embeddable":true,"href":"https:\/\/i-moments.com\/ca\/wp-json\/wp\/v2\/users\/1"}],"replies":[{"embeddable":true,"href":"https:\/\/i-moments.com\/ca\/wp-json\/wp\/v2\/comments?post=14005"}],"version-history":[{"count":0,"href":"https:\/\/i-moments.com\/ca\/wp-json\/wp\/v2\/pages\/14005\/revisions"}],"wp:attachment":[{"href":"https:\/\/i-moments.com\/ca\/wp-json\/wp\/v2\/media?parent=14005"}],"curies":[{"name":"wp","href":"https:\/\/api.w.org\/{rel}","templated":true}]}}