{"id":14685,"date":"2021-01-14T14:47:49","date_gmt":"2021-01-14T13:47:49","guid":{"rendered":"https:\/\/i-moments.com\/faqs\/"},"modified":"2025-12-12T13:16:18","modified_gmt":"2025-12-12T12:16:18","slug":"faqs","status":"publish","type":"page","link":"https:\/\/i-moments.com\/ca\/faqs\/","title":{"rendered":"FAQs"},"content":{"rendered":"<div class=\"container section-title-container\" ><h3 class=\"section-title section-title-normal\"><b aria-hidden=\"true\"><\/b><span class=\"section-title-main\" >Preguntes freq\u00fcents:<\/span><b aria-hidden=\"true\"><\/b><\/h3><\/div>\n<div class=\"accordion\">\n\t<div id=\"accordion-2648196714\" class=\"accordion-item\">\n\t\t<a id=\"accordion-2648196714-label\" class=\"accordion-title plain\" href=\"#accordion-item-com-contacte-amb-i-moments?\" aria-expanded=\"false\" aria-controls=\"accordion-2648196714-content\">\n\t\t\t<button class=\"toggle\" aria-label=\"Toggle\"><i class=\"icon-angle-down\" aria-hidden=\"true\"><\/i><\/button>\n\t\t\t<span>Com contacte amb i-moments?<\/span>\n\t\t<\/a>\n\t\t<div id=\"accordion-2648196714-content\" class=\"accordion-inner\" aria-labelledby=\"accordion-2648196714-label\">\n\t\t\t\n<p>Si necessites m\u00e9s informaci\u00f3, ens pots trucar al 937 293 326 o si ho prefereixes, envia&#8217;ns un email a <a title=\"contacte\" href=\"https:\/\/i-moments.com\/ca\/contacte\/\">soporte@i-moments.com<\/a><\/p>\n\t\t<\/div>\n\t<\/div>\n\t\n\t<div id=\"accordion-2517844338\" class=\"accordion-item\">\n\t\t<a id=\"accordion-2517844338-label\" class=\"accordion-title plain\" href=\"#accordion-item-servei-express\" aria-expanded=\"false\" aria-controls=\"accordion-2517844338-content\">\n\t\t\t<button class=\"toggle\" aria-label=\"Toggle\"><i class=\"icon-angle-down\" aria-hidden=\"true\"><\/i><\/button>\n\t\t\t<span>Servei Express<\/span>\n\t\t<\/a>\n\t\t<div id=\"accordion-2517844338-content\" class=\"accordion-inner\" aria-labelledby=\"accordion-2517844338-label\">\n\t\t\t\n<p><strong>Tens molta pressa?<br \/>\n<\/strong>Amb el <strong>SERVEI EXPRESS<\/strong>, pots avan\u00e7ar el termini de lliurament de la teva comanda. La teva comanda passa a ser priorit\u00e0ria, sent els primers en les ordres de producci\u00f3 del dia. En temporades Clau de molt\u00edssimes comandes com en la campanya de Nadal, pots arribar a guanyar un o dos dies en el teu termini d&#8217;entrega, per aix\u00f2 has de tenir en compte que la teva comanda ha d&#8217;entrar abans de les 5 P.M. aix\u00ed, el seg\u00fcent dia h\u00e0bil, entrar\u00e0 en producci\u00f3. Per saber els terminis de lliurament habituals, punxa al bot\u00f3 de <em>Terminis de lliurament<\/em> en aquesta mateixa p\u00e0gina.<br \/>\nAquest Servei t\u00e9 un cost extra de 5 \u20ac<\/p>\n\t\t<\/div>\n\t<\/div>\n\t\n\t<div id=\"accordion-1624860729\" class=\"accordion-item\">\n\t\t<a id=\"accordion-1624860729-label\" class=\"accordion-title plain\" href=\"#accordion-item-terminis-de-lliurament\" aria-expanded=\"false\" aria-controls=\"accordion-1624860729-content\">\n\t\t\t<button class=\"toggle\" aria-label=\"Toggle\"><i class=\"icon-angle-down\" aria-hidden=\"true\"><\/i><\/button>\n\t\t\t<span>Terminis de lliurament<\/span>\n\t\t<\/a>\n\t\t<div id=\"accordion-1624860729-content\" class=\"accordion-inner\" aria-labelledby=\"accordion-1624860729-label\">\n\t\t\t\n<p>En i-moments sabem que el termini d&#8217;entrega \u00e9s molt important. Per aix\u00f2, hem optimitzat el nostre proc\u00e9s de producci\u00f3 per poder oferir-te els seg\u00fcents terminis:<\/p>\n<p><strong><em>Peninsula:<\/em><\/strong><\/p>\n<p>4\/5 dies laborals: Tots els productes de les fam\u00edlies Foto-Regal i Foto-Decoraci\u00f3.<br \/>\n5\/6 dies laborals: Tots els productes de les fam\u00edlies Revela, Impremta Digital, Calendaris.<br \/>\n6\/7 dies laborals: Tots els productes de les fam\u00edlies Foto-\u00c0lbum, Llibres de Fotos i revistes.<br \/>\n8\/9 dies laborals: Tots els productes de les fam\u00edlies Foto-\u00c0lbum Pro i Foto-Strip.<br \/>\n9\/10 dies laborals: Tots els productes de les fam\u00edlies Foto-Cer\u00e0mica.<\/p>\n<p><strong><em>Can\u00e0ries:<\/em><\/strong><\/p>\n<p>Per oferir un millor servei a les Illes, disposem d&#8217;un centre de producci\u00f3 a Tenerife, per\u00f2 no podem fabricar-hi, tota la gamma de productes i-moments. Per tant, els productes fabricats a les illes tenen els seg\u00fcents terminis de lliurament:<\/p>\n<p><strong>Productes Fabricats a les illes:<\/strong><br \/>\n4\/5 dies laborals: Foto-Lienzo Totes les mesures<br \/>\n4\/5 dies laborals: Light-Panell Totes les mesures<\/p>\n<p><strong>Resta de productes, es fabriquen des de la pen\u00ednsula.<\/strong><br \/>\n13\/15 dies laborals: Foto-Panell<br \/>\n13\/15 dies laborals: Foto-Rellotge<br \/>\n13\/15 dies laborals: Foto-Marc Alumini<br \/>\n13\/15 dies laborals: Categoria Revela<br \/>\n13\/15 dies laborals: Categoria Imprimeix (excepte els posters no encoixitats)<br \/>\n13\/15 dies laborals: Categoria Decora<br \/>\n13\/15 dies laborals: Categoria Regala<\/p>\n<p><em><strong>Ceuta i Melilla:<\/strong><\/em><\/p>\n<p>Servei interromput.<\/p>\n<p>____________________________<\/p>\n<p>Atenci\u00f3! Aquests terminis de lliurament poden ser avan\u00e7ats o retardats en funci\u00f3 de les c\u00e0rregues de treball i fan refer\u00e8ncia sempre als lliuraments a les botigues dels distribu\u00efdors. En lliuraments a direccions particulars es poden incrementar un dia m\u00e9s.<\/p>\n<p><strong>En les Campanyes com: El dia del Pare o de la Mare, Sant Valent\u00ed, Comunions i Noces, Nadal i Dates assenyalades, aquests terminis de lliurament poden ser incrementats.<\/strong><\/p>\n<p>Els terminis de lliurament tamb\u00e9 poden ser alterats a causa d&#8217;avaries de la nostra maquin\u00e0ria.<\/p>\n\t\t<\/div>\n\t<\/div>\n\t\n\t<div id=\"accordion-2154679417\" class=\"accordion-item\">\n\t\t<a id=\"accordion-2154679417-label\" class=\"accordion-title plain\" href=\"#accordion-item-on-pots-rebre-els-teus-productes-i-moments?\" aria-expanded=\"false\" aria-controls=\"accordion-2154679417-content\">\n\t\t\t<button class=\"toggle\" aria-label=\"Toggle\"><i class=\"icon-angle-down\" aria-hidden=\"true\"><\/i><\/button>\n\t\t\t<span>On pots rebre els teus productes i-moments?<\/span>\n\t\t<\/a>\n\t\t<div id=\"accordion-2154679417-content\" class=\"accordion-inner\" aria-labelledby=\"accordion-2154679417-label\">\n\t\t\t\n<p>Garantir-te els terminis d&#8217;entrega \u00e9s molt important per a nosaltres. Per aix\u00f2, t&#8217;aconsellem que seleccionis la recollida dels teus productes a les botigues i-moments.<\/p>\n<p>D&#8217;aquesta manera:<\/p>\n<ul>\n<li>Podr\u00e0s revisar el producte.<\/li>\n<li>Podr\u00e0s rebre ajuda i consell per a futures comandes.<\/li>\n<li>Podrem garantir-te el termini de lliurament.<\/li>\n<li>T&#8217;estalviar\u00e0s 3,50\u20ac per rec\u00e0rrec d&#8217;entrega al teu domicili.<\/li>\n<\/ul>\n<p>No obstant aix\u00f2, tamb\u00e9 podem entregar-te el producte en l&#8217;adre\u00e7a que tri\u00efs. Tingueu en compte que els transportistes sempre lliuren el producte en horaris comercials. Per aix\u00f2, has d&#8217;indicar clarament si no estar\u00e0s a l&#8217;adre\u00e7a indicada a la franja hor\u00e0ria comercial.<\/p>\n<p>Els enviaments amb adre\u00e7a de lliurament diferents a una botiga i-moments, tenen un rec\u00e0rrec de 3,50 \u20ac.<\/p>\n<p><strong><u>Nou Servei d&#8217; enviament per DHL<\/u><\/strong><br \/>\nAra tamb\u00e9, disposes del servei de Services Point de DHL, amb el qual podr\u00e0s recollir la teva comanda en <strong>qualsevol dels punts de recollida DHL de la pen\u00ednsula.<\/strong> (Servei nom\u00e9s valgut a la pen\u00ednsula).<\/p>\n\t\t<\/div>\n\t<\/div>\n\t\n\t<div id=\"accordion-3516331501\" class=\"accordion-item\">\n\t\t<a id=\"accordion-3516331501-label\" class=\"accordion-title plain\" href=\"#accordion-item-garantia-dels-productes-i-moments\" aria-expanded=\"false\" aria-controls=\"accordion-3516331501-content\">\n\t\t\t<button class=\"toggle\" aria-label=\"Toggle\"><i class=\"icon-angle-down\" aria-hidden=\"true\"><\/i><\/button>\n\t\t\t<span>Garantia dels productes i-moments<\/span>\n\t\t<\/a>\n\t\t<div id=\"accordion-3516331501-content\" class=\"accordion-inner\" aria-labelledby=\"accordion-3516331501-label\">\n\t\t\t\n<p>Tots els productes i-moments estan garantits contra qualsevol defecte de producci\u00f3.<br \/>\nPer aix\u00f2, si detectes alguna anomalia en rebre el teu producte del transportista, t&#8217;agrairem l&#8217;anotes en el full d&#8217;entrega.<\/p>\n\t\t<\/div>\n\t<\/div>\n\t\n\t<div id=\"accordion-416132654\" class=\"accordion-item\">\n\t\t<a id=\"accordion-416132654-label\" class=\"accordion-title plain\" href=\"#accordion-item-com-registrar-me-en-i-moments?\" aria-expanded=\"false\" aria-controls=\"accordion-416132654-content\">\n\t\t\t<button class=\"toggle\" aria-label=\"Toggle\"><i class=\"icon-angle-down\" aria-hidden=\"true\"><\/i><\/button>\n\t\t\t<span>Com registrar-me en i-moments?<\/span>\n\t\t<\/a>\n\t\t<div id=\"accordion-416132654-content\" class=\"accordion-inner\" aria-labelledby=\"accordion-416132654-label\">\n\t\t\t\n<div class=\"video video-fit mb\" style=\"padding-top:40%;\"><p><iframe title=\"Como registrarme en i-moments\" width=\"1020\" height=\"574\" src=\"https:\/\/www.youtube.com\/embed\/hXbiMv9aPqw?feature=oembed\" frameborder=\"0\" allow=\"accelerometer; autoplay; clipboard-write; encrypted-media; gyroscope; picture-in-picture; web-share\" referrerpolicy=\"strict-origin-when-cross-origin\" allowfullscreen><\/iframe><\/p>\n<\/div>\n<div class=\"\/*grid_1 omega*\/\"><span style=\"font-size: 14.4px;\">En aquest tutorial, Eli t&#8217;explica com realitzar el teu registre en i-moments<\/span><\/div>\n\t\t<\/div>\n\t<\/div>\n\t\n\t<div id=\"accordion-467453776\" class=\"accordion-item\">\n\t\t<a id=\"accordion-467453776-label\" class=\"accordion-title plain\" href=\"#accordion-item-com-canviar-les-meves-dades-de-registre-en-i-moments?\" aria-expanded=\"false\" aria-controls=\"accordion-467453776-content\">\n\t\t\t<button class=\"toggle\" aria-label=\"Toggle\"><i class=\"icon-angle-down\" aria-hidden=\"true\"><\/i><\/button>\n\t\t\t<span>Com canviar les meves dades de registre en i-moments?<\/span>\n\t\t<\/a>\n\t\t<div id=\"accordion-467453776-content\" class=\"accordion-inner\" aria-labelledby=\"accordion-467453776-label\">\n\t\t\t\n<div class=\"video video-fit mb\" style=\"padding-top:40%;\"><p><iframe title=\"Como cambiar Mis Datos de i-moments\" width=\"1020\" height=\"574\" src=\"https:\/\/www.youtube.com\/embed\/4AGc47FzjFI?feature=oembed\" frameborder=\"0\" allow=\"accelerometer; autoplay; clipboard-write; encrypted-media; gyroscope; picture-in-picture; web-share\" referrerpolicy=\"strict-origin-when-cross-origin\" allowfullscreen><\/iframe><\/p>\n<\/div>\n<div class=\"\/*grid_1 omega*\/\">\n<div class=\"\/*grid_1 omega*\/\"><span style=\"font-size: 14.4px;\">En aquest tutorial, Eli t&#8217;explica com canviar o modificar totes les teves dades de registre en i-moments.<\/span><\/div>\n<\/div>\n\t\t<\/div>\n\t<\/div>\n\t\n\t<div id=\"accordion-952413429\" class=\"accordion-item\">\n\t\t<a id=\"accordion-952413429-label\" class=\"accordion-title plain\" href=\"#accordion-item-com-funciona-el-programari-i-moments?\" aria-expanded=\"false\" aria-controls=\"accordion-952413429-content\">\n\t\t\t<button class=\"toggle\" aria-label=\"Toggle\"><i class=\"icon-angle-down\" aria-hidden=\"true\"><\/i><\/button>\n\t\t\t<span>Com funciona el Programari i-moments?<\/span>\n\t\t<\/a>\n\t\t<div id=\"accordion-952413429-content\" class=\"accordion-inner\" aria-labelledby=\"accordion-952413429-label\">\n\t\t\t\n<div class=\"video video-fit mb\" style=\"padding-top:40%;\"><p><iframe title=\"Descubre el Nuevo software Gratis de i-moments\" width=\"1020\" height=\"574\" src=\"https:\/\/www.youtube.com\/embed\/gWRzMitl7K8?feature=oembed\" frameborder=\"0\" allow=\"accelerometer; autoplay; clipboard-write; encrypted-media; gyroscope; picture-in-picture; web-share\" referrerpolicy=\"strict-origin-when-cross-origin\" allowfullscreen><\/iframe><\/p>\n<\/div>\n<div class=\"\/*grid_1 omega*\/\">\n<div class=\"\/*grid_1 omega*\/\">Eli t&#8217;explica on hi ha les coses al programari d&#8217;i-moments.<\/div>\n<\/div>\n\t\t<\/div>\n\t<\/div>\n\t\n\t<div id=\"accordion-364886306\" class=\"accordion-item\">\n\t\t<a id=\"accordion-364886306-label\" class=\"accordion-title plain\" href=\"#accordion-item-com-tornar-a-encarregar-una-comanda-antiga-d&#039;i-moments?\" aria-expanded=\"false\" aria-controls=\"accordion-364886306-content\">\n\t\t\t<button class=\"toggle\" aria-label=\"Toggle\"><i class=\"icon-angle-down\" aria-hidden=\"true\"><\/i><\/button>\n\t\t\t<span>Com tornar a encarregar una comanda antiga d&#039;i-moments?<\/span>\n\t\t<\/a>\n\t\t<div id=\"accordion-364886306-content\" class=\"accordion-inner\" aria-labelledby=\"accordion-364886306-label\">\n\t\t\t\n<div class=\"video video-fit mb\" style=\"padding-top:40%;\"><p><iframe title=\"Como recuperar un proyecto antiguo de i-moments\" width=\"1020\" height=\"574\" src=\"https:\/\/www.youtube.com\/embed\/kJJ_LKYmgdw?feature=oembed\" frameborder=\"0\" allow=\"accelerometer; autoplay; clipboard-write; encrypted-media; gyroscope; picture-in-picture; web-share\" referrerpolicy=\"strict-origin-when-cross-origin\" allowfullscreen><\/iframe><\/p>\n<\/div>\n<p>En aquest v\u00eddeo tutorial, Eli t&#8217;explica com tornar a encarregar una comanda antiga d&#8217;i-moments<\/p>\n\t\t<\/div>\n\t<\/div>\n\t\n\t<div id=\"accordion-4146803491\" class=\"accordion-item\">\n\t\t<a id=\"accordion-4146803491-label\" class=\"accordion-title plain\" href=\"#accordion-item-com-bescanviar-els-meus-vals-de-descompte-d&#039;i-moments?\" aria-expanded=\"false\" aria-controls=\"accordion-4146803491-content\">\n\t\t\t<button class=\"toggle\" aria-label=\"Toggle\"><i class=\"icon-angle-down\" aria-hidden=\"true\"><\/i><\/button>\n\t\t\t<span>Com bescanviar els meus vals de descompte d&#039;i-moments?<\/span>\n\t\t<\/a>\n\t\t<div id=\"accordion-4146803491-content\" class=\"accordion-inner\" aria-labelledby=\"accordion-4146803491-label\">\n\t\t\t\n<div class=\"video video-fit mb\" style=\"padding-top:40%;\"><p><iframe title=\"Descuentos y promociones  de i-moments\" width=\"1020\" height=\"574\" src=\"https:\/\/www.youtube.com\/embed\/I2OCG5h9ewQ?feature=oembed\" frameborder=\"0\" allow=\"accelerometer; autoplay; clipboard-write; encrypted-media; gyroscope; picture-in-picture; web-share\" referrerpolicy=\"strict-origin-when-cross-origin\" allowfullscreen><\/iframe><\/p>\n<\/div>\n<p>En aquest mini-tutorial, Eli t&#8217;explica com validar i bescanviar els teus vals de descompte i-moments.<\/p>\n\t\t<\/div>\n\t<\/div>\n\t\n\t<div id=\"accordion-2824969002\" class=\"accordion-item\">\n\t\t<a id=\"accordion-2824969002-label\" class=\"accordion-title plain\" href=\"#accordion-item-com-exportar-i-importar-un-projecte-d&#039;i-moments?\" aria-expanded=\"false\" aria-controls=\"accordion-2824969002-content\">\n\t\t\t<button class=\"toggle\" aria-label=\"Toggle\"><i class=\"icon-angle-down\" aria-hidden=\"true\"><\/i><\/button>\n\t\t\t<span>Com Exportar i importar un projecte d&#039;i-moments?<\/span>\n\t\t<\/a>\n\t\t<div id=\"accordion-2824969002-content\" class=\"accordion-inner\" aria-labelledby=\"accordion-2824969002-label\">\n\t\t\t\n<div class=\"video video-fit mb\" style=\"padding-top:40%;\"><p><iframe title=\"Como Exportar e importar un proyecto de i-moments\" width=\"1020\" height=\"574\" src=\"https:\/\/www.youtube.com\/embed\/NVQ85Bu4RSM?feature=oembed\" frameborder=\"0\" allow=\"accelerometer; autoplay; clipboard-write; encrypted-media; gyroscope; picture-in-picture; web-share\" referrerpolicy=\"strict-origin-when-cross-origin\" allowfullscreen><\/iframe><\/p>\n<\/div>\n<p>En aquest tutorial, Eli t&#8217;explica com Exportar i importar un projecte d&#8217;i-moments.<\/p>\n\t\t<\/div>\n\t<\/div>\n\t\n\t<div id=\"accordion-2334609737\" class=\"accordion-item\">\n\t\t<a id=\"accordion-2334609737-label\" class=\"accordion-title plain\" href=\"#accordion-item-com-recuperar-un-projecte-antic-d&#039;i-moments?\" aria-expanded=\"false\" aria-controls=\"accordion-2334609737-content\">\n\t\t\t<button class=\"toggle\" aria-label=\"Toggle\"><i class=\"icon-angle-down\" aria-hidden=\"true\"><\/i><\/button>\n\t\t\t<span>Com recuperar un projecte antic d&#039;i-moments?<\/span>\n\t\t<\/a>\n\t\t<div id=\"accordion-2334609737-content\" class=\"accordion-inner\" aria-labelledby=\"accordion-2334609737-label\">\n\t\t\t\n<div class=\"video video-fit mb\" style=\"padding-top:40%;\"><p><iframe title=\"Como recuperar proyectos antiguos de i-moments\" width=\"1020\" height=\"574\" src=\"https:\/\/www.youtube.com\/embed\/KG58kBMfKwU?feature=oembed\" frameborder=\"0\" allow=\"accelerometer; autoplay; clipboard-write; encrypted-media; gyroscope; picture-in-picture; web-share\" referrerpolicy=\"strict-origin-when-cross-origin\" allowfullscreen><\/iframe><\/p>\n<\/div>\n<p>En aquest mini-tutorial, t&#8217;expliquem com recuperar un projecte realitzat amb el programari antic d&#8217;i-moments<\/p>\n\t\t<\/div>\n\t<\/div>\n\t\n\t<div id=\"accordion-1138506110\" class=\"accordion-item\">\n\t\t<a id=\"accordion-1138506110-label\" class=\"accordion-title plain\" href=\"#accordion-item-per-a-quins-sistemes-operatius-\u00e9s-v\u00e0lid-el-programari-d&#039;-i-moments?\" aria-expanded=\"false\" aria-controls=\"accordion-1138506110-content\">\n\t\t\t<button class=\"toggle\" aria-label=\"Toggle\"><i class=\"icon-angle-down\" aria-hidden=\"true\"><\/i><\/button>\n\t\t\t<span>Per a quins sistemes operatius \u00e9s v\u00e0lid el programari d&#039; i-moments?<\/span>\n\t\t<\/a>\n\t\t<div id=\"accordion-1138506110-content\" class=\"accordion-inner\" aria-labelledby=\"accordion-1138506110-label\">\n\t\t\t\n<p>Ja disposem del Programari per a Mac \/ Apple\/ Osx.,iPhone\/iPad, Windows i Android<\/p>\n\t\t<\/div>\n\t<\/div>\n\t\n\t<div id=\"accordion-3103479486\" class=\"accordion-item\">\n\t\t<a id=\"accordion-3103479486-label\" class=\"accordion-title plain\" href=\"#accordion-item-despeses-de-tramesa\" aria-expanded=\"false\" aria-controls=\"accordion-3103479486-content\">\n\t\t\t<button class=\"toggle\" aria-label=\"Toggle\"><i class=\"icon-angle-down\" aria-hidden=\"true\"><\/i><\/button>\n\t\t\t<span>Despeses de tramesa<\/span>\n\t\t<\/a>\n\t\t<div id=\"accordion-3103479486-content\" class=\"accordion-inner\" aria-labelledby=\"accordion-3103479486-label\">\n\t\t\t\n<p>La nostra web inclou les despeses d&#8217;enviament dels seg\u00fcents productes: \u00c0lbums, llibres, revistes, punts de llibre, targetes, pola foto, insta foto, calendaris, invitacions i recordatoris. Per a la resta de productes les despeses d&#8217; enviament es podran consultar a la cistella de la compra.<\/p>\n<p>Per a m\u00e9s informaci\u00f3 consulta aqu\u00ed<a href=\"https:\/\/i-moments.com\/ca\/enviament-a-domicili\/\"> <strong>les despeses de tramesa<\/strong><\/a><\/p>\n\t<div class=\"img has-hover hidden x md-x lg-x y md-y lg-y\" id=\"image_206026610\">\n\t\t\t\t\t\t\t\t<div class=\"img-inner dark\" >\n\t\t\t<img decoding=\"async\" width=\"800\" height=\"1271\" src=\"https:\/\/i-moments.com\/content\/files\/2021\/10\/i-moments-logistica-2019-800.jpg\" class=\"attachment-large size-large\" alt=\"|\" srcset=\"https:\/\/i-moments.com\/content\/files\/2021\/10\/i-moments-logistica-2019-800.jpg 800w, https:\/\/i-moments.com\/content\/files\/2021\/10\/i-moments-logistica-2019-800-600x953.jpg 600w, https:\/\/i-moments.com\/content\/files\/2021\/10\/i-moments-logistica-2019-800-64x102.jpg 64w, https:\/\/i-moments.com\/content\/files\/2021\/10\/i-moments-logistica-2019-800-300x477.jpg 300w, https:\/\/i-moments.com\/content\/files\/2021\/10\/i-moments-logistica-2019-800-150x238.jpg 150w, https:\/\/i-moments.com\/content\/files\/2021\/10\/i-moments-logistica-2019-800-768x1220.jpg 768w, https:\/\/i-moments.com\/content\/files\/2021\/10\/i-moments-logistica-2019-800-8x12.jpg 8w\" sizes=\"(max-width: 800px) 100vw, 800px\" title=\"|\">\t\t\t\t\t\t\n\t\t\t\t\t<\/div>\n\t\t\t\t\t\t\t\t\n<style>\n#image_206026610 {\n  width: 100%;\n}\n<\/style>\n\t<\/div>\n\t\n\t\t<\/div>\n\t<\/div>\n\t\n<\/div>\n","protected":false},"excerpt":{"rendered":"","protected":false},"author":1,"featured_media":0,"parent":0,"menu_order":0,"comment_status":"closed","ping_status":"closed","template":"","meta":{"footnotes":""},"class_list":["post-14685","page","type-page","status-publish","hentry"],"_links":{"self":[{"href":"https:\/\/i-moments.com\/ca\/wp-json\/wp\/v2\/pages\/14685","targetHints":{"allow":["GET"]}}],"collection":[{"href":"https:\/\/i-moments.com\/ca\/wp-json\/wp\/v2\/pages"}],"about":[{"href":"https:\/\/i-moments.com\/ca\/wp-json\/wp\/v2\/types\/page"}],"author":[{"embeddable":true,"href":"https:\/\/i-moments.com\/ca\/wp-json\/wp\/v2\/users\/1"}],"replies":[{"embeddable":true,"href":"https:\/\/i-moments.com\/ca\/wp-json\/wp\/v2\/comments?post=14685"}],"version-history":[{"count":10,"href":"https:\/\/i-moments.com\/ca\/wp-json\/wp\/v2\/pages\/14685\/revisions"}],"predecessor-version":[{"id":23710,"href":"https:\/\/i-moments.com\/ca\/wp-json\/wp\/v2\/pages\/14685\/revisions\/23710"}],"wp:attachment":[{"href":"https:\/\/i-moments.com\/ca\/wp-json\/wp\/v2\/media?parent=14685"}],"curies":[{"name":"wp","href":"https:\/\/api.w.org\/{rel}","templated":true}]}}