{"id":14701,"date":"2021-01-15T10:09:45","date_gmt":"2021-01-15T09:09:45","guid":{"rendered":"https:\/\/i-moments.com\/descargar-i-moments-plus\/"},"modified":"2026-02-04T20:14:38","modified_gmt":"2026-02-04T19:14:38","slug":"descargate-el-software-de-i-moments","status":"publish","type":"page","link":"https:\/\/i-moments.com\/ca\/descargate-el-software-de-i-moments\/","title":{"rendered":"Descargar i-moments plus"},"content":{"rendered":"\r\n\n\t<section class=\"section\" id=\"section_624328284\">\n\t\t<div class=\"section-bg fill\" >\n\t\t\t\t\t\t\t\t\t\n\t\t\t\n\n\t\t<\/div>\n\n\t\t\n\n\t\t<div class=\"section-content relative\">\n\t\t\t <div class=\"row align-middle\"  id=\"row-1768559462\"> \n\t<div id=\"col-762537529\" class=\"col medium-12 small-12 large-5\"  >\n\t\t\t\t<div class=\"col-inner\"  >\n\t\t\t\n\t\t\t \n  <div class=\"banner has-hover\" id=\"banner-807860199\">\n          <div class=\"banner-inner fill\">\n        <div class=\"banner-bg fill\" >\n            <img decoding=\"async\" width=\"1020\" height=\"1020\" src=\"https:\/\/i-moments.com\/content\/files\/2021\/10\/diseno-sin-titulo-16.jpg\" class=\"bg attachment-large size-large\" alt=\"|\" title=\"|\">                                    \n                    <\/div>\n\t\t\n        <div class=\"banner-layers container\">\n            <div class=\"fill banner-link\"><\/div>                     <\/div>\n      <\/div>\n\n            \n<style>\n#banner-807860199 {\n  padding-top: 99.99%;\n  background-color: rgb(255, 255, 255);\n}\n#banner-807860199 .banner-bg img {\n  object-position: 35% 56%;\n}\n@media (min-width:550px) {\n  #banner-807860199 {\n    padding-top: 75%;\n  }\n}\n@media (min-width:850px) {\n  #banner-807860199 {\n    padding-top: 99.99%;\n  }\n}\n<\/style>\n  <\/div>\n\n \t\t<\/div>\n\t\t\t\t\t<\/div>\n\n\t \n\t<div id=\"col-1155560169\" class=\"col medium-12 small-12 large-7\"  >\n\t\t\t\t<div class=\"col-inner\"  >\n\t\t\t\n\t\t\t \t<div id=\"gap-1633135394\" class=\"gap-element clearfix\" style=\"display:block; height:auto;\">\n\t\t\n<style>\n#gap-1633135394 {\n  padding-top: 10px;\n}\n@media (min-width:850px) {\n  #gap-1633135394 {\n    padding-top: 30px;\n  }\n}\n<\/style>\n\t<\/div>\n\t\r\n<h2 style=\"text-align: center;\">Per qu\u00e8 necessites el programari gratu\u00eft de<\/h2>\r\n<h2 style=\"text-align: center;\">i-moments plus?<\/h2>\r\n<p>Alguns dels productes d&#8217; i-moments, a causa de la seva complexitat i a la quantitat de dissenys i formats disponibles, requereixen la desc\u00e0rrega del Programari gratu\u00eft d&#8217; i-moments plus. Aquest programari, est\u00e0 disponible en ordinadors i port\u00e0tils amb sistema Windows i MacOs.<br>Gr\u00e0cies a aquest programari vas poder gaudir de molt\u00edssimes possibilitats per personalitzar els teus productes i fer-los \u00fanics. <\/p>\r\n<div class=\"row\"  id=\"row-1171515118\"> \n\t<div id=\"col-693087798\" class=\"col small-12 large-12\"  >\n\t\t\t\t<div class=\"col-inner\"  >\n\t\t\t\n\t\t\t <a href=\"https:\/\/plus.i-moments.com\/book_isapi.dll\/getApp?DISTRIB=0&#038;PROF=0&#038;STORE=1&#038;SUBSTORE=APPHOTO&#038;TYPE=1\" class=\"button primary is-link is-large\" style=\"padding:0px 0px 0px 0px;\">\n\t\t<span>DESC\u00c0RREGA WINDOWS<\/span>\n\t<i class=\"icon-angle-right\" aria-hidden=\"true\"><\/i><\/a>\n \t\t<\/div>\n\t\t\t\t\n<style>\n#col-693087798 > .col-inner {\n  margin: 0px 0px -41px 0px;\n}\n<\/style>\n\t<\/div>\n\n\t <\/div> <a href=\"https:\/\/plus.i-moments.com\/book_isapi.dll\/getApp?DISTRIB=0&#038;PROF=0&#038;STORE=1&#038;SUBSTORE=APPHOTO&#038;TYPE=0\" class=\"button primary is-link is-large lowercase\" style=\"padding:0 0px 0px 0px;\">\n\t\t<span>DESC\u00c0RREGA MacOS<\/span>\n\t<i class=\"icon-angle-right\" aria-hidden=\"true\"><\/i><\/a>\n \t\t<\/div>\n\t\t\t\t\n<style>\n#col-1155560169 > .col-inner {\n  padding: 0px 0px 0px 0;\n}\n@media (min-width:850px) {\n  #col-1155560169 > .col-inner {\n    padding: 0px 0px 0px 10%;\n  }\n}\n<\/style>\n\t<\/div>\n\n\t <\/div> \t<div id=\"gap-1819203424\" class=\"gap-element clearfix\" style=\"display:block; height:auto;\">\n\t\t\n<style>\n#gap-1819203424 {\n  padding-top: 30px;\n}\n<\/style>\n\t<\/div>\n\t <div class=\"row\"  id=\"row-663827075\"> \n\t<div id=\"col-1844315712\" class=\"col medium-6 small-12 large-6\"  >\n\t\t\t\t<div class=\"col-inner\"  >\n\t\t\t\n\t\t\t \t<div id=\"text-3272022142\" class=\"text\">\n\t\t\r\n<h2>Com descarregar el programari gratu\u00eft de<\/h2>\r\n<h2>i-moments plus?<\/h2>\r\n\t\t\n<style>\n#text-3272022142 {\n  text-align: center;\n}\n<\/style>\n\t<\/div>\n\t\r\n<p><strong><em>Selecciona la desc\u00e0rrega apropiada per al teu dispositiu, comen\u00e7a a descarregar el programa de fotos i segueix les instruccions.<\/em><\/strong>  Ha arribat el moment de gaudir amb un dels programes per retocar fotos m\u00e9s complets.<\/p>\r\n<p>El <strong>programa per retocar fotos<\/strong> d&#8217;i-moments plus t&#8217;ajuda a dissenyar els teus \u00e0lbums digitals amb diversitat de formats i acabats perqu\u00e8 els instants m\u00e9s especials de la teva vida els recordis amb tot luxe de detalls. S&#8217;obrir\u00e0 el cam\u00ed al m\u00f3n dels records, les emocions i la creativitat. <\/p>\r\n\t\t<\/div>\n\t\t\t\t\t<\/div>\n\n\t \n\t<div id=\"col-1719403401\" class=\"col medium-6 small-12 large-6\"  >\n\t\t\t\t<div class=\"col-inner\"  >\n\t\t\t\n\t\t\t \n\t\t<div class=\"icon-box featured-box icon-box-center text-center is-large\"  >\n\t\t\t\t\t<div class=\"icon-box-img\" style=\"width: 69px\">\n\t\t\t\t<div class=\"icon\">\n\t\t\t\t\t<div class=\"icon-inner\" >\n\t\t\t\t\t\t<img decoding=\"async\" width=\"128\" height=\"128\" src=\"https:\/\/i-moments.com\/content\/files\/2021\/10\/hand-1.png\" class=\"attachment-medium size-medium\" alt=\"|\" srcset=\"https:\/\/i-moments.com\/content\/files\/2021\/10\/hand-1.png 128w, https:\/\/i-moments.com\/content\/files\/2021\/10\/hand-1-100x100.png 100w, https:\/\/i-moments.com\/content\/files\/2021\/10\/hand-1-64x64.png 64w, https:\/\/i-moments.com\/content\/files\/2021\/10\/hand-1-12x12.png 12w\" sizes=\"(max-width: 128px) 100vw, 128px\" title=\"|\">\t\t\t\t\t<\/div>\n\t\t\t\t<\/div>\n\t\t\t<\/div>\n\t\t\t\t<div class=\"icon-box-text last-reset\">\n\t\t\t\t\t\t\t\t\t\r\n<h3>Gratu\u00eft<\/h3>\r\n\t\t<\/div>\n\t<\/div>\n\t\n\t \n\t\t<div class=\"icon-box featured-box icon-box-center text-center is-large\"  >\n\t\t\t\t\t<div class=\"icon-box-img\" style=\"width: 61px\">\n\t\t\t\t<div class=\"icon\">\n\t\t\t\t\t<div class=\"icon-inner\" >\n\t\t\t\t\t\t<img decoding=\"async\" width=\"128\" height=\"128\" src=\"https:\/\/i-moments.com\/content\/files\/2021\/10\/easy-use-1.png\" class=\"attachment-medium size-medium\" alt=\"|\" srcset=\"https:\/\/i-moments.com\/content\/files\/2021\/10\/easy-use-1.png 128w, https:\/\/i-moments.com\/content\/files\/2021\/10\/easy-use-1-100x100.png 100w, https:\/\/i-moments.com\/content\/files\/2021\/10\/easy-use-1-64x64.png 64w, https:\/\/i-moments.com\/content\/files\/2021\/10\/easy-use-1-12x12.png 12w\" sizes=\"(max-width: 128px) 100vw, 128px\" title=\"|\">\t\t\t\t\t<\/div>\n\t\t\t\t<\/div>\n\t\t\t<\/div>\n\t\t\t\t<div class=\"icon-box-text last-reset\">\n\t\t\t\t\t\t\t\t\t\r\n<h3>R\u00e0pid, senzill i intu\u00eftiu<\/h3>\r\n\t\t<\/div>\n\t<\/div>\n\t\n\t \n\t\t<div class=\"icon-box featured-box icon-box-center text-center is-large\"  >\n\t\t\t\t\t<div class=\"icon-box-img\" style=\"width: 54px\">\n\t\t\t\t<div class=\"icon\">\n\t\t\t\t\t<div class=\"icon-inner\" >\n\t\t\t\t\t\t<img decoding=\"async\" width=\"128\" height=\"128\" src=\"https:\/\/i-moments.com\/content\/files\/2021\/10\/signature-2.png\" class=\"attachment-medium size-medium\" alt=\"|\" srcset=\"https:\/\/i-moments.com\/content\/files\/2021\/10\/signature-2.png 128w, https:\/\/i-moments.com\/content\/files\/2021\/10\/signature-2-100x100.png 100w, https:\/\/i-moments.com\/content\/files\/2021\/10\/signature-2-64x64.png 64w, https:\/\/i-moments.com\/content\/files\/2021\/10\/signature-2-12x12.png 12w\" sizes=\"(max-width: 128px) 100vw, 128px\" title=\"|\">\t\t\t\t\t<\/div>\n\t\t\t\t<\/div>\n\t\t\t<\/div>\n\t\t\t\t<div class=\"icon-box-text last-reset\">\n\t\t\t\t\t\t\t\t\t\r\n<h3 style=\"text-align: center;\">Vers\u00e0til<\/h3>\r\n\t\t<\/div>\n\t<\/div>\n\t\n\t \t\t<\/div>\n\t\t\t\t\t<\/div>\n\n\t <\/div> \t\t<\/div>\n\n\t\t\n<style>\n#section_624328284 {\n  padding-top: 40px;\n  padding-bottom: 40px;\n}\n@media (min-width:850px) {\n  #section_624328284 {\n    padding-top: 70px;\n    padding-bottom: 70px;\n  }\n}\n<\/style>\n\t<\/section>\n\t\r\n","protected":false},"excerpt":{"rendered":"","protected":false},"author":1,"featured_media":0,"parent":0,"menu_order":0,"comment_status":"closed","ping_status":"closed","template":"","meta":{"footnotes":""},"class_list":["post-14701","page","type-page","status-publish","hentry"],"_links":{"self":[{"href":"https:\/\/i-moments.com\/ca\/wp-json\/wp\/v2\/pages\/14701","targetHints":{"allow":["GET"]}}],"collection":[{"href":"https:\/\/i-moments.com\/ca\/wp-json\/wp\/v2\/pages"}],"about":[{"href":"https:\/\/i-moments.com\/ca\/wp-json\/wp\/v2\/types\/page"}],"author":[{"embeddable":true,"href":"https:\/\/i-moments.com\/ca\/wp-json\/wp\/v2\/users\/1"}],"replies":[{"embeddable":true,"href":"https:\/\/i-moments.com\/ca\/wp-json\/wp\/v2\/comments?post=14701"}],"version-history":[{"count":3,"href":"https:\/\/i-moments.com\/ca\/wp-json\/wp\/v2\/pages\/14701\/revisions"}],"predecessor-version":[{"id":25580,"href":"https:\/\/i-moments.com\/ca\/wp-json\/wp\/v2\/pages\/14701\/revisions\/25580"}],"wp:attachment":[{"href":"https:\/\/i-moments.com\/ca\/wp-json\/wp\/v2\/media?parent=14701"}],"curies":[{"name":"wp","href":"https:\/\/api.w.org\/{rel}","templated":true}]}}