{"id":14752,"date":"2021-01-08T09:00:12","date_gmt":"2021-01-08T08:00:12","guid":{"rendered":"https:\/\/i-moments.com\/legal\/"},"modified":"2023-08-10T10:58:09","modified_gmt":"2023-08-10T08:58:09","slug":"legal","status":"publish","type":"page","link":"https:\/\/i-moments.com\/ca\/legal\/","title":{"rendered":"Legal"},"content":{"rendered":"\n<h2 class=\"wp-block-heading\">Pol\u00edtica de Cookies<\/h2>\n\n<p>Roguem llegiu atentament el present av\u00eds legal. L&#8217;\u00fas del lloc web implica l&#8217;expressa i plena acceptaci\u00f3 dels termes i condicions inclosos en l&#8217;av\u00eds legal, en la versi\u00f3 publicada en el moment d&#8217;acc\u00e9s de l&#8217;usuari, sense perjudici, si s&#8217;escau, de les condicions particulars que poguessin aplicar-se a alguns dels serveis concrets del lloc web.<\/p>\n\n<p><strong>TITULARITAT<\/strong><\/p>\n\n<p>AP PHOTO INDUSTRIES, S.L. (en endavant AP PHOTO) amb CIF B61976429 i domicili a Ronda Ind\u00fastria 48, 08210 Barber\u00e0 del Vall\u00e8s \u00e9s la titular dels llocs web www.i-moments.es\/ www.i-moments.com (en endavant, el lloc web). La societat ha estat inscrita al Registre Mercantil de Barcelona TOMO: 31.730, FOLI: 94, FULL: B-194.880.<\/p>\n\n<p>Pot contactar amb nosaltres per correu electr\u00f2nic dirigint-se a <a href=\"mailto:apphoto@apphoto.es\" class=\"rank-math-link\">apphoto@apphoto.es<\/a>.<\/p>\n\n<p><strong>PROPIETAT INTEL\u00b7LECTUAL I INDUSTRIAL<\/strong><\/p>\n\n<p>Els drets de propietat intel\u00b7lectual del contingut del lloc web, el seu disseny gr\u00e0fic i codis s\u00f3n titularitat d&#8217;AP PHOTO i, per tant, queda prohibida la seva reproducci\u00f3, distribuci\u00f3, comunicaci\u00f3 p\u00fablica i transformaci\u00f3, excepte per a \u00fas personal i privat.<br\/>Igualment, tots els noms comercials, imatges i fotografies, marques o signes diferents de qualsevol classe continguts al lloc web, s\u00f3n propietat dels seus leg\u00edtims duels i estan protegits per llei.<br\/>Qualsevol \u00fas indegut de les mateixes per persona diferent del seu leg\u00edtim titular podr\u00e0 ser perseguit de conformitat amb la legislaci\u00f3 vigent. Els drets de propietat intel\u00b7lectual i marques de tercers estan destacats convenientment i han de ser respectats per tot aquell que accedeixi al lloc web.<br\/>Nom\u00e9s per a \u00fas personal i privat es permet descarregar els continguts, copiar o imprimir qualsevol p\u00e0gina d&#8217;aquest lloc web. Queda prohibit reproduir, transmetre, modificar o suprimir la informaci\u00f3, contingut o advert\u00e8ncies del lloc web sense la pr\u00e8via autoritzaci\u00f3 escrita d&#8217;AP PHOTO.<\/p>\n\n<p><strong>CONTINGUT DEL LLOC WEB I ENLLA\u00c7OS<br\/><\/strong><br\/>AP PHOTO no es responsabilitza del mal \u00fas que es realitzi dels continguts del seu lloc web, sent exclusiva responsabilitat de la persona que hi accedeix o la utilitzi.<br\/>Tampoc assumeix cap responsabilitat per la informaci\u00f3 continguda en llocs web de tercers als quals es pugui accedir per enlla\u00e7os (links) o cercadors del lloc web d&#8217;AP PHOTO. La pres\u00e8ncia d&#8217;enlla\u00e7os (links) al seu lloc web t\u00e9 finalitat merament informativa i en cap cas suposa suggeriment, invitaci\u00f3 o recomanaci\u00f3 sobre els mateixos<br\/>AP PHOTO es reserva el dret a modificar, suspendre, cancel\u00b7lar o restringir el contingut del lloc web, els vincles o la informaci\u00f3 obtinguda a trav\u00e9s d&#8217;ell, sense necessitat de previ av\u00eds.<br\/>AP PHOTO posa tot el seu empeny a evitar qualsevol error en els continguts del lloc web, per\u00f2 no garanteix la inexist\u00e8ncia de possibles errors en els seus continguts.<br\/>AP PHOTO exclou qualsevol responsabilitat per danys i perjudicis, de qualsevol naturalesa, derivats d&#8217;interrupci\u00f3 del funcionament o d&#8217;acc\u00e9s al lloc web, acc\u00e9s no consentit de tercers no autoritzats o transmissi\u00f3, de forma eventual, d&#8217;elements que afectin els sistemes inform\u00e0tics.<br\/>Queda prohibit transmetre o enviar a trav\u00e9s del lloc web qualsevol contingut il\u00b7legal o il\u00b7l\u00edcit, virus inform\u00e0tics, o missatges que, en general, afectin o violin drets d&#8217;AP PHOTO o de tercers.<\/p>\n\n<p><strong>POL\u00cdTICA DE COOKIES<br\/><\/strong><br\/>En algunes ocasions, el lloc web utilitza cookies, que s\u00f3n petits fitxers de dades que es generen a l&#8217;ordinador de l&#8217;usuari i que permeten obtenir informaci\u00f3 sobre l&#8217;usuari, a tall d&#8217;exemple:<\/p>\n\n<p>-Dispositiu des del qual accedeix al lloc web.<br\/>-Data i hora de l&#8217;\u00faltima vegada que l&#8217;usuari va visitar lloc web.<br\/>-Disseny de continguts que l&#8217;usuari va triar en la seva primera visita al lloc web.<br\/>-Elements de seguretat que intervenen en el control d&#8217; acc\u00e9s a les \u00e0rees restringides.<\/p>\n\n<p>L&#8217;usuari t\u00e9 l&#8217;opci\u00f3 d&#8217;impedir la generaci\u00f3 de cookies, mitjan\u00e7ant la selecci\u00f3 de la corresponent opci\u00f3 en el seu programa navegador, si b\u00e9, la desactivaci\u00f3 de les mateixes pot impedir el bon funcionament del lloc web. Podeu consultar m\u00e9s informaci\u00f3 a la Pol\u00edtica de cookies <a href=\"https:\/\/i-moments.com\/ca\/cookies\/\" target=\"_blank\" rel=\"noreferrer noopener\">aqu\u00ed<\/a>.<br\/><br\/><strong>POL\u00cdTICA DE PRIVACITAT<br\/><\/strong>Tant la privacitat dels usuaris, com la confidencialitat de les seves dades personals s\u00f3n aspectes prioritaris per a APD. Podeu consultar la nostra Pol\u00edtica de privacitat <a href=\"https:\/\/i-moments.com\/ca\/privacitat\/\" target=\"_blank\" rel=\"noreferrer noopener\">aqu\u00ed<\/a>, on l&#8217;informem sobre quines dades personals es recullen en utilitzar el lloc web i com processem, utilitzem i protegim aquestes dades.<br\/><br\/><strong>EXCLUSI\u00d3 DE RESPONSABILITAT<\/strong><br\/>AP PHOTO ent\u00e9n que els usuaris que contractin a trav\u00e9s del lloc web reconeixen ser majors d&#8217;edat. La contractaci\u00f3 duta a terme per menors d&#8217; edat requereix l&#8217; autoritzaci\u00f3 pr\u00e8via dels seus pares, tutors o representants legals, els quals seran considerats responsables de la contractaci\u00f3 duta a terme pels menors al seu c\u00e0rrec. Seran els menors d&#8217; edat els qui han de recaptar el consentiment necessari per procedir a la contractaci\u00f3.<br\/><br\/><strong>LEGISLACI\u00d3 I JURISDICCI\u00d3 APLICABLES<\/strong><br\/>Aquestes Condicions Generals es regeixen per la llei espanyola. Les parts se sotmeten, a la seva elecci\u00f3, per a la resoluci\u00f3 dels conflictes i amb ren\u00fancia a qualsevol altre fur, als jutjats i tribunals del domicili de l&#8217; usuari.<\/p>\n","protected":false},"excerpt":{"rendered":"<p>Pol\u00edtica de Cookies Roguem llegiu atentament el present av\u00eds legal. L&#8217;\u00fas del lloc web implica l&#8217;expressa i plena acceptaci\u00f3 dels termes i condicions inclosos en l&#8217;av\u00eds legal, en la versi\u00f3 publicada en el moment d&#8217;acc\u00e9s de l&#8217;usuari, sense perjudici, si s&#8217;escau, de les condicions particulars que poguessin aplicar-se a alguns dels serveis concrets del lloc [&#8230;]\n","protected":false},"author":1,"featured_media":0,"parent":0,"menu_order":0,"comment_status":"closed","ping_status":"closed","template":"","meta":{"footnotes":""},"class_list":["post-14752","page","type-page","status-publish","hentry"],"_links":{"self":[{"href":"https:\/\/i-moments.com\/ca\/wp-json\/wp\/v2\/pages\/14752","targetHints":{"allow":["GET"]}}],"collection":[{"href":"https:\/\/i-moments.com\/ca\/wp-json\/wp\/v2\/pages"}],"about":[{"href":"https:\/\/i-moments.com\/ca\/wp-json\/wp\/v2\/types\/page"}],"author":[{"embeddable":true,"href":"https:\/\/i-moments.com\/ca\/wp-json\/wp\/v2\/users\/1"}],"replies":[{"embeddable":true,"href":"https:\/\/i-moments.com\/ca\/wp-json\/wp\/v2\/comments?post=14752"}],"version-history":[{"count":0,"href":"https:\/\/i-moments.com\/ca\/wp-json\/wp\/v2\/pages\/14752\/revisions"}],"wp:attachment":[{"href":"https:\/\/i-moments.com\/ca\/wp-json\/wp\/v2\/media?parent=14752"}],"curies":[{"name":"wp","href":"https:\/\/api.w.org\/{rel}","templated":true}]}}