{"id":14763,"date":"2021-01-08T09:00:47","date_gmt":"2021-01-08T08:00:47","guid":{"rendered":"https:\/\/i-moments.com\/condicions\/"},"modified":"2026-02-16T09:04:47","modified_gmt":"2026-02-16T08:04:47","slug":"condiciones","status":"publish","type":"page","link":"https:\/\/i-moments.com\/ca\/condiciones\/","title":{"rendered":"Condicions"},"content":{"rendered":"&#13;\n<h2 class=\"wp-block-heading\">Condicions de contractaci\u00f3<\/h2>&#13;\n&#13;\n<p>En compliment del que disposa el Reial decret 1906\/99, de 17 de desembre, pel qual es regula la contractaci\u00f3 electr\u00f2nica amb condicions generals, i de la Llei d&#8217;Ordenaci\u00f3 del Comer\u00e7 Minorista (Llei 7\/1996, de 15 de gener, modificada per la Llei 47\/2002, de 19 de desembre) pel que fa al que disposen sobre les vendes a dist\u00e0ncia en els articles 38 i seg\u00fcents,  AP PHOTO INDUSTRIES, S.L. (en endavant La Societat), informa:<br\/><br\/>El present document suposa la regulaci\u00f3 general dels serveis prestats per La Societat a trav\u00e9s del web <a href=\"https:\/\/i-moments.com\/ca\/\">www.i-moments.com<\/a> i constitueix el marc jur\u00eddic en qu\u00e8 es desenvolupa la present relaci\u00f3 contractual de compravenda.<br\/><br\/>Les presents condicions generals estan subjectes al que disposa la Llei 7\/1988, de 13 d&#8217;abril, sobre Condicions Generals de Contractaci\u00f3; a la Llei 26\/1984, de 19 de juliol, General per a la Defensa de Consumidors i Usuaris; al Reial decret 1906\/1999, de 17 de desembre de 1999, pel qual es regula la Contractaci\u00f3 Telef\u00f2nica o Electr\u00f2nica amb condicions generals; a la Llei Org\u00e0nica 15\/1999, de 13 de desembre, de Protecci\u00f3 de Dades de Car\u00e0cter Personal; a la Llei 7\/1996, de 15 de gener d&#8217;Ordenaci\u00f3 del Comer\u00e7 Minorista, i a la Llei 34\/2002, d&#8217;11 de juliol, de Serveis de la Societat de la Informaci\u00f3 i de Comer\u00e7 Electr\u00f2nic.<br\/><br\/>Els serveis oferts per La Societat podran ser contractats per qualssevol usuaris que compleixin amb els requisits establerts en les presents Condicions de contractaci\u00f3 i Av\u00eds legal, disponibles en tot moment en el lloc web: <a href=\"https:\/\/i-moments.com\/ca\/\">www.i-moments.com<\/a>.<\/p>&#13;\n&#13;\n<p><br\/><strong>OBJECTE DEL CONTRACTE<br\/><\/strong>El contracte t\u00e9 per objecte regular les condicions generals de servei ofert per La Societat.<br\/>Els serveis que La Societat presta actualment, i que s\u00f3n objecte d&#8217; aquest contracte, s\u00f3n la contractaci\u00f3 de productes i serveis relacionats amb la impressi\u00f3 digital: revelatge i impressi\u00f3 digital de fotografies, aix\u00ed com l&#8217; elaboraci\u00f3 de diferents productes relacionats amb el material fotogr\u00e0fic, com \u00e0lbums, calendaris, agendes, llen\u00e7os, laminats, emmarcacions i tot tipus de productes personalitzats amb fotografies. En alguns productes o serveis, els serveis que presta La Societat s\u00f3n d&#8217; intermediaci\u00f3 entre fabricant i consumidor final en la contractaci\u00f3 d&#8217; aquests productes i serveis.  <br\/>L&#8217;acc\u00e9s a la informaci\u00f3 \u00e9s completament gratu\u00eft, mentre que el servei de compra i contractaci\u00f3 de productes \u00e9s oner\u00f3s, i s&#8217;especifica en tot moment els preus actuals del producte, els preus de portes i els c\u00e0rrecs per impostos.  <br\/>La Societat establir\u00e0 la possibilitat de dur a terme la contractaci\u00f3 del servei en diversos idiomes a m\u00e9s de l&#8217; espanyol.<\/p>&#13;\n&#13;\n<p><strong>IDENTIFICACI\u00d3 DE LES PARTS CONTRACTANTS<\/strong><\/p>&#13;\n&#13;\n<p>D&#8217; una part:<br\/><strong>AP PHOTO INDUSTRIES, S.L<\/strong>. amb domicili a Ronda Ind\u00fastria, 48, 08210 Barber\u00e0 del Vall\u00e8s. CIF: B61976429. Inscrita al Registre Mercantil de Barcelona, TOMO: 31.730, FOLI: 94, FULL: B-194.880. I adre\u00e7a de correu electr\u00f2nic: <a>apphoto@apphoto.es<\/a> <\/p>&#13;\n&#13;\n<p>I, d&#8217; una altra part:  <br\/><strong>El CLIENT<\/strong>, les dades del qual han estat consignades per ell mateix en introduir-les per realitzar la compra o algun suggeriment, a trav\u00e9s del formulari establert a aquest efecte. Totes les dades han estat introdu\u00efdes directament pel client, per la qual cosa la responsabilitat sobre l&#8217; autenticitat dels mateixos correspon directament i exclusivament al CLIENT.<\/p>&#13;\n&#13;\n<p><strong>OBLIGACIONS RELATIVES AL PROCEDIMENT DE COMPRA<br\/><\/strong>El CLIENT \u00e9s l&#8217;\u00fanic responsable de la veracitat de les dades introdu\u00efdes per ell mateix en el procediment de compra, i accepta l&#8217;obligaci\u00f3 de facilitar dades veraces, exactes i completes. Si el CLIENT incompleix aquesta obligaci\u00f3, quedar\u00e0 sota la seva responsabilitat el respondre pels possibles danys i perjudicis produ\u00efts a la Societat o a un tercer.<\/p>&#13;\n&#13;\n<p><strong><u>CONDICIONS DEL SERVEI<br\/><\/u><\/strong>Les condicions comercials d&#8217; aquest servei i les ofertes que eventualment puguin dur-se a terme per La Societat sempre apareixen a l&#8217; esmentada p\u00e0gina web <a href=\"https:\/\/i-moments.com\/ca\/\">www.i-moments.com<\/a>, per la qual cosa poden ser consultades, arxivades o impreses. La Societat es reserva el dret de modificar en qualsevol moment les presents condicions generals de contractaci\u00f3, aix\u00ed com qualssevol altres documents exposats en el lloc web.<\/p>&#13;\n&#13;\n<p><strong><u>RESPONSABILITATS<br\/><\/u><\/strong>La Societat no ser\u00e0 responsable dels retards en l&#8217;acc\u00e9s, funcionament i operativitat de la web, aix\u00ed com tampoc de les interrupcions, suspensions o del mal funcionament de la mateixa, quan tinguessin el seu origen en avaries produ\u00efdes per cat\u00e0strofes naturals o situacions de for\u00e7a major, o d&#8217;urg\u00e8ncia extrema, com ara vagues, atacs o intrusions inform\u00e0tiques,  o qualsevol altra situaci\u00f3 de for\u00e7a major o causa fortu\u00efta, aix\u00ed com per errors en les xarxes telem\u00e0tiques de transfer\u00e8ncia de dades i en tot cas, quan l&#8217; error hagu\u00e9s estat produ\u00eft per un tercer ali\u00e8 a l&#8217; organitzaci\u00f3 empresarial esmentada.<br\/>Amb car\u00e0cter general les relacions de La Societat amb els seus clients derivades de la prestaci\u00f3 dels productes i serveis continguts en la present Web, es troben sotmeses a la legislaci\u00f3 i jurisdicci\u00f3 espanyoles. Les parts se sotmeten, a la seva elecci\u00f3, per a la resoluci\u00f3 dels conflictes i amb ren\u00fancia a qualsevol altre fur, als jutjats i tribunals del domicili de l&#8217; usuari. El servei prestat per La Societat, en els casos d&#8217; intermediaci\u00f3, se cenyeix exclusivament a informar i posar a disposici\u00f3 dels clients els productes, i es responsabilitzar\u00e0 dels productes que no s&#8217; ajustin al contractat pel client.<br\/>En cas que els llocs web propietat de La Societat albergessin enlla\u00e7os (<em>links<\/em>) o <em>banners<\/em> que permetessin a l&#8217;usuari l&#8217;acc\u00e9s a p\u00e0gines web o enlla\u00e7os propietat de tercers, La Societat no es fa responsable dels continguts que s&#8217;hi poguessin trobar allotjats i procediria a retirar-los en el cas que algun usuari li comuniqu\u00e9s algun tipus de contingut il\u00b7l\u00edcit,  una vegada verificat per l&#8217; empresa.<br\/><br\/>El CLIENT es compromet a complir amb el que estableix l&#8217;AV\u00cdS LEGAL i amb les CONDICIONS DE CONTRACTACI\u00d3 publicades per la Societat al seu lloc web en el moment de la compra del producte.<\/p>&#13;\n&#13;\n<p><strong>PROCEDIMENT DE COMPRA<br\/><\/strong>Actualment el procediment de contractaci\u00f3 del servei es duu a terme a trav\u00e9s del lloc web <a href=\"https:\/\/i-moments.com\/ca\/\">www.i-moments.com<\/a> i de forma electr\u00f2nica, sent necessari trobar-se registrat com a usuari del lloc web per poder fer-ho. Els passos per dur a terme la contractaci\u00f3 s\u00f3n els seg\u00fcents:<\/p>&#13;\n&#13;\n<ul class=\"wp-block-list\">&#13;\n<li>DESC\u00c0RREGA DEL PROGRAMA I ENVIAMENT D&#8217; IMATGES: el CLIENT accedeix a la p\u00e0gina web <a href=\"https:\/\/i-moments.com\/ca\/\">i-moments.com<\/a>. S&#8217; hi pot informar dels productes posats a la seva disposici\u00f3, caracter\u00edstiques, preus i tots els detalls sobre aquests. Per realitzar la desc\u00e0rrega del programari, el CLIENT pot accedir a l&#8217;opci\u00f3 &#8220;desc\u00e0rregues&#8221; que trobar\u00e0 en diversos men\u00fas de la p\u00e0gina web. Un cop descarregat el programari a l&#8217;equip de l&#8217;usuari, aquest l&#8217;haur\u00e0 d&#8217;instal\u00b7lar acceptant expressament la seva llic\u00e8ncia d&#8217;\u00fas. Una vegada instal\u00b7lat el programa, procedir\u00e0 a triar el producte desitjat. El CLIENT pot confeccionar i personalitzar amb les seves fotos o dissenys el producte triat, i una vegada realitzat, iniciar\u00e0 el proc\u00e9s d&#8217; enviament de les imatges i de comanda en l\u00ednia. Tot el proc\u00e9s es realitza en l\u00ednia, a trav\u00e9s d&#8217; Internet.<\/li>&#13;\n<li>CONFIRMACI\u00d3 DE LA COMANDA I ENVIAMENT: les confirmacions de les comandes i del pagament, aix\u00ed com tots els contactes amb el CLIENT, es realitzen a trav\u00e9s de correu electr\u00f2nic, per la qual cosa \u00e9s molt important que el CLIENT s&#8217; asseguri de fer constar una adre\u00e7a de correu v\u00e0lida, aix\u00ed com un n\u00famero de tel\u00e8fon de contacte per si hi ha alguna incid\u00e8ncia i el correu no funciona. Si el CLIENT t\u00e9 dubtes sobre el funcionament del programa, pot acudir a la secci\u00f3 de FAQ (preguntes m\u00e9s freq\u00fcents) de <a href=\"https:\/\/i-moments.com\/ca\/\">i-moments.com<\/a> o posar-se en contacte amb el servei d&#8217;atenci\u00f3 al client a trav\u00e9s del correu electr\u00f2nic <a>apphoto@apphoto.es<\/a> o trucant al tel\u00e8fon d&#8217;atenci\u00f3 al client 937 293 326. Cada programari li anir\u00e0 guiant pas a pas perqu\u00e8 pugui completar el proc\u00e9s de comanda.<\/li>&#13;\n<li>FORMULARIS DE COMANDA: abans d&#8217; efectuar el pagament, el programa demanar\u00e0 al CLIENT una s\u00e8rie de dades personals necess\u00e0ries per efectuar el lliurament de la seva comanda. En alguns casos, si n&#8217; hi ha, se li demanar\u00e0 un codi promocional del producte. Un cop emplenades aquestes dades, el seg\u00fcent pas \u00e9s efectuar el pagament de la comanda.<\/li>&#13;\n<\/ul>&#13;\n&#13;\n<p><strong><u>PAGAMENT DEL PRODUCTE O SERVEI:<\/u><\/strong><\/p>&#13;\n&#13;\n<ul class=\"wp-block-list\">&#13;\n<li>les comandes s&#8217; abonen amb alguna de les formes de pagament admeses relacionades a continuaci\u00f3.<\/li>&#13;\n<\/ul>&#13;\n&#13;\n<p><strong>FORMES DE PAGAMENT ADMESES<br\/><br\/><\/strong>Les comandes poden ser abonades de la manera seg\u00fcent:<\/p>&#13;\n&#13;\n<ul class=\"wp-block-list\">&#13;\n<li><strong>Targeta de cr\u00e8dit: <\/strong>Aquesta forma de pagament requereix que el CLIENT introdueixi les seves dades banc\u00e0ries, tal com li sigui requerit per la pr\u00f2pia p\u00e0gina. Una vegada en aquest punt, es troba en una passarel\u00b7la de pagament segur, certificada per VISA, en la qual haur\u00e0 d&#8217;indicar si desitja pagar mitjan\u00e7ant targeta de cr\u00e8dit American Express, MasterCard o VISA. L&#8217;\u00fas d&#8217;una passarel\u00b7la de pagament segura garanteix que totes les dades que el CLIENT faciliti viatgin de forma xifrada i segura, i que en cap moment la Societat hi tingui acc\u00e9s.<\/li>&#13;\n<li><strong>PayPal: <\/strong>Aquesta forma de pagament requereix que el CLIENT, tingui un compte amb la plataforma PayPal, aquesta forma de pagament, t\u00e9 un rec\u00e0rrec de 2.48\u20ac (impostos inclosos).<\/li>&#13;\n<li><strong>Pagament amb cr\u00e8dit del comer\u00e7: <\/strong><strong>Aquesta forma de pagament nom\u00e9s \u00e9s v\u00e0lida per a professionals i distribu\u00efdors d&#8217; i-moments, amb compte obert a AP Photo Industries.<\/strong><\/li>&#13;\n<\/ul>&#13;\n&#13;\n<p><strong><u>DESPESES D&#8217; ENVIAMENT<br\/><\/u><\/strong>La nostra web inclou les despeses d&#8217;enviament dels seg\u00fcents productes: \u00c0lbums, llibres, revistes, punts de llibre, targetes, pola foto, insta foto, calendaris, invitacions i recordatoris. Per a la resta de productes les despeses d&#8217; enviament es podran consultar a la cistella de la compra.<\/p>&#13;\n&#13;\n<p><strong><u>TERMINIS DE LLIURAMENT<\/u><\/strong><\/p>&#13;\n&#13;\n<p><strong>4\/5 dies laborals:<\/strong> Tots els productes de les fam\u00edlies Foto-Regal i Foto-Decoraci\u00f3.<br\/><strong>5\/6 dies laborals: <\/strong>Tots els productes de les fam\u00edlies Revela, Impremta Digital, Calendaris.<br\/><strong>6\/7 dies laborals: <\/strong>Tots els productes de les fam\u00edlies Foto-\u00c0lbum, Llibres de Fotos i revistes.<br\/><strong>8\/9 dies laborals: <\/strong>Tots els productes de les fam\u00edlies Foto-\u00c0lbum Pro i Foto-Strip.<br\/><strong>9\/10 dies laborals: <\/strong>Tots els productes de les fam\u00edlies Foto-Cer\u00e0mica.<\/p>&#13;\n&#13;\n<p><strong>Can\u00e0ries:<br\/><\/strong>Per oferir un millor servei a les Illes, disposem d&#8217;un centre de producci\u00f3 a Tenerife, per\u00f2 no podem fabricar-hi, tota la gamma de productes i-moments. Per tant, els productes fabricats a les illes tenen el mateix termini d&#8217;entrega que a la pen\u00ednsula:<\/p>&#13;\n&#13;\n<p>Productes que Fabricats a les illes:<br\/><strong>4\/5 dies: <\/strong>Tots els productes de les fam\u00edlies Foto-Regal i Foto-Decoraci\u00f3* (en Foto-decoraci\u00f3, nom\u00e9s podem fabricar el Foto-Panell fins a la mesura 50&#215;70 i els Foto-Lienzo, Foto Quadre Alumini, Light-Panell, Insta-Cuadro en totes les mesures.<\/p>&#13;\n&#13;\n<p>Resta de productes, es fabriquen des de la pen\u00ednsula.<br\/><br\/><strong>12\/13 dies laborals: <\/strong>Resta de productes de les fam\u00edlies Foto-Regal i Foto-Decoraci\u00f3.<br\/><strong>13\/14 dies laborals: <\/strong>Tots els productes de les fam\u00edlies Revela, Impremta Digital, Calendaris.<br\/><strong>14\/15 dies laborals: <\/strong>Tots els productes de les fam\u00edlies Foto-\u00c0lbum, Llibres de Fotos i revistes.<br\/><strong>16\/17 dies laborals: <\/strong>Tots els productes de les fam\u00edlies Foto-\u00c0lbum Pro.<\/p>&#13;\n&#13;\n<p><strong>Ceuta i Melilla:<br\/><\/strong><strong>12\/13 dies laborals: <\/strong>Tots els productes de les fam\u00edlies Foto-Regal i Foto-Decoraci\u00f3.<br\/><strong>13\/14 dies laborals: <\/strong>Tots els productes de les fam\u00edlies Revela, Impremta Digital, Calendaris.<br\/><strong>14\/15 dies laborals: <\/strong>Tots els productes de les fam\u00edlies Foto-\u00c0lbum, Llibres de Fotos i revistes.<br\/><strong>16\/17 dies laborals: <\/strong>Tots els productes de les fam\u00edlies Foto-\u00c0lbum Pro.<\/p>&#13;\n&#13;\n<p><strong>Atenci\u00f3! <\/strong>Aquests terminis de lliurament poden ser avan\u00e7ats o retardats en funci\u00f3 de les c\u00e0rregues de treballs. I fan refer\u00e8ncia sempre a les entregues a les botigues dels distribu\u00efdors. En lliuraments a direccions particulars es poden incrementar un dia m\u00e9s.<\/p>&#13;\n&#13;\n<p><strong>En les Campanyes com: <\/strong>El dia del Pare o de la Mare, Sant Valent\u00ed, Comunions i Noces, Nadal i Dates assenyalades, aquests terminis de lliurament poden ser incrementats.<\/p>&#13;\n&#13;\n<p><strong>GARANTIA I RECLAMACIONS<br\/><\/strong>Tots els productes oferts a trav\u00e9s del lloc web s\u00f3n originals, personalitzats i nous. No obstant aix\u00f2, i en base al que disposa la Llei 23\/2003, de 10 de juliol, de Garanties en la Venda de B\u00e9ns de Consum, es presumir\u00e0 que tots els defectes o faltes de conformitat amb l&#8217;oferta que es manifestin dins dels 2 primers mesos, es deuen a errors de fabricaci\u00f3, fent-se responsable en tal cas la marca en q\u00fcesti\u00f3 del producte.  <br\/>Per a errors, fallades o defici\u00e8ncies a partir de l&#8217; esmentada data, ser\u00e0 c\u00e0rrega del CLIENT demostrar que es tracta d&#8217; errors de fabricaci\u00f3 i no pel seu \u00fas.<br\/>A tots els efectes s&#8217; entendr\u00e0 realitzat el lliurament del producte en el moment que aparegui la signatura del CLIENT, o persona amb ell relacionada, en el document de lliurament del producte.  <br\/>Si per qualsevol motiu no queda satisfet amb el seu producte, el CLIENT disposa d&#8217; un termini de <strong>2 mesos<\/strong>, a comptar des de la data de lliurament del producte, per retornar-lo. Abans de realitzar aquesta devoluci\u00f3, el CLIENT haur\u00e0 de posar-se en contacte amb l&#8217; empresa en el termini indicat, a trav\u00e9s de correu electr\u00f2nic, tel\u00e8fon o fax, moment en el qual se li indicar\u00e0 el proc\u00e9s de devoluci\u00f3 que ser\u00e0 gratu\u00eft per al CLIENT sempre que es dugui a terme conforme a les indicacions facilitades. Qualsevol devoluci\u00f3 sense aquesta pr\u00e8via comunicaci\u00f3 no ser\u00e0 acceptada per l&#8217; empresa.  <br\/>El CLIENT haur\u00e0 de realitzar un correcte empaquetat que asseguri el seu transport sense danys. Una vegada rebut i comprovat pel nostre personal que el producte est\u00e0 en el mateix estat en qu\u00e8 va ser enviat, es procedir\u00e0 al reintegrament del seu import conforme a la modalitat de pagament utilitzada pel client. Per a qualsevol aclariment sobre les presents condicions generals o per realitzar qualsevol reclamaci\u00f3 relativa a la seva compra, el CLIENT t\u00e9 a la seva disposici\u00f3 la seg\u00fcent adre\u00e7a:  <br\/><br\/>AP PHOTO INDUSTRIES, S.L. Ronda Industria, 48 Barber\u00e0 del Vall\u00e8s 08210, Barcelona. Tel\u00e8fon d&#8217; atenci\u00f3 al client: 937 293 326. Correu electr\u00f2nic: <a>info@i-moments.com<br\/><\/a>S&#8217; informa al CLIENT que t\u00e9 a la seva disposici\u00f3 la plataforma de resoluci\u00f3 de litigis en l\u00ednia https:\/\/ec.europa.eu\/consumers\/odr\/main\/index.cfm?event=main.home.show&amp;lng=ES.<\/p>&#13;\n&#13;\n<p><br\/><strong>EXCEPCIONS AL DRET DE DESISTIMENT<br\/><br\/><\/strong>i-moments proveeix els seus Clients, de productes <strong>totalment personalitzats<\/strong>, \u00e9s a dir, fabricats conforme a les especificacions del Client, amb les seves fotos, textos, etc. per la qual cosa <strong>No hi ha dret legal de desistiment del producte<\/strong>, d&#8217; acord amb el que estableix la legislaci\u00f3 vigent per a aquest tipus de productes.<br\/>Per tant, en el moment de realitzar el seu enc\u00e0rrec, asseguri&#8217;s que el producte que ha de sol\u00b7licitar \u00e9s d&#8217;acord amb les seves necessitats i que no cont\u00e9 errors o fallades (de composici\u00f3, d&#8217;ortografia, de manca de resoluci\u00f3 de les imatges, etc.), ja que una vegada enviat i pagat la comanda, <strong>no \u00e9s possible cancel\u00b7lar-lo ni realitzar cap modificaci\u00f3 en el mateix<\/strong>.<br\/><br\/><strong>CONFORMITAT DELS PRODUCTES AMB EL CONTRACTE<\/strong><\/p>&#13;\n&#13;\n<p>Llevat de prova en contrari, s&#8217; entendr\u00e0 que els productes s\u00f3n conformes amb el contracte sempre que compleixin tots els requisits que s&#8217; expressen a continuaci\u00f3: S&#8217; ajustin a la descripci\u00f3 realitzada per la Societat i posseeixin les qualitats del producte que la Societat hagi presentat al consumidor i usuari en forma de mostra o model.  <\/p>&#13;\n&#13;\n<p>Siguin aptes per als usos a qu\u00e8 ordin\u00e0riament es destinin els productes del mateix tipus. Presentin la qualitat i prestacions habituals d&#8217; un producte del mateix tipus que el consumidor i usuari pugui fundadament esperar, tenint en compte la naturalesa del producte i, si s&#8217; escau, de les declaracions p\u00fabliques sobre les caracter\u00edstiques concretes dels productes fetes pel venedor, el productor o el seu representant, en particular en la publicitat o en l&#8217; etiquetatge. La Societat no quedar\u00e0 obligada per aquestes declaracions p\u00fabliques si demostra que desconeixia i no cabia raonablement esperar que conegu\u00e9s la declaraci\u00f3 en q\u00fcesti\u00f3, que aquesta declaraci\u00f3 havia estat corregida en el moment de celebraci\u00f3 del contracte o que aquesta declaraci\u00f3 no va poder influir en la decisi\u00f3 de comprar el producte.  <\/p>&#13;\n&#13;\n<p>No hi haur\u00e0 lloc a responsabilitat per faltes de conformitat que el consumidor i usuari conegu\u00e9s o no hagu\u00e9s pogut ignorar en el moment de la celebraci\u00f3 del contracte o que tinguin el seu origen en materials subministrats pel consumidor i usuari.  <strong><br\/><br\/>VALIDESA DEL PROCEDIMENT DE COMPRA COM A PROVA D&#8217; ACCEPTACI\u00d3 I PERFECCI\u00d3 DEL CONTRACTE<\/strong><\/p>&#13;\n&#13;\n<p>Ambdues parts declaren expressament que l&#8217; acceptaci\u00f3 de l&#8217; oferta del producte o servei de la Societat per part del CLIENT es duu a terme a trav\u00e9s del procediment de compra descrit a l&#8217; apartat PROCEDIMENT DE COMPRA.<br\/>El fet de seguir telem\u00e0ticament tots els passos descrits en el punt esmentat per al proc\u00e9s de compra dels productes i complements per part del CLIENT, suposa l&#8217; acceptaci\u00f3 \u00edntegra i expressa de les presents condicions generals de contractaci\u00f3, entesa suficient per contractar.<br\/>El contracte quedar\u00e0 perfeccionat des de la data en qu\u00e8 el CLIENT manifesti la seva conformitat amb les condicions de contractaci\u00f3 publicades en el moment de realitzar la compra, i haur\u00e0 de seleccionar de forma expressa l&#8217; acceptaci\u00f3 de les mateixes.<\/p>&#13;\n&#13;\n<p><strong>NUL\u00b7LITAT PARCIAL<\/strong><\/p>&#13;\n&#13;\n<p>Si qualsevol part d&#8217; aquestes condicions de servei fos contr\u00e0ria a Dret i, per tant, inv\u00e0lida, no afectar\u00e0 les altres disposicions conformes a Dret. Les parts es comprometen a renegociar aquelles parts de les condicions de servei que resultessin nul\u00b7les i a incorporar-les a la resta de les condicions de servei.<\/p>&#13;\n&#13;\n<p><strong>LLEI APLICABLE I JURISDICCI\u00d3<\/strong><\/p>&#13;\n&#13;\n<p>Aquestes Condicions Generals es regeixen per la llei espanyola. Les parts se sotmeten, a la seva elecci\u00f3, per a la resoluci\u00f3 dels conflictes i amb ren\u00fancia a qualsevol altre fur, als jutjats i tribunals del domicili de l&#8217; usuari.  <\/p>&#13;\n<p>\u00a0<\/p>&#13;\n<p><strong>BASES LEGALS \u2013 CONCURSOS I-MOMENTS<\/strong><\/p>&#13;\n<p>La participaci\u00f3 en concursos organitzats per i-moments implica l&#8217; acceptaci\u00f3 d&#8217; aquestes bases.<\/p>&#13;\n<p>En enviar les seves fotografies i mitjan\u00e7ant la seva participaci\u00f3, els participants cedeixen de forma gratu\u00efta, expressa i sense limitaci\u00f3 temporal ni territorial a i-moments els drets d&#8217;\u00fas, reproducci\u00f3, distribuci\u00f3 i comunicaci\u00f3 p\u00fablica de les imatges enviades, podent ser utilitzades amb finalitats comercials, promocionals i publicit\u00e0ries, tant a la web com a xarxes socials i altres canals de comunicaci\u00f3,  sense que aix\u00f2 generi dret a cap compensaci\u00f3.<\/p>&#13;\n<p>Les dades personals facilitades seran tractades conforme a la normativa vigent i utilitzades \u00fanicament per a la gesti\u00f3 del concurs.<\/p>&#13;\n","protected":false},"excerpt":{"rendered":"<p>&#13; Condicions de contractaci\u00f3 &#13; &#13; En compliment del que disposa el Reial decret 1906\/99, de 17 de desembre, pel qual es regula la contractaci\u00f3 electr\u00f2nica amb condicions generals, i de la Llei d&#8217;Ordenaci\u00f3 del Comer\u00e7 Minorista (Llei 7\/1996, de 15 de gener, modificada per la Llei 47\/2002, de 19 de desembre) pel que fa [&#8230;]\n","protected":false},"author":1,"featured_media":0,"parent":0,"menu_order":0,"comment_status":"closed","ping_status":"closed","template":"","meta":{"footnotes":""},"class_list":["post-14763","page","type-page","status-publish","hentry"],"_links":{"self":[{"href":"https:\/\/i-moments.com\/ca\/wp-json\/wp\/v2\/pages\/14763","targetHints":{"allow":["GET"]}}],"collection":[{"href":"https:\/\/i-moments.com\/ca\/wp-json\/wp\/v2\/pages"}],"about":[{"href":"https:\/\/i-moments.com\/ca\/wp-json\/wp\/v2\/types\/page"}],"author":[{"embeddable":true,"href":"https:\/\/i-moments.com\/ca\/wp-json\/wp\/v2\/users\/1"}],"replies":[{"embeddable":true,"href":"https:\/\/i-moments.com\/ca\/wp-json\/wp\/v2\/comments?post=14763"}],"version-history":[{"count":2,"href":"https:\/\/i-moments.com\/ca\/wp-json\/wp\/v2\/pages\/14763\/revisions"}],"predecessor-version":[{"id":25605,"href":"https:\/\/i-moments.com\/ca\/wp-json\/wp\/v2\/pages\/14763\/revisions\/25605"}],"wp:attachment":[{"href":"https:\/\/i-moments.com\/ca\/wp-json\/wp\/v2\/media?parent=14763"}],"curies":[{"name":"wp","href":"https:\/\/api.w.org\/{rel}","templated":true}]}}