{"id":14777,"date":"2021-01-07T12:34:17","date_gmt":"2021-01-07T11:34:17","guid":{"rendered":"https:\/\/i-moments.com\/privacitat\/"},"modified":"2023-08-10T10:58:41","modified_gmt":"2023-08-10T08:58:41","slug":"privacitat","status":"publish","type":"page","link":"https:\/\/i-moments.com\/ca\/privacitat\/","title":{"rendered":"Privacitat"},"content":{"rendered":"\n<h1><strong>POL\u00cdTICA DE PRIVACITAT<\/strong><\/h1>\n<p> <\/p>\n<p>Tant la privacitat dels usuaris, com la confidencialitat de les seves dades personals s\u00f3n aspectes prioritaris per a APD. Per mitj\u00e0 de la seg\u00fcent pol\u00edtica de privacitat, l&#8217;informem sobre quines dades personals es recullen en utilitzar el nostre lloc web i com processem, utilitzem i protegim aquestes dades.<\/p>\n<h2>Qui \u00e9s el responsable del tractament de les seves dades?<\/h2>\n<p>AP PHOTO INDUSTRIES, S.L. (en endavant AP PHOTO), amb CIF B61976429 i domicili a Ronda Ind\u00fastria 48, 08210 Barber\u00e0 del Vall\u00e8s, \u00e9s el responsable de les dades personals que puguin tractar-se o recollir-se al lloc web.<\/p>\n<p>AP PHOTO ha designat un Delegat de Protecci\u00f3 de Dades, al qual pot dirigir-se en qualsevol moment per consultar qualsevol dubte sobre el tractament de les dades personals, mitjan\u00e7ant correu electr\u00f2nic a lopd@apphoto.es o a l&#8217;adre\u00e7a postal indicada.<\/p>\n<h2>Com recollim les seves dades?<\/h2>\n<p>Com a norma general, la utilitzaci\u00f3 del lloc web no requereix com a condici\u00f3 pr\u00e8via que els usuaris revelin les seves dades personals.<\/p>\n<p>Existeixen diversos formularis de contacte a trav\u00e9s dels quals pot facilitar les seves dades per gestionar la petici\u00f3 que ens realitzi. En aquest cas, no \u00e9s necessari el seu registre.<\/p>\n<p>En cas que vost\u00e8 desitja adquirir algun producte i\/o servei, caldr\u00e0 que es registri com a usuari del lloc web i ens faciliti les seves dades, mitjan\u00e7ant un formulari existent a aquest efecte.<\/p>\n<h2>Amb quines finalitats tractar\u00e0 apte les seves dades?<\/h2>\n<p>Les dades que ens pugui facilitar seran utilitzades per AP PHOTO per:<\/p>\n<p>Tramitar la seva petici\u00f3 remesa a trav\u00e9s del formulari de contacte.<br>Si aix\u00ed ho demana, gestionar la desc\u00e0rrega i utilitzaci\u00f3 per la seva part del programari i-moments.<br>Si aix\u00ed ho sol\u00b7licita, gestionar la seva alta com a usuari de www.i-moments.es, la qual es formalitzar\u00e0 despr\u00e9s del proc\u00e9s de registre.<br>La base jur\u00eddica per al tractament de les dades \u00e9s el seu consentiment expr\u00e9s, que es formalitzar\u00e0 mitjan\u00e7ant l&#8217; acceptaci\u00f3 de la Pol\u00edtica de privacitat en el moment de la recollida de les dades.<\/p>\n<p>A m\u00e9s, la utilitzaci\u00f3 de cookies al lloc web suposa que puguem analitzar com millorar l&#8217;experi\u00e8ncia de navegaci\u00f3. AP PHOTO pot recopilar i analitzar informaci\u00f3 sobre les seves visites i \u00fas del lloc web, com per exemple, informaci\u00f3 sobre el dispositiu i el navegador que estigui usant, la seva adre\u00e7a IP i localitzaci\u00f3, la data i hora de les seves visites, la durada de les mateixes i la navegaci\u00f3 realitzada. El tractament de les cookies, combinat amb altres dades personals, pot arribar a fer a l&#8217;usuari identificable. Per a informaci\u00f3 addicional, saber com oposar-se a aquest tractament, aix\u00ed com configurar el seu navegador per gestionar les cookies, consulteu la Pol\u00edtica de cookies aqu\u00ed.<\/p>\n<h2>A m\u00e9s, si es registra com a usuari, Amb quines altres finalitats podr\u00e0 tractar apujar les seves dades?<\/h2>\n<p>Si vost\u00e8 es dona d&#8217;alta com a usuari, a m\u00e9s, les seves dades seran utilitzades per AP PHOTO amb aquestes finalitats:<\/p>\n<p>Crear un usuari i contrasenya que li permeti accedir a la nostra \u00e0rea reservada per a usuaris, on podr\u00e0 realitzar les seves comandes i consultar el seu estat.<br>Gestionar tots els aspectes de la contractaci\u00f3 de b\u00e9ns i serveis que pugui dur-se a terme en els seus vessants operatiu i administratiu, com ara gestionar el lliurament de les seves comandes i possibles devolucions.<br>Gestionar les possibles incid\u00e8ncies, suggeriments o reclamacions que ens pugui comunicar.<br>Processar el cobrament i emetre la factura corresponent.<br>Remetre-li les comunicacions operatives necess\u00e0ries per a la contractaci\u00f3 dels b\u00e9ns i serveis i manteniment de la relaci\u00f3 comercial (per exemple: comunicacions sobre comandes, sobre seguiment del transport, facturaci\u00f3, canvi de condicions&#8230;).<br>La base jur\u00eddica per a aquests tractaments de dades \u00e9s l&#8217; execuci\u00f3 del contracte de compravenda.<\/p>\n<p>A m\u00e9s, AP PHOTO podr\u00e0:<\/p>\n<p>Realitzar enquestes de satisfacci\u00f3 sobre els nostres productes i\/o serveis, sent la base jur\u00eddica per al tractament l&#8217;inter\u00e8s leg\u00edtim d&#8217;AP PHOTO de con\u00e8ixer el grau de satisfacci\u00f3 dels seus clients i poder millorar els seus serveis. Pot oposar-se en qualsevol moment a aquest tractament de dades dirigint-se a lopd@apphoto.es.<\/p>\n<p>Remetre-li comunicacions comercials, podent ser personalitzades en funci\u00f3 de la informaci\u00f3 que subministri i del seu \u00fas del lloc web, sobre productes i serveis d&#8217;AP PHOTO, per qualsevol mitj\u00e0, incl\u00f2s SMS o correu electr\u00f2nic, si vost\u00e8 ho ha acceptat de manera expressa en donar-se d&#8217;alta com a client. Es pot oposar en<br>qualsevol moment a aquest tractament de dades dirigint-se a lopd@apphoto.es o utilitzant l&#8217; opci\u00f3 que, per a aquest fi, s&#8217; inclou en cada comunicaci\u00f3 comercial.<\/p>\n<h2>Amb quina finalitat comuniquem les seves dades a una botiga i-moments autoritzada?<\/h2>\n<p>En cas que es registri com a usuari del lloc web, en el proc\u00e9s de registre ha de seleccionar una botiga i-moments autoritzada per AP PHOTO, a la qual s&#8217;associar\u00e0 la seva alta i a la qual comunicarem les seves dades.<\/p>\n<p>Les botigues i-moments s\u00f3n titularitat d&#8217;empreses diferents a AP PHOTO, amb les quals AP PHOTO ha formalitzat un acord de col\u00b7laboraci\u00f3. En el moment del registre, quan seleccioni la seva botiga i-moments disposar\u00e0 de totes les dades del titular de la mateixa.<\/p>\n<p>En cas de no desitjar que comuniquem les seves dades a una botiga i-moments, en el moment de seleccionar la seva botiga, pot seleccionar la nostra botiga ubicada a Ronda Zamenhof, 65-71 Sabadell 08201.<\/p>\n<p>La finalitat del tractament de les seves dades, per part de la botiga i-moments, \u00e9s oferir-li un millor servei en disposar d&#8217;una atenci\u00f3 m\u00e9s personalitzada, recollir la seva comanda i disposar d&#8217;assessorament especialitzat sobre els nostres productes i\/o serveis.<\/p>\n<p>Pot dirigir-se directament a la botiga i-moments, en les dades de contacte que t\u00e9 a la seva disposici\u00f3 en la seva \u00e0rea privada o en el llistat de botigues i-moments, per consultar qualsevol dubte sobre el tractament de les seves dades personals.<\/p>\n<h2>Durant quant temps conservarem les seves dades?<\/h2>\n<p>Les seves dades personals seran conservades durant el temps necessari per complir la finalitat per a la qual es van recollir. Si les seves dades s&#8217; utilitzen per a diverses finalitats, que ens obliguen a conservar-les durant terminis diferents, aplicarem el termini de conservaci\u00f3 m\u00e9s llarg.<\/p>\n<p>Quan les seves dades deixin de ser necess\u00e0ries, o b\u00e9 quedar\u00e0 limitat l&#8217; acc\u00e9s als mateixos al compliment d&#8217; obligacions estrictament legals o b\u00e9 es destruiran de forma segura.<\/p>\n<p>Les imatges que pugui pujar a la nostra plataforma, per a la creaci\u00f3 d&#8217;un producte, seran eliminades transcorregut un termini de 60 dies.<\/p>\n<p>Pel que fa a l&#8217;\u00fas de la seva informaci\u00f3 amb finalitats de m\u00e0rqueting, conservarem aquesta informaci\u00f3 per a aquest prop\u00f2sit fins que vost\u00e8 ens sol\u00b7liciti el contrari.<\/p>\n<h2>Amb qui compartirem les seves dades?<\/h2>\n<p>Llevat que s&#8217; indiqui el contrari en el formulari espec\u00edfic, AP PHOTO no comunicar\u00e0 les seves dades a tercers.<\/p>\n<p>En el cas que vost\u00e8 tramiti l&#8217;alta com a usuari, les seves dades seran comunicades a:<\/p>\n<p>A la botiga i-moments que vost\u00e8 seleccioni, tal com s&#8217;ha esmentat.<br>Si a m\u00e9s contracta algun producte i\/o servei, les seves dades podran ser comunicades a tercers quan sigui necessari per al correcte desenvolupament de la relaci\u00f3 contractual entre les parts (per exemple: entitats banc\u00e0ries, empreses de transport) o quan una llei aix\u00ed ho requereixi (per exemple: administraci\u00f3 tribut\u00e0ria).<\/p>\n<h2>COM PROTEGIM LES SEVES DADES?<\/h2>\n<p>AP PHOTO est\u00e0 compromesa amb la seguretat de la informaci\u00f3 i ha definit pol\u00edtiques de seguretat i procediments per garantir la confidencialitat de les seves dades.<\/p>\n<p>Podem contractar tercers determinats serveis que poden suposar l&#8217;acc\u00e9s i\/o tractament de dades personals, per\u00f2, en tot cas, s&#8217;exigeix que els tercers compleixin amb la legislaci\u00f3 vigent i amb les nostres pol\u00edtiques de seguretat, havent de garantir l&#8217;\u00fas de la informaci\u00f3 conforme a les instruccions d&#8217;APN i havent d&#8217;implantar les mesures t\u00e8cniques i organitzatives apropiades per garantir la confidencialitat de la informaci\u00f3.<\/p>\n<h2>Quins s\u00f3n els seus drets en mat\u00e8ria de protecci\u00f3 de dades?<\/h2>\n<p>En qualsevol moment pot exercir els seus drets, dirigint-se al Delegat de Protecci\u00f3 de Dades, mitjan\u00e7ant correu electr\u00f2nic a lopd@apphoto.es o per correu postal a l&#8217; adre\u00e7a indicada.<\/p>\n<p>En particular, pot sol\u00b7licitar l&#8217;acc\u00e9s a les seves dades personals, sol\u00b7licitar la rectificaci\u00f3 de qualsevol dada inexacte, sol\u00b7licitar la supressi\u00f3 de les seves dades personals, sol\u00b7licitar la limitaci\u00f3 del tractament, aix\u00ed com sol\u00b7licitar-ne la portabilitat, sempre en els termes previstos en la legislaci\u00f3 vigent.<\/p>\n<p>Aix\u00ed mateix, quan la base jur\u00eddica per al tractament sigui el seu consentiment, pot exercir el seu dret d&#8217; oposici\u00f3 al tractament de les dades personals en qualsevol moment.<\/p>\n<p>Tamb\u00e9 l&#8217; informem de l&#8217; opci\u00f3 de presentar una reclamaci\u00f3 davant l&#8217; Ag\u00e8ncia Espanyola de Protecci\u00f3 de Dades, en cas de considerar que s&#8217; ha com\u00e8s una infracci\u00f3 de la legislaci\u00f3 respecte al tractament de les seves dades personals.<\/p>\n\n","protected":false},"excerpt":{"rendered":"","protected":false},"author":1,"featured_media":0,"parent":0,"menu_order":0,"comment_status":"closed","ping_status":"closed","template":"","meta":{"footnotes":""},"class_list":["post-14777","page","type-page","status-publish","hentry"],"_links":{"self":[{"href":"https:\/\/i-moments.com\/ca\/wp-json\/wp\/v2\/pages\/14777","targetHints":{"allow":["GET"]}}],"collection":[{"href":"https:\/\/i-moments.com\/ca\/wp-json\/wp\/v2\/pages"}],"about":[{"href":"https:\/\/i-moments.com\/ca\/wp-json\/wp\/v2\/types\/page"}],"author":[{"embeddable":true,"href":"https:\/\/i-moments.com\/ca\/wp-json\/wp\/v2\/users\/1"}],"replies":[{"embeddable":true,"href":"https:\/\/i-moments.com\/ca\/wp-json\/wp\/v2\/comments?post=14777"}],"version-history":[{"count":0,"href":"https:\/\/i-moments.com\/ca\/wp-json\/wp\/v2\/pages\/14777\/revisions"}],"wp:attachment":[{"href":"https:\/\/i-moments.com\/ca\/wp-json\/wp\/v2\/media?parent=14777"}],"curies":[{"name":"wp","href":"https:\/\/api.w.org\/{rel}","templated":true}]}}