{"id":14793,"date":"2021-01-08T09:02:35","date_gmt":"2021-01-08T08:02:35","guid":{"rendered":"https:\/\/i-moments.com\/contacte\/"},"modified":"2025-10-29T10:47:53","modified_gmt":"2025-10-29T09:47:53","slug":"contacte","status":"publish","type":"page","link":"https:\/\/i-moments.com\/ca\/contacte\/","title":{"rendered":"Contacte"},"content":{"rendered":"<div class=\"row row-collapse row-full-width\"  id=\"row-337994458\">\n\n\t<div id=\"col-98709185\" class=\"col small-12 large-12\"  >\n\t\t\t\t<div class=\"col-inner\"  >\n\t\t\t\n\t\t\t\n\n\t<section class=\"section\" id=\"section_590267920\">\n\t\t<div class=\"section-bg fill\" >\n\t\t\t<img decoding=\"async\" width=\"940\" height=\"788\" src=\"https:\/\/i-moments.com\/content\/files\/2021\/10\/I-moments-cuadro-aluminio-Post-de-Facebook.jpg\" class=\"bg attachment- size-\" alt=\"|\" title=\"|\">\t\t\t\t\t\t<div class=\"section-bg-overlay absolute fill\"><\/div>\n\t\t\t\n\n\t\t<\/div>\n\n\t\t\n\n\t\t<div class=\"section-content relative\">\n\t\t\t\n<div class=\"row row-collapse align-center\" style=\"max-width:\" id=\"row-1547562121\">\n\n\t<div id=\"col-104448484\" class=\"col small-12 large-12\"  >\n\t\t\t\t<div class=\"col-inner text-center dark\"  >\n\t\t\t\n\t\t\t\n<h1><span style=\"font-size: 250%\">Contacte<\/span><\/h1>\n\t\t<\/div>\n\t\t\t\t\n<style>\n#col-104448484 > .col-inner {\n  padding: 100px 20px 200px 0px;\n}\n@media (min-width:550px) {\n  #col-104448484 > .col-inner {\n    padding: 100px 0px 200px 0px;\n  }\n}\n<\/style>\n\t<\/div>\n\n\t\n<\/div>\n\t\t<\/div>\n\n\t\t\n<style>\n#section_590267920 {\n  padding-top: 0px;\n  padding-bottom: 0px;\n  min-height: 0px;\n}\n#section_590267920 .section-bg-overlay {\n  background-color: rgba(0, 0, 0, 0.12);\n}\n#section_590267920 .section-bg img {\n  object-position: 54% 12%;\n}\n@media (min-width:550px) {\n  #section_590267920 {\n    padding-top: 0px;\n    padding-bottom: 0px;\n  }\n  #section_590267920 .section-bg-overlay {\n    background-color: rgba(0, 0, 0, 0.21);\n  }\n}\n@media (min-width:850px) {\n  #section_590267920 {\n    padding-top: 100px;\n    padding-bottom: 100px;\n  }\n  #section_590267920 .section-bg-overlay {\n    background-color: rgba(0, 0, 0, 0.12);\n  }\n}\n<\/style>\n\t<\/section>\n\t\n\t\t<\/div>\n\t\t\t\t\n<style>\n#col-98709185 > .col-inner {\n  padding: 0px 30px 0px 30px;\n}\n<\/style>\n\t<\/div>\n\n\t\n<\/div>\n<div class=\"row row-large\" style=\"max-width:1400px\" id=\"row-1753428077\">\n\n\t<div id=\"col-736698454\" class=\"col small-12 large-12\"  >\n\t\t\t\t<div class=\"col-inner\" style=\"background-color:rgb(255, 255, 255);\" >\n\t\t\t\n\t\t\t\n<div class=\"row row-collapse row-full-width\"  id=\"row-2021291127\">\n\n\t<div id=\"col-465879919\" class=\"col medium-12 small-12 large-5\"  >\n\t\t\t\t<div class=\"col-inner\"  >\n\t\t\t\n\t\t\t\n<h2><span style=\"font-size: 120%\">Contacta amb nosaltres<\/span><\/h2>\n\t<div id=\"gap-1946077636\" class=\"gap-element clearfix\" style=\"display:block; height:auto;\">\n\t\t\n<style>\n#gap-1946077636 {\n  padding-top: 20px;\n}\n@media (min-width:550px) {\n  #gap-1946077636 {\n    padding-top: 20px;\n  }\n}\n@media (min-width:850px) {\n  #gap-1946077636 {\n    padding-top: 30px;\n  }\n}\n<\/style>\n\t<\/div>\n\t\n<div class=\"row\"  id=\"row-1879007758\">\n\n\t<div id=\"col-44783116\" class=\"col medium-6 small-12 large-6\"  >\n\t\t\t\t<div class=\"col-inner\"  >\n\t\t\t\n\t\t\t\n\t<div class=\"img has-hover x md-x lg-x y md-y lg-y\" id=\"image_2044960262\">\n\t\t\t\t\t\t\t\t<div class=\"img-inner dark\" >\n\t\t\t<img decoding=\"async\" width=\"128\" height=\"128\" src=\"https:\/\/i-moments.com\/content\/files\/2021\/10\/location.png\" class=\"attachment-medium size-medium\" alt=\"|\" srcset=\"https:\/\/i-moments.com\/content\/files\/2021\/10\/location.png 128w, https:\/\/i-moments.com\/content\/files\/2021\/10\/location-100x100.png 100w, https:\/\/i-moments.com\/content\/files\/2021\/10\/location-64x64.png 64w, https:\/\/i-moments.com\/content\/files\/2021\/10\/location-12x12.png 12w\" sizes=\"(max-width: 128px) 100vw, 128px\" title=\"|\">\t\t\t\t\t\t\n\t\t\t\t\t<\/div>\n\t\t\t\t\t\t\t\t\n<style>\n#image_2044960262 {\n  width: 15%;\n}\n@media (min-width:550px) {\n  #image_2044960262 {\n    width: 15%;\n  }\n}\n<\/style>\n\t<\/div>\n\t\n<h3 class=\"uppercase\">DIRECCI\u00d3<\/h3>\n<p>Ronda Ind\u00fastria 48<br \/>08210 \u2013 Barber\u00e0 del Vall\u00e8s<br \/>Barcelona (Espanya)<\/p>\n\t\t<\/div>\n\t\t\t\t\t<\/div>\n\n\t\n\n\t<div id=\"col-806183010\" class=\"col medium-5 small-12 large-6\"  >\n\t\t\t\t<div class=\"col-inner\"  >\n\t\t\t\n\t\t\t\n\t<div class=\"img has-hover x md-x lg-x y md-y lg-y\" id=\"image_1221966986\">\n\t\t\t\t\t\t\t\t<div class=\"img-inner dark\" >\n\t\t\t<img decoding=\"async\" width=\"128\" height=\"128\" src=\"https:\/\/i-moments.com\/content\/files\/2021\/10\/clock.png\" class=\"attachment-medium_large size-medium_large\" alt=\"|\" srcset=\"https:\/\/i-moments.com\/content\/files\/2021\/10\/clock.png 128w, https:\/\/i-moments.com\/content\/files\/2021\/10\/clock-100x100.png 100w, https:\/\/i-moments.com\/content\/files\/2021\/10\/clock-64x64.png 64w, https:\/\/i-moments.com\/content\/files\/2021\/10\/clock-12x12.png 12w\" sizes=\"(max-width: 128px) 100vw, 128px\" title=\"|\">\t\t\t\t\t\t\n\t\t\t\t\t<\/div>\n\t\t\t\t\t\t\t\t\n<style>\n#image_1221966986 {\n  width: 15%;\n}\n@media (min-width:550px) {\n  #image_1221966986 {\n    width: 15%;\n  }\n}\n<\/style>\n\t<\/div>\n\t\n<h3 class=\"uppercase\">HORARI<\/h3>\n<p>De Dilluns a Divendres de 10h a 14h<\/p>\n<\/p>\n\t\t<\/div>\n\t\t\t\t\t<\/div>\n\n\t\n<\/div>\n<div class=\"row\"  id=\"row-174404829\">\n\n\t<div id=\"col-1775876118\" class=\"col medium-6 small-12 large-6\"  >\n\t\t\t\t<div class=\"col-inner\"  >\n\t\t\t\n\t\t\t\n\t<div class=\"img has-hover x md-x lg-x y md-y lg-y\" id=\"image_1798370576\">\n\t\t\t\t\t\t\t\t<div class=\"img-inner dark\" >\n\t\t\t<img decoding=\"async\" width=\"128\" height=\"128\" src=\"https:\/\/i-moments.com\/content\/files\/2021\/10\/mail.png\" class=\"attachment-medium_large size-medium_large\" alt=\"|\" srcset=\"https:\/\/i-moments.com\/content\/files\/2021\/10\/mail.png 128w, https:\/\/i-moments.com\/content\/files\/2021\/10\/mail-100x100.png 100w, https:\/\/i-moments.com\/content\/files\/2021\/10\/mail-64x64.png 64w, https:\/\/i-moments.com\/content\/files\/2021\/10\/mail-12x12.png 12w\" sizes=\"(max-width: 128px) 100vw, 128px\" title=\"|\">\t\t\t\t\t\t\n\t\t\t\t\t<\/div>\n\t\t\t\t\t\t\t\t\n<style>\n#image_1798370576 {\n  width: 15%;\n}\n@media (min-width:550px) {\n  #image_1798370576 {\n    width: 15%;\n  }\n}\n<\/style>\n\t<\/div>\n\t\n<h3 class=\"uppercase\">E-mail<\/h3>\n<div class=\"desc\">Dept. comercial: <br \/><a href=\"mailto:info@i-moments.com\">info@i-moments.com<\/a><\/div>\n<div class=\"desc\">Atenci\u00f3 al client: <br \/><a href=\"mailto:soporte@i-moments.com\">soporte@i-moments.com<\/a><\/div>\n\t\t<\/div>\n\t\t\t\t\t<\/div>\n\n\t\n\n\t<div id=\"col-971501316\" class=\"col medium-6 small-12 large-6\"  >\n\t\t\t\t<div class=\"col-inner\"  >\n\t\t\t\n\t\t\t\n\t<div class=\"img has-hover x md-x lg-x y md-y lg-y\" id=\"image_285726957\">\n\t\t\t\t\t\t\t\t<div class=\"img-inner dark\" >\n\t\t\t<img decoding=\"async\" width=\"128\" height=\"128\" src=\"https:\/\/i-moments.com\/content\/files\/2021\/10\/telephone.png\" class=\"attachment-medium_large size-medium_large\" alt=\"|\" srcset=\"https:\/\/i-moments.com\/content\/files\/2021\/10\/telephone.png 128w, https:\/\/i-moments.com\/content\/files\/2021\/10\/telephone-100x100.png 100w, https:\/\/i-moments.com\/content\/files\/2021\/10\/telephone-64x64.png 64w, https:\/\/i-moments.com\/content\/files\/2021\/10\/telephone-12x12.png 12w\" sizes=\"(max-width: 128px) 100vw, 128px\" title=\"|\">\t\t\t\t\t\t\n\t\t\t\t\t<\/div>\n\t\t\t\t\t\t\t\t\n<style>\n#image_285726957 {\n  width: 15%;\n}\n@media (min-width:550px) {\n  #image_285726957 {\n    width: 15%;\n  }\n}\n<\/style>\n\t<\/div>\n\t\n<h3 class=\"uppercase\">TEL\u00c8FON<\/h3>\n<p>Atenci\u00f3 al client: Tel. 937 293 326<\/p>\n\t\t<\/div>\n\t\t\t\t\t<\/div>\n\n\t\n<\/div>\n\t\t<\/div>\n\t\t\t\t\n<style>\n#col-465879919 > .col-inner {\n  padding: 0px 0px 0px 20px;\n}\n<\/style>\n\t<\/div>\n\n\t\n\n\t<div id=\"col-1168686695\" class=\"col medium-12 small-12 large-7\"  >\n\t\t\t\t<div class=\"col-inner\"  >\n\t\t\t\n\t\t\t\n\t<div id=\"gap-1740844321\" class=\"gap-element clearfix\" style=\"display:block; height:auto;\">\n\t\t\n<style>\n#gap-1740844321 {\n  padding-top: 20px;\n}\n@media (min-width:550px) {\n  #gap-1740844321 {\n    padding-top: 20px;\n  }\n}\n@media (min-width:850px) {\n  #gap-1740844321 {\n    padding-top: 30px;\n  }\n}\n<\/style>\n\t<\/div>\n\t\n\n<div class='fluentform ff-default fluentform_wrapper_3 ffs_default_wrap'><form data-form_id=\"3\" id=\"fluentform_3\" class=\"frm-fluent-form fluent_form_3 ff-el-form-top ff_form_instance_3_1 ff-form-loading ffs_default\" data-form_instance=\"ff_form_instance_3_1\" method=\"POST\" ><fieldset  style=\"border: none!important;margin: 0!important;padding: 0!important;background-color: transparent!important;box-shadow: none!important;outline: none!important; min-inline-size: 100%;\">\n                    <legend class=\"ff_screen_reader_title\" style=\"display: block; margin: 0!important;padding: 0!important;height: 0!important;text-indent: -999999px;width: 0!important;overflow:hidden;\">Formulario de Contacto<\/legend>        <div\n                style=\"display: none!important; position: absolute!important; transform: translateX(1000%)!important;\"\n                class=\"ff-el-group ff-hpsf-container\"\n        >\n            <div class=\"ff-el-input--label asterisk-right\">\n                <label for=\"ff_3_item_sf\" aria-label=\"Contact\">\n                    Contact                <\/label>\n            <\/div>\n            <div class=\"ff-el-input--content\">\n                <input type=\"text\"\n                       name=\"item_3__fluent_sf\"\n                       class=\"ff-el-form-control\"\n                       id=\"ff_3_item_sf\"\n                \/>\n            <\/div>\n        <\/div>\n        <input type='hidden' name='__fluent_form_embded_post_id' value='14793' \/><input type=\"hidden\" id=\"_fluentform_3_fluentformnonce\" name=\"_fluentform_3_fluentformnonce\" value=\"3614cdccad\" \/><input type=\"hidden\" name=\"_wp_http_referer\" value=\"\/ca\/wp-json\/wp\/v2\/pages\/14793\" \/><div data-type=\"name-element\" data-name=\"names\" class=\" ff-field_container ff-name-field-wrapper\" ><div class='ff-t-container'><div class='ff-t-cell '><div class='ff-el-group'><div class=\"ff-el-input--label ff-el-is-required asterisk-right\"><label for='ff_3_names_first_name_' id='label_ff_3_names_first_name_' >Nombre<\/label><\/div><div class='ff-el-input--content'><input type=\"text\" name=\"names[first_name]\" id=\"ff_3_names_first_name_\" class=\"ff-el-form-control\" placeholder=\"Nombre\" aria-invalid=\"false\" aria-required=true><\/div><\/div><\/div><\/div><\/div><div class='ff-el-group'><div class=\"ff-el-input--label asterisk-right\"><label for='ff_3_phone' id='label_ff_3_phone' aria-label=\"N\u00famero de tel\u00e9fono\">N\u00famero de tel\u00e9fono<\/label><\/div><div class='ff-el-input--content'><input name=\"phone\" class=\"ff-el-form-control ff-el-phone ff_el_with_extended_validation\" type=\"tel\" placeholder=\"N\u00famero de tel\u00e9fono\" data-name=\"phone\" id=\"ff_3_phone\" inputmode=\"tel\"  aria-invalid='false' aria-required=false><\/div><\/div><div class='ff-el-group'><div class=\"ff-el-input--label ff-el-is-required asterisk-right\"><label for='ff_3_email' id='label_ff_3_email' aria-label=\"Email\">Email<\/label><\/div><div class='ff-el-input--content'><input type=\"email\" name=\"email\" id=\"ff_3_email\" class=\"ff-el-form-control\" placeholder=\"Direcci\u00f3n de correo electr\u00f3nico\" data-name=\"email\"  aria-invalid=\"false\" aria-required=true><\/div><\/div><div class='ff-el-group'><div class=\"ff-el-input--label ff-el-is-required asterisk-right\"><label for='ff_3_dropdown' id='label_ff_3_dropdown' aria-label=\"Asunto\">Asunto<\/label><\/div><div class='ff-el-input--content'><select name=\"dropdown\" id=\"ff_3_dropdown\" class=\"ff-el-form-control\" data-name=\"dropdown\" data-calc_value=\"0\"  aria-invalid=\"false\" aria-required=\"true\" aria-labelledby=\"label_ff_3_dropdown\"><option value=\"\">- Seleccionar -<\/option><option value=\"No he recibido mi pedido\"  >No he recibido mi pedido<\/option><option value=\"Dudas comerciales\"  >Dudas comerciales<\/option><option value=\"Dudas software I-moments plus\"  >Dudas software I-moments plus<\/option><option value=\"Tengo un problema con el producto que he recibido\"  >Tengo un problema con el producto que he recibido<\/option><option value=\"Quiero ser distribuidor\"  >Quiero ser distribuidor<\/option><option value=\"Otros\"  selected>Otros<\/option><\/select><\/div><\/div><div class='ff-el-group has-conditions'><div class=\"ff-el-input--label asterisk-right\"><label for='ff_3_input_text' id='label_ff_3_input_text' aria-label=\"N\u00famero de pedido\">N\u00famero de pedido<\/label><\/div><div class='ff-el-input--content'><input type=\"text\" name=\"input_text\" class=\"ff-el-form-control\" data-name=\"input_text\" id=\"ff_3_input_text\"  aria-invalid=\"false\" aria-required=false><\/div><\/div><div class='ff-el-group'><div class=\"ff-el-input--label ff-el-is-required asterisk-right\"><label for='ff_3_message' id='label_ff_3_message' aria-label=\"Mensaje\">Mensaje<\/label><\/div><div class='ff-el-input--content'><textarea aria-required=\"true\" aria-labelledby=\"label_ff_3_message\" name=\"message\" id=\"ff_3_message\" class=\"ff-el-form-control\" placeholder=\"Mensaje\" rows=\"4\" cols=\"2\" data-name=\"message\" ><\/textarea><\/div><\/div><div class='ff-el-group ff-text-center ff_submit_btn_wrapper'><button type=\"submit\" class=\"ff-btn ff-btn-submit ff-btn-md ff_btn_style\"  aria-label=\"Enviar\">Enviar<\/button><\/div>\t\t<div id=\"cf-turnstile-fluent-4286795736\"\r\n\t\tclass=\"cf-turnstile\" \t\tdata-sitekey=\"0x4AAAAAAAHnTKs97TkHyDN8\"\r\n\t\tdata-theme=\"light\"\r\n\t\tdata-language=\"auto\"\r\n\t\tdata-size=\"normal\"\r\n\t\tdata-retry=\"auto\" data-retry-interval=\"1000\"\r\n\t\tdata-refresh-expired=\"auto\"\r\n\t\tdata-refresh-timeout=\"auto\"\r\n\t\tdata-action=\"fluent-form-3\"\r\n\t\tdata-callback=\"turnstileFluentCallback\"\r\n\t\t\t\tdata-appearance=\"always\"><\/div>\r\n\t\t\t<script>document.addEventListener(\"DOMContentLoaded\", function() { setTimeout(function(){ var e=document.getElementById(\"cf-turnstile-fluent-4286795736\"); if(e&&!e.innerHTML.trim()){turnstile.render(e, {sitekey:\"0x4AAAAAAAHnTKs97TkHyDN8\"});} }, 200); });<\/script>\r\n\t\t\t<br class=\"cf-turnstile-br cf-turnstile-br-fluent-4286795736\">\r\n\t\t\t\t<style>#cf-turnstile-fluent-4286795736 { margin-left: -15px; }<\/style>\r\n\t\t<\/fieldset><\/form><div id='fluentform_3_errors' class='ff-errors-in-stack ff_form_instance_3_1 ff-form-loading_errors ff_form_instance_3_1_errors'><\/div><\/div>            <script type=\"text\/javascript\">\n                window.fluent_form_ff_form_instance_3_1 = {\"id\":\"3\",\"ajaxUrl\":\"https:\\\/\\\/i-moments.com\\\/wp-admin\\\/admin-ajax.php\",\"settings\":{\"layout\":{\"labelPlacement\":\"top\",\"helpMessagePlacement\":\"with_label\",\"errorMessagePlacement\":\"inline\",\"cssClassName\":\"\",\"asteriskPlacement\":\"asterisk-right\"},\"restrictions\":{\"denyEmptySubmission\":{\"enabled\":false}}},\"form_instance\":\"ff_form_instance_3_1\",\"form_id_selector\":\"fluentform_3\",\"rules\":{\"names[first_name]\":{\"required\":{\"value\":true,\"message\":\"Este campo es obligatorio\"}},\"names[middle_name]\":{\"required\":{\"value\":false,\"message\":\"This field is required\"}},\"names[last_name]\":{\"required\":{\"value\":false,\"message\":\"This field is required\"}},\"phone\":{\"required\":{\"value\":false,\"message\":\"This field is required\"},\"valid_phone_number\":{\"value\":true,\"message\":\"Phone number is not valid\"}},\"email\":{\"required\":{\"value\":true,\"message\":\"Este campo es obligatorio\"},\"email\":{\"value\":true,\"message\":\"This field must contain a valid email\"}},\"dropdown\":{\"required\":{\"value\":true,\"message\":\"This field is required\"}},\"input_text\":{\"required\":{\"value\":false,\"message\":\"This field is required\"}},\"message\":{\"required\":{\"value\":true,\"message\":\"Este campo es obligatorio\"}}},\"debounce_time\":300,\"conditionals\":{\"input_text\":{\"type\":\"any\",\"status\":true,\"conditions\":[{\"field\":\"dropdown\",\"value\":\"\\u00bfNo he recibido mi pedido?\\u00a0\",\"operator\":\"=\"}]}}};\n                            <\/script>\n            \n\n\t\t<\/div>\n\t\t\t\t\t<\/div>\n\n\t\n\n<style>\n#row-2021291127 > .col > .col-inner {\n  padding: 0px 15px 0px 15px;\n}\n<\/style>\n<\/div>\n\t\t<\/div>\n\t\t\t\t\n<style>\n#col-736698454 > .col-inner {\n  padding: 50px 20px 0px 20px;\n  margin: -0 0px 0px 0px;\n}\n@media (min-width:550px) {\n  #col-736698454 > .col-inner {\n    padding: 50px 20px 30px 20px;\n    margin: 0 0px 0px 0px;\n  }\n}\n@media (min-width:850px) {\n  #col-736698454 > .col-inner {\n    padding: 66px 5% 16px 5%;\n    margin: -135px 0px 0px 0px;\n  }\n}\n<\/style>\n\t<\/div>\n\n\t\n\n<style>\n#row-1753428077 > .col > .col-inner {\n  border-radius: 25px;\n}\n<\/style>\n<\/div>\n<div class=\"row row-collapse row-full-width\"  id=\"row-1363220458\">\n\n\t<div id=\"col-643224285\" class=\"col small-12 large-12\"  >\n\t\t\t\t<div class=\"col-inner\"  >\n\t\t\t\n\t\t\t\n\n\t<script type=\"text\/javascript\">\n  jQuery( document ).ready(function() {\n    function initialize() {\n        var styles = {\n            'flatsome':  [{\n            \"featureType\": \"administrative\",\n            \"stylers\": [\n              { \"visibility\": \"on\" }\n            ]\n          },\n          {\n            \"featureType\": \"road\",\n            \"stylers\": [\n              { \"visibility\": \"on\" },\n              { \"hue\": \"\" }\n            ]\n          },\n          {\n            \"stylers\": [\n\t\t\t  { \"visibility\": \"on\" },\n\t\t\t  { \"hue\": \"\" },\n\t\t\t  { \"saturation\": -100 }\n            ]\n          }\n        ]};\n\n        var myLatlng = new google.maps.LatLng(41, 2);\n        var myOptions = {\n            zoom: 17,\n            center: myLatlng,\n            mapTypeId: google.maps.MapTypeId.ROADMAP,\n            disableDefaultUI: true,\n            mapTypeId: 'flatsome',\n            draggable: true,\n            zoomControl: false,\n            zoomControlOptions: {\n              position: google.maps.ControlPosition.TOP_LEFT\n            },\n      \t\t\tmapTypeControl: false,\n            mapTypeControlOptions: {\n              position: google.maps.ControlPosition.TOP_LEFT\n            },\n      \t\t\tstreetViewControl: false,\n            streetViewControlOptions: {\n              position: google.maps.ControlPosition.TOP_LEFT\n            },\n            scrollwheel: false,\n            disableDoubleClickZoom: true\n        }\n        var map = new google.maps.Map(document.getElementById(\"map-304145093-inner\"), myOptions);\n        var styledMapType = new google.maps.StyledMapType(styles['flatsome'], {name: 'flatsome'});\n        map.mapTypes.set('flatsome', styledMapType);\n\n        var marker = new google.maps.Marker({\n            position: myLatlng,\n            map: map,\n            title:\"\"\n        });\n    }\n\n    \/\/ Required to proceed\n    if (!(typeof google === 'object' && typeof google.maps === 'object')) {\n      return\n    }\n\n    initialize()\n    google.maps.event.addDomListener(window, 'resize', initialize);\n    });\n    <\/script>\n\n    <div class=\"google-map relative mb\" id=\"map-304145093\">\n        <div class=\"map-height\" id=\"map-304145093-inner\"><\/div>\n        <div id=\"map_overlay_top\"><\/div>\n        <div id=\"map_overlay_bottom\"><\/div>\n                  <div class=\"map_inner map-inner last-reset absolute x100 md-x95 lg-x95 y100 md-y95 lg-y95\">\n              \n<h5>I-momnets<\/h5>\n<p>Ronda Ind\u00fastria 48, 08210 Barber\u00e0 del Vall\u00e8s, Barcelona.<\/p>\n         <\/div>\n       \n       \n<style>\n#map-304145093 .map-inner {\n  background-color: #fff;\n  max-width: 100%;\n}\n#map-304145093 .map-height {\n  height: 300px;\n}\n@media (min-width:550px) {\n  #map-304145093 .map-inner {\n    max-width: 40%;\n  }\n  #map-304145093 .map-height {\n    height: 656px;\n  }\n}\n@media (min-width:850px) {\n  #map-304145093 .map-inner {\n    max-width: 30%;\n  }\n}\n<\/style>\n    <\/div>\n\n\t\n\t\t<\/div>\n\t\t\t\t\t<\/div>\n\n\t\n<\/div>\n","protected":false},"excerpt":{"rendered":"","protected":false},"author":1,"featured_media":0,"parent":0,"menu_order":0,"comment_status":"closed","ping_status":"closed","template":"page-blank.php","meta":{"footnotes":""},"class_list":["post-14793","page","type-page","status-publish","hentry"],"_links":{"self":[{"href":"https:\/\/i-moments.com\/ca\/wp-json\/wp\/v2\/pages\/14793","targetHints":{"allow":["GET"]}}],"collection":[{"href":"https:\/\/i-moments.com\/ca\/wp-json\/wp\/v2\/pages"}],"about":[{"href":"https:\/\/i-moments.com\/ca\/wp-json\/wp\/v2\/types\/page"}],"author":[{"embeddable":true,"href":"https:\/\/i-moments.com\/ca\/wp-json\/wp\/v2\/users\/1"}],"replies":[{"embeddable":true,"href":"https:\/\/i-moments.com\/ca\/wp-json\/wp\/v2\/comments?post=14793"}],"version-history":[{"count":8,"href":"https:\/\/i-moments.com\/ca\/wp-json\/wp\/v2\/pages\/14793\/revisions"}],"predecessor-version":[{"id":23086,"href":"https:\/\/i-moments.com\/ca\/wp-json\/wp\/v2\/pages\/14793\/revisions\/23086"}],"wp:attachment":[{"href":"https:\/\/i-moments.com\/ca\/wp-json\/wp\/v2\/media?parent=14793"}],"curies":[{"name":"wp","href":"https:\/\/api.w.org\/{rel}","templated":true}]}}