{"id":13176,"date":"2023-05-26T10:01:58","date_gmt":"2023-05-26T08:01:58","guid":{"rendered":"https:\/\/i-moments.com\/p\/sense%20categoria\/tasses-per-a-esdeveniments-personalitzades\/"},"modified":"2025-09-30T15:09:29","modified_gmt":"2025-09-30T13:09:29","slug":"tasses-per-esdeveniments-personalitzades","status":"publish","type":"product","link":"https:\/\/i-moments.com\/ca\/p\/tasses-per-esdeveniments-personalitzades\/","title":{"rendered":"Tasses per a Esdeveniments Personalitzades"},"content":{"rendered":"<p>Descobreix les nostres incre\u00efbles tasses personalitzades, perfectes per a esdeveniments especials i celebracions! Les nostres tasses de cer\u00e0mica blanca s\u00f3n vers\u00e0tils i ofereixen innombrables opcions. Tu tries: fotografies, textos o els nostres dissenys originals!<\/p>\n<p>T&#8217;oferim packs de 12, 24 o 36 tasses a preus irresistibles. Adquirir aquests packs et permetr\u00e0 obtenir les nostres tasses personalitzades a un preu molt m\u00e9s econ\u00f2mic que si les compressis per separat. \u00c9s una oportunitat \u00fanica per estalviar i sorprendre els teus convidats amb un regal excepcional.<\/p>\n<p>Ja sigui com a regal per als teus convidats a un esdeveniment, regals de fi de curs, o tenir un detall per a un grup d&#8217;amics en i-moments tindr\u00e0s l&#8217;opci\u00f3 d&#8217;aconseguir una tassa \u00fanica i personalitzada com a record. Les nostres tasses s\u00f3n el regal perfecte, plenes de significat i amb un toc personalitzat que far\u00e0 que cada glop es converteixi en un moment especial.<\/p>\n<p>Imprimeix els teus millors records en aquestes tasses o afegeix missatges amb un significat especial. Prefereixes deixar volar la teva creativitat? Els nostres originals dissenys us encantaran. Cada tassa es crea amb atenci\u00f3 al detall i utilitzant materials d&#8217;alta qualitat per garantir-ne la durabilitat i la resist\u00e8ncia.<\/p>\n<p>No perdis l&#8217;oportunitat de marcar la difer\u00e8ncia en els esdeveniments i celebracions amb les nostres tasses personalitzades. S\u00f3n el complement perfecte per afegir un toc \u00fanic i especial. Fes la teva comanda ara i crea records inoblidables amb cada glop!<\/p>\n","protected":false},"excerpt":{"rendered":"<ul>\n<li>Material: Cer\u00e0mica<\/li>\n<li>Capacitat: 325 ml<\/li>\n<li>Grand\u00e0ria: \u00f88\u00d79,5 cm<\/li>\n<li>Apta per a rentaplats i microones<\/li>\n<li>Caixa regal opcional<\/li>\n<li>Packs: 12\/24\/36 u.<\/li>\n<\/ul>\n<p>Tasses per a Esdeveniments Personalitzades a preus irresistibles.<\/p>\n","protected":false},"featured_media":20999,"comment_status":"open","ping_status":"closed","template":"","meta":[],"product_brand":[],"product_cat":[572,571],"product_tag":[639,1159],"class_list":{"0":"post-13176","1":"product","2":"type-product","3":"status-publish","4":"has-post-thumbnail","6":"product_cat-tasses","7":"product_cat-tasses-personalitzades","8":"product_tag-regals-per-a-profes","9":"product_tag-esdeveniments","11":"first","12":"instock","13":"taxable","14":"shipping-taxable","15":"purchasable","16":"product-type-variable","17":"has-default-attributes"},"_links":{"self":[{"href":"https:\/\/i-moments.com\/ca\/wp-json\/wp\/v2\/product\/13176","targetHints":{"allow":["GET"]}}],"collection":[{"href":"https:\/\/i-moments.com\/ca\/wp-json\/wp\/v2\/product"}],"about":[{"href":"https:\/\/i-moments.com\/ca\/wp-json\/wp\/v2\/types\/product"}],"replies":[{"embeddable":true,"href":"https:\/\/i-moments.com\/ca\/wp-json\/wp\/v2\/comments?post=13176"}],"wp:featuredmedia":[{"embeddable":true,"href":"https:\/\/i-moments.com\/ca\/wp-json\/wp\/v2\/media\/20999"}],"wp:attachment":[{"href":"https:\/\/i-moments.com\/ca\/wp-json\/wp\/v2\/media?parent=13176"}],"wp:term":[{"taxonomy":"product_brand","embeddable":true,"href":"https:\/\/i-moments.com\/ca\/wp-json\/wp\/v2\/product_brand?post=13176"},{"taxonomy":"product_cat","embeddable":true,"href":"https:\/\/i-moments.com\/ca\/wp-json\/wp\/v2\/product_cat?post=13176"},{"taxonomy":"product_tag","embeddable":true,"href":"https:\/\/i-moments.com\/ca\/wp-json\/wp\/v2\/product_tag?post=13176"}],"curies":[{"name":"wp","href":"https:\/\/api.w.org\/{rel}","templated":true}]}}