{"id":13562,"date":"2022-05-04T06:52:48","date_gmt":"2022-05-04T04:52:48","guid":{"rendered":"https:\/\/i-moments.com\/p\/sense categoria\/davantal-personalitzat-blau\/"},"modified":"2022-05-04T06:52:48","modified_gmt":"2022-05-04T04:52:48","slug":"davantal-personalitzat-blau","status":"publish","type":"product","link":"https:\/\/i-moments.com\/ca\/p\/davantal-personalitzat-blau\/","title":{"rendered":"Davantal Personalitzat Blau"},"content":{"rendered":"<h2 style=\"text-align: center;\"><strong>DAVANTAL PERSONALITZAT BLAU  <\/strong><\/h2>\n<p>De vegades no sabem com sorprendre d&#8217;una manera original i divertida. Amb aquest davantal personalitzat aix\u00f2 deixar\u00e0 de ser un problema: ja sigui per a tu mateix o per fer un regal a aquest amant de la cuina, amb aquest davantal personalitzat blau podr\u00e0s tenir el complement perfecte. Dissorteu-ho com vulguis: utilitza fotos dels teus \u00e9ssers estimats, les teves mascotes, logos, lletres&#8230; fes-ho teu d&#8217;una forma senzilla gr\u00e0cies a i-moments.<\/p>\n<p><strong>CARACTER\u00cdSTIQUES DAVANTAL PERSONALITZAT BLAU MAR\u00cd:<\/strong><\/p>\n<ul>\n<li>Teixit: Poli\u00e8ster Blau<\/li>\n<li>Butxaca Frontal<\/li>\n<li>Mida: 70 x 85 cm<\/li>\n<li>Impressi\u00f3: 29 x 21,5 cm<\/li>\n<li>Apte per a rentadores<\/li>\n<\/ul>\n<p>&nbsp;<\/p>\n<p>&nbsp;<\/p>\n<p>&nbsp;<\/p>\n<p>&nbsp;<\/p>\n","protected":false},"excerpt":{"rendered":"<p>\u00bfRegals per a amants de la cuina? Personalitza el teu davantal blau amb les teves fotos favorites, logos, o frases. Amb aquest davantal personalitzat aconseguir\u00e0s un producte \u00fanic i exclusiu.<\/p>\n<p><strong>CARACTER\u00cdSTIQUES DAVANTAL PERSONALITZAT BLAU MAR\u00cd:<\/strong><\/p>\n<ul>\n<li>Teixit: Poli\u00e8ster Blau<\/li>\n<li>Butxaca Frontal<\/li>\n<li>Mida: 70 x 85 cm<\/li>\n<li>Impressi\u00f3: 29 x 21,5 cm<\/li>\n<li>Apte per a rentadores<\/li>\n<\/ul>\n<p>&nbsp;<\/p>\n","protected":false},"featured_media":12380,"comment_status":"open","ping_status":"closed","template":"","meta":[],"product_brand":[],"product_cat":[603,604,605],"product_tag":[606],"class_list":{"0":"post-13562","1":"product","2":"type-product","3":"status-publish","4":"has-post-thumbnail","6":"product_cat-llar","7":"product_cat-davantals-personalitzats","8":"product_cat-cuina-i-bany","9":"product_tag-davantal-personalitzat","11":"first","12":"instock","13":"taxable","14":"shipping-taxable","15":"purchasable","16":"product-type-variable"},"_links":{"self":[{"href":"https:\/\/i-moments.com\/ca\/wp-json\/wp\/v2\/product\/13562","targetHints":{"allow":["GET"]}}],"collection":[{"href":"https:\/\/i-moments.com\/ca\/wp-json\/wp\/v2\/product"}],"about":[{"href":"https:\/\/i-moments.com\/ca\/wp-json\/wp\/v2\/types\/product"}],"replies":[{"embeddable":true,"href":"https:\/\/i-moments.com\/ca\/wp-json\/wp\/v2\/comments?post=13562"}],"wp:featuredmedia":[{"embeddable":true,"href":"https:\/\/i-moments.com\/ca\/wp-json\/wp\/v2\/media\/12380"}],"wp:attachment":[{"href":"https:\/\/i-moments.com\/ca\/wp-json\/wp\/v2\/media?parent=13562"}],"wp:term":[{"taxonomy":"product_brand","embeddable":true,"href":"https:\/\/i-moments.com\/ca\/wp-json\/wp\/v2\/product_brand?post=13562"},{"taxonomy":"product_cat","embeddable":true,"href":"https:\/\/i-moments.com\/ca\/wp-json\/wp\/v2\/product_cat?post=13562"},{"taxonomy":"product_tag","embeddable":true,"href":"https:\/\/i-moments.com\/ca\/wp-json\/wp\/v2\/product_tag?post=13562"}],"curies":[{"name":"wp","href":"https:\/\/api.w.org\/{rel}","templated":true}]}}