{"id":13566,"date":"2022-05-03T10:40:38","date_gmt":"2022-05-03T10:40:38","guid":{"rendered":"https:\/\/i-moments.com\/p\/sense%20categoria\/borsa-personalitzada-plegable\/"},"modified":"2025-09-30T15:34:43","modified_gmt":"2025-09-30T13:34:43","slug":"bossa-personalitzada-plegable","status":"publish","type":"product","link":"https:\/\/i-moments.com\/ca\/p\/bossa-personalitzada-plegable\/","title":{"rendered":"Borsa Personalitzada Plegable"},"content":{"rendered":"<h2 style=\"text-align: center;\"><strong>BORSA PERSONALITZADA PLEGABLE<\/strong><\/h2>\n<p>Amb aquesta bossa personalitzada plegable aconseguir\u00e0s el producte ideal per a les teves compres o excursions. Podr\u00e0s portar-la c\u00f2modament contigo pel seu sistema de plegament, el qual et permetr\u00e0 guardar-la en qualsevol lloc ocupant el m\u00ednim espai i garantint sempre l&#8217;ordre que desitges.<\/p>\n<p>Podr\u00e0s utilitzar-la per a tot el que necessitis: compres, excursions, vacances&#8230; aquesta bossa personalitzada plegable es convertir\u00e0 en un regal \u00fanic o en el teu millor aliat quan desitges portar amb tot l&#8217;imprescindible. Crea el seu disseny i personalitza aquesta bossa reutilitzable amb les imatges, fotos, logos o frases que desitges.<\/p>\n<p><strong>CARACTER\u00cdSTIQUES BORSA PERSONALITZADA PLEGABLE:<\/strong><\/p>\n<ul>\n<li>Mida: 37 x 37 cm (Asa 30 cm)<\/li>\n<li>Material: poli\u00e8ster<\/li>\n<li>Impressi\u00f3: 2 cares<\/li>\n<li>Color: Blanc i negre<\/li>\n<\/ul>\n","protected":false},"excerpt":{"rendered":"<p>Amb aquesta bossa personalitzada plegable es van acabar els teus problemes d&#8217;espai. Podr\u00e0s guardar-la i portar-la contigo all\u00e0 on vulguis per fer-la servir com a desitges: per a les teves compres, per als teus dies a la platja, les excursions amb els teus fills&#8230; Personalitza i dissenya la teva bossa reutilitzable plegable per a tu o per fer un regal perfecte.<\/p>\n<p><strong>CARACTER\u00cdSTIQUES:<\/strong><\/p>\n<ul>\n<li>Mida: 37 x 37 cm (Asa 30 cm)<\/li>\n<li>Material: poli\u00e8ster<\/li>\n<li>Impressi\u00f3: 2 cares<\/li>\n<li>Color: Blanc i negre<\/li>\n<\/ul>\n","protected":false},"featured_media":25059,"comment_status":"open","ping_status":"closed","template":"","meta":[],"product_brand":[],"product_cat":[608,609,610],"product_tag":[611,1159],"class_list":{"0":"post-13566","1":"product","2":"type-product","3":"status-publish","4":"has-post-thumbnail","6":"product_cat-borses-personalitzades","7":"product_cat-regala-productes-personalitzats","8":"product_cat-accessoris-personalitzables","9":"product_tag-bossa-reutilitzable","10":"product_tag-esdeveniments","12":"first","13":"instock","14":"taxable","15":"shipping-taxable","16":"purchasable","17":"product-type-simple"},"_links":{"self":[{"href":"https:\/\/i-moments.com\/ca\/wp-json\/wp\/v2\/product\/13566","targetHints":{"allow":["GET"]}}],"collection":[{"href":"https:\/\/i-moments.com\/ca\/wp-json\/wp\/v2\/product"}],"about":[{"href":"https:\/\/i-moments.com\/ca\/wp-json\/wp\/v2\/types\/product"}],"replies":[{"embeddable":true,"href":"https:\/\/i-moments.com\/ca\/wp-json\/wp\/v2\/comments?post=13566"}],"wp:featuredmedia":[{"embeddable":true,"href":"https:\/\/i-moments.com\/ca\/wp-json\/wp\/v2\/media\/25059"}],"wp:attachment":[{"href":"https:\/\/i-moments.com\/ca\/wp-json\/wp\/v2\/media?parent=13566"}],"wp:term":[{"taxonomy":"product_brand","embeddable":true,"href":"https:\/\/i-moments.com\/ca\/wp-json\/wp\/v2\/product_brand?post=13566"},{"taxonomy":"product_cat","embeddable":true,"href":"https:\/\/i-moments.com\/ca\/wp-json\/wp\/v2\/product_cat?post=13566"},{"taxonomy":"product_tag","embeddable":true,"href":"https:\/\/i-moments.com\/ca\/wp-json\/wp\/v2\/product_tag?post=13566"}],"curies":[{"name":"wp","href":"https:\/\/api.w.org\/{rel}","templated":true}]}}