{"id":13572,"date":"2022-11-18T11:44:08","date_gmt":"2022-11-18T10:44:08","guid":{"rendered":"https:\/\/i-moments.com\/p\/sense%20categoria\/mitjo-de-nadal-personalitzat\/"},"modified":"2025-09-30T15:33:38","modified_gmt":"2025-09-30T13:33:38","slug":"mitjon-de-nadal-personalitzat","status":"publish","type":"product","link":"https:\/\/i-moments.com\/ca\/p\/mitjon-de-nadal-personalitzat\/","title":{"rendered":"Mitj\u00f3 de Nadal Personalitzat"},"content":{"rendered":"<h2 style=\"text-align: center;\"><strong>MITJ\u00d3 DE NADAL PERSONALITZAT<\/strong><\/h2>\n<p>Imagina la cara que posar\u00e0 quan vegi el seu mitj\u00f3 personalitzat ple de regals! El nadal ha arribat i amb aquest<strong> mitj\u00f3 nadalenc personalitzat<\/strong> la far\u00e0s encara m\u00e9s especial. T\u00e9 una mida suficient per omplir-lo de llaminadures, carb\u00f3 dol\u00e7 i un regal. T\u00e9 un bon tacte i estem conven\u00e7uts que als m\u00e9s petits de la casa els encantar\u00e0.<\/p>\n<ul>\n<li>Material: Simil Lino<\/li>\n<li>Color: Beix<\/li>\n<li>Mida: 27&#215;40 cm<\/li>\n<li>Tancament amb corda color vermell<\/li>\n<li>Impressi\u00f3: 23&#215;34 cm<\/li>\n<li>Apte per a rentadora<\/li>\n<\/ul>\n","protected":false},"excerpt":{"rendered":"<ul>\n<li>Material: Simil Lino<\/li>\n<li>Color: Beix<\/li>\n<li>Mida: 27&#215;40 cm<\/li>\n<li>Tancament amb corda color vermell<\/li>\n<li>Impressi\u00f3: 23&#215;34 cm<\/li>\n<li>Apte per a rentadora<\/li>\n<\/ul>\n","protected":false},"featured_media":22883,"comment_status":"open","ping_status":"closed","template":"","meta":[],"product_brand":[],"product_cat":[619,620],"product_tag":[621],"class_list":{"0":"post-13572","1":"product","2":"type-product","3":"status-publish","4":"has-post-thumbnail","6":"product_cat-nadal","7":"product_cat-adorns-de-nadal","8":"product_tag-nadal","10":"first","11":"instock","12":"taxable","13":"shipping-taxable","14":"purchasable","15":"product-type-simple"},"_links":{"self":[{"href":"https:\/\/i-moments.com\/ca\/wp-json\/wp\/v2\/product\/13572","targetHints":{"allow":["GET"]}}],"collection":[{"href":"https:\/\/i-moments.com\/ca\/wp-json\/wp\/v2\/product"}],"about":[{"href":"https:\/\/i-moments.com\/ca\/wp-json\/wp\/v2\/types\/product"}],"replies":[{"embeddable":true,"href":"https:\/\/i-moments.com\/ca\/wp-json\/wp\/v2\/comments?post=13572"}],"wp:featuredmedia":[{"embeddable":true,"href":"https:\/\/i-moments.com\/ca\/wp-json\/wp\/v2\/media\/22883"}],"wp:attachment":[{"href":"https:\/\/i-moments.com\/ca\/wp-json\/wp\/v2\/media?parent=13572"}],"wp:term":[{"taxonomy":"product_brand","embeddable":true,"href":"https:\/\/i-moments.com\/ca\/wp-json\/wp\/v2\/product_brand?post=13572"},{"taxonomy":"product_cat","embeddable":true,"href":"https:\/\/i-moments.com\/ca\/wp-json\/wp\/v2\/product_cat?post=13572"},{"taxonomy":"product_tag","embeddable":true,"href":"https:\/\/i-moments.com\/ca\/wp-json\/wp\/v2\/product_tag?post=13572"}],"curies":[{"name":"wp","href":"https:\/\/api.w.org\/{rel}","templated":true}]}}