{"id":13588,"date":"2021-11-15T10:28:04","date_gmt":"2021-11-15T10:28:04","guid":{"rendered":"https:\/\/i-moments.com\/p\/sense%20categoria\/foto-iman-insta\/"},"modified":"2025-12-23T07:26:28","modified_gmt":"2025-12-23T06:26:28","slug":"foto-iman-insta","status":"publish","type":"product","link":"https:\/\/i-moments.com\/ca\/p\/foto-iman-insta\/","title":{"rendered":"Foto Im\u00e1n Insta"},"content":{"rendered":"<h2 style=\"text-align: center;\"><strong>FOTO IM\u00c1N INSTA<\/strong><\/h2>\n<p>Descobreix com en tres clicks, crees, dissenyes i encarregues les teves millors fotos en imants divertits per a la teva nevera. A m\u00e9s, si la teva idea \u00e9s regalar-los, podr\u00e0s escollir entre boniques caixes de regal.<\/p>\n<h3><strong>Caracter\u00edstiques:<\/strong><\/h3>\n<ul>\n<li>Imants flexibles<\/li>\n<li>Mida 9&#215;9 cm \u2013 Pack 12 unitats<\/li>\n<li>Mida 7&#215;7 cm \u2013 Pack 24 unitats<\/li>\n<li>Mida 5&#215;5 cm \u2013 Pack 40 unitats<\/li>\n<li>Caixa de regal opcional<\/li>\n<\/ul>\n","protected":false},"excerpt":{"rendered":"<ul>\n<li>Imants flexibles<\/li>\n<li>Mida 9&#215;9 cm \u2013 Pack 12 unitats<\/li>\n<li>Mida 7&#215;7 cm \u2013 Pack 24 unitats<\/li>\n<li>Mida 5&#215;5 cm \u2013 Pack 40 unitats<\/li>\n<li>Caixa de regal opcional<\/li>\n<\/ul>\n","protected":false},"featured_media":11890,"comment_status":"open","ping_status":"closed","template":"","meta":[],"product_brand":[],"product_cat":[648,647],"product_tag":[650,651,1159,649],"class_list":{"0":"post-13588","1":"product","2":"type-product","3":"status-publish","4":"has-post-thumbnail","6":"product_cat-foto-iman-insta-ca","7":"product_cat-imants-personalitzats","8":"product_tag-graduacions","9":"product_tag-vacances","10":"product_tag-esdeveniments","11":"product_tag-nadons","13":"first","14":"instock","15":"taxable","16":"shipping-taxable","17":"purchasable","18":"product-type-variable"},"_links":{"self":[{"href":"https:\/\/i-moments.com\/ca\/wp-json\/wp\/v2\/product\/13588","targetHints":{"allow":["GET"]}}],"collection":[{"href":"https:\/\/i-moments.com\/ca\/wp-json\/wp\/v2\/product"}],"about":[{"href":"https:\/\/i-moments.com\/ca\/wp-json\/wp\/v2\/types\/product"}],"replies":[{"embeddable":true,"href":"https:\/\/i-moments.com\/ca\/wp-json\/wp\/v2\/comments?post=13588"}],"wp:featuredmedia":[{"embeddable":true,"href":"https:\/\/i-moments.com\/ca\/wp-json\/wp\/v2\/media\/11890"}],"wp:attachment":[{"href":"https:\/\/i-moments.com\/ca\/wp-json\/wp\/v2\/media?parent=13588"}],"wp:term":[{"taxonomy":"product_brand","embeddable":true,"href":"https:\/\/i-moments.com\/ca\/wp-json\/wp\/v2\/product_brand?post=13588"},{"taxonomy":"product_cat","embeddable":true,"href":"https:\/\/i-moments.com\/ca\/wp-json\/wp\/v2\/product_cat?post=13588"},{"taxonomy":"product_tag","embeddable":true,"href":"https:\/\/i-moments.com\/ca\/wp-json\/wp\/v2\/product_tag?post=13588"}],"curies":[{"name":"wp","href":"https:\/\/api.w.org\/{rel}","templated":true}]}}