{"id":13643,"date":"2022-05-03T04:49:06","date_gmt":"2022-05-03T04:49:06","guid":{"rendered":"https:\/\/i-moments.com\/p\/sense%20categoria\/borsa-gran-personalitzada-lli\/"},"modified":"2025-04-14T09:41:48","modified_gmt":"2025-04-14T07:41:48","slug":"bossa-gran-personalitzada-lli","status":"publish","type":"product","link":"https:\/\/i-moments.com\/ca\/p\/bossa-gran-personalitzada-lli\/","title":{"rendered":"Borsa Gran Personalitzada Lli"},"content":{"rendered":"<h2 style=\"text-align: center;\"><strong>BORSA GRAN PERSONALITZADA LLI<\/strong><\/h2>\n<p>Aquesta bossa gran personalitzada \u00e9s perfecta per a aquestes ocasions en qu\u00e8 necessites un gran espai per portar coses importants. C\u00f2moda, d&#8217;una gran qualitat i vers\u00e0til ja que pot ser el teu complement perfecte per anar de compres o per anar a la platja. Personalitza el teu tote bag amb la foto que m\u00e9s t&#8217;agradi i fes-la teva d&#8217;una forma senzilla gr\u00e0cies a i-moments.<\/p>\n<h3><strong>Caracter\u00edstiques Borsa Gran Personalitzada Lli:<\/strong><\/h3>\n<ul>\n<li><span style=\"color: #000000;\">Color: Beix<\/span><\/li>\n<li><span style=\"color: #000000;\">Mida: 50&#215;39 cm<\/span><\/li>\n<li><span style=\"color: #000000;\">Material: Polylinen<\/span><\/li>\n<li>Impressi\u00f3: 1 Cara<\/li>\n<li>Mida impressi\u00f3: 28&#215;28 cm<\/li>\n<\/ul>\n","protected":false},"excerpt":{"rendered":"<p>Amb aquesta tote bag o bossa personalitzada gran podr\u00e0s gaudir al m\u00e0xim de les teves tardes de platja, excursions o compres!<\/p>\n<p><strong>CARACTER\u00cdSTIQUES<\/strong><\/p>\n<ul>\n<li>Color: Beix<\/li>\n<li>Mida: 50&#215;39 cm<\/li>\n<li>Material: Polylinen<\/li>\n<li>Impressi\u00f3: 1 Cara<\/li>\n<li>Mida impressi\u00f3: 28&#215;28 cm<\/li>\n<\/ul>\n","protected":false},"featured_media":25235,"comment_status":"open","ping_status":"closed","template":"","meta":[],"product_brand":[],"product_cat":[608,609,610],"product_tag":[611,612,621,639,689,1159],"class_list":{"0":"post-13643","1":"product","2":"type-product","3":"status-publish","4":"has-post-thumbnail","6":"product_cat-borses-personalitzades","7":"product_cat-regala-productes-personalitzats","8":"product_cat-accessoris-personalitzables","9":"product_tag-bossa-reutilitzable","10":"product_tag-summer-vibes-ca","11":"product_tag-nadal","12":"product_tag-regals-per-a-profes","13":"product_tag-nature-ca","14":"product_tag-esdeveniments","16":"first","17":"instock","18":"taxable","19":"shipping-taxable","20":"purchasable","21":"product-type-simple"},"_links":{"self":[{"href":"https:\/\/i-moments.com\/ca\/wp-json\/wp\/v2\/product\/13643","targetHints":{"allow":["GET"]}}],"collection":[{"href":"https:\/\/i-moments.com\/ca\/wp-json\/wp\/v2\/product"}],"about":[{"href":"https:\/\/i-moments.com\/ca\/wp-json\/wp\/v2\/types\/product"}],"replies":[{"embeddable":true,"href":"https:\/\/i-moments.com\/ca\/wp-json\/wp\/v2\/comments?post=13643"}],"wp:featuredmedia":[{"embeddable":true,"href":"https:\/\/i-moments.com\/ca\/wp-json\/wp\/v2\/media\/25235"}],"wp:attachment":[{"href":"https:\/\/i-moments.com\/ca\/wp-json\/wp\/v2\/media?parent=13643"}],"wp:term":[{"taxonomy":"product_brand","embeddable":true,"href":"https:\/\/i-moments.com\/ca\/wp-json\/wp\/v2\/product_brand?post=13643"},{"taxonomy":"product_cat","embeddable":true,"href":"https:\/\/i-moments.com\/ca\/wp-json\/wp\/v2\/product_cat?post=13643"},{"taxonomy":"product_tag","embeddable":true,"href":"https:\/\/i-moments.com\/ca\/wp-json\/wp\/v2\/product_tag?post=13643"}],"curies":[{"name":"wp","href":"https:\/\/api.w.org\/{rel}","templated":true}]}}