{"id":13651,"date":"2022-05-03T04:31:40","date_gmt":"2022-05-03T04:31:40","guid":{"rendered":"https:\/\/i-moments.com\/p\/sense%20categoria\/neceser-personalitzat-lli\/"},"modified":"2025-04-14T09:41:47","modified_gmt":"2025-04-14T07:41:47","slug":"neceser-personalitzat-lli","status":"publish","type":"product","link":"https:\/\/i-moments.com\/ca\/p\/neceser-personalitzat-lli\/","title":{"rendered":"Neceser Personalitzat Lli"},"content":{"rendered":"<p style=\"text-align: center;\"><span style=\"color: #000000; font-size: 140%;\"><strong>NECESER PERSONALITZAT LLI<\/strong><\/span><\/p>\n<p><span style=\"color: #000000;\">Amb aquest necesser personalitzat estar\u00e0s llesta per a qualsevol ocasi\u00f3. Pots personalitzar-ho amb les teves fotos o frases favorites per fer un producte \u00fanic i irrepetible. Podr\u00e0s completar aquest estoig personalitzat amb la teva bossa personalitzada d&#8217;i-moments i aconseguir el conjunt perfecte per a qualsevol ocasi\u00f3. Ideal per a l&#8217; estiu, la piscina o la platja. Podr\u00e0s utilitzar-lo per organitzar de la forma correcta les teves pertinences!<\/span><\/p>\n<h3><strong>Caracter\u00edstiques Neceser Personalitzat Lli:<\/strong><\/h3>\n<ul>\n<li><span style=\"color: #000000;\">Color: Beix<\/span><\/li>\n<li><span style=\"color: #000000;\">Mida: 24&#215;15 cm<\/span><\/li>\n<li><span style=\"color: #000000;\">Material: Polylinen<\/span><\/li>\n<li>Impressi\u00f3: 1 Cara<\/li>\n<li>Mida impressi\u00f3: 18&#215;10 cm<\/li>\n<li><span style=\"color: #000000;\">Tipus de tancament: Cremallera<\/span><\/li>\n<li><span style=\"color: #000000;\">Asa inclosa<\/span><\/li>\n<\/ul>\n<p>&nbsp;<\/p>\n","protected":false},"excerpt":{"rendered":"<p>Est\u00e0s cansada de no trobar el que buscaves al teu bolso? Necessites un necesser personalitzat amb el qual organitzar la teva vida. Ja sigui per a tu o per regalar, aquest necesser personalitzat quedar\u00e0 perfecte quan el dissenyis com m\u00e9s t&#8217;agradi: fotos, imatges, paisatges, records, logos&#8230; Desplega la teva creativitat i crea regals \u00fanics amb i-moments.<\/p>\n<p><strong>CARACTER\u00cdSTIQUES<\/strong><\/p>\n<ul>\n<li><span style=\"color: #000000;\">Color: Beix<\/span><\/li>\n<li><span style=\"color: #000000;\">Mida: 24&#215;15 cm<\/span><\/li>\n<li><span style=\"color: #000000;\">Material: Polylinen<\/span><\/li>\n<li>Impressi\u00f3: 1 Cara<\/li>\n<li>Mida impressi\u00f3: 18&#215;10 cm<\/li>\n<li><span style=\"color: #000000;\">Tipus de tancament: Cremallera<\/span><\/li>\n<li><span style=\"color: #000000;\">Asa inclosa<\/span><\/li>\n<\/ul>\n","protected":false},"featured_media":18940,"comment_status":"open","ping_status":"closed","template":"","meta":[],"product_brand":[],"product_cat":[609,610],"product_tag":[612,621,639,689,691],"class_list":{"0":"post-13651","1":"product","2":"type-product","3":"status-publish","4":"has-post-thumbnail","6":"product_cat-regala-productes-personalitzats","7":"product_cat-accessoris-personalitzables","8":"product_tag-summer-vibes-ca","9":"product_tag-nadal","10":"product_tag-regals-per-a-profes","11":"product_tag-nature-ca","12":"product_tag-estoig-personalitzat","14":"first","15":"instock","16":"taxable","17":"shipping-taxable","18":"purchasable","19":"product-type-simple"},"_links":{"self":[{"href":"https:\/\/i-moments.com\/ca\/wp-json\/wp\/v2\/product\/13651","targetHints":{"allow":["GET"]}}],"collection":[{"href":"https:\/\/i-moments.com\/ca\/wp-json\/wp\/v2\/product"}],"about":[{"href":"https:\/\/i-moments.com\/ca\/wp-json\/wp\/v2\/types\/product"}],"replies":[{"embeddable":true,"href":"https:\/\/i-moments.com\/ca\/wp-json\/wp\/v2\/comments?post=13651"}],"wp:featuredmedia":[{"embeddable":true,"href":"https:\/\/i-moments.com\/ca\/wp-json\/wp\/v2\/media\/18940"}],"wp:attachment":[{"href":"https:\/\/i-moments.com\/ca\/wp-json\/wp\/v2\/media?parent=13651"}],"wp:term":[{"taxonomy":"product_brand","embeddable":true,"href":"https:\/\/i-moments.com\/ca\/wp-json\/wp\/v2\/product_brand?post=13651"},{"taxonomy":"product_cat","embeddable":true,"href":"https:\/\/i-moments.com\/ca\/wp-json\/wp\/v2\/product_cat?post=13651"},{"taxonomy":"product_tag","embeddable":true,"href":"https:\/\/i-moments.com\/ca\/wp-json\/wp\/v2\/product_tag?post=13651"}],"curies":[{"name":"wp","href":"https:\/\/api.w.org\/{rel}","templated":true}]}}