{"id":13653,"date":"2023-04-20T08:29:13","date_gmt":"2023-04-20T06:29:13","guid":{"rendered":"https:\/\/i-moments.com\/p\/sense%20categoria\/pegatines-cor-personalitzades\/"},"modified":"2025-09-30T15:33:29","modified_gmt":"2025-09-30T13:33:29","slug":"adhesives-corazon-personalitzades","status":"publish","type":"product","link":"https:\/\/i-moments.com\/ca\/p\/adhesives-corazon-personalitzades\/","title":{"rendered":"Pegatines Cor Personalitzades"},"content":{"rendered":"<h2 style=\"text-align: center;\"><strong>PEGATINES COR PERSONALITZADES<\/strong><\/h2>\n<p style=\"text-align: center;\">Decora les teves festes i celebracions de manera \u00fanica amb les nostres Pegatines Personalitzades! Aquestes enganxades s\u00f3n perfectes per afegir un toc especial als teus objectes de festa, com ampolles, caixetes, bosses de crispetes, gots i paquets de llaminadures. El millor? Les personalitzem segons les teves prefer\u00e8ncies! A m\u00e9s d&#8217;aquestes enganxades cor personalitzades podr\u00e0s triar altres mides, colors i formes, com cors, cercles i quadrats, per crear adhesius que s&#8217;adaptin perfectament al teu estil i tem\u00e0tica d&#8217;esdeveniment.<\/p>\n<p>Les nostres enganxades estan fetes amb materials d&#8217;alta qualitat i s\u00f3n f\u00e0cils d&#8217;aplicar i treure, sense deixar residus enganxosos. A m\u00e9s, oferim plantilles de dissenys perqu\u00e8 puguis inspirar-te i personalitzar els teus adhesions de manera senzilla. Si est\u00e0s organitzant una festa d&#8217;aniversari, un casament, un comiat de solter\/a o qualsevol altre esdeveniment festiu, les nostres Enganxades Personalitzades s\u00f3n el complement perfecte per fer-ho encara m\u00e9s especial.<\/p>\n<p>Fes que les teves celebracions siguin inoblidables amb les nostres Pegatines Personalitzades! Oferim opcions de personalitzaci\u00f3 il\u00b7limitades perqu\u00e8 puguis crear adhesions que siguin veritablement teves. Afegeix un toc personal i \u00fanic als teus objectes de festa amb les nostres enganxades de qualitat premium. Decora amb estil i crea records inoblidables amb les nostres Pegatines Personalitzades!<\/p>\n","protected":false},"excerpt":{"rendered":"<p>Aquestes enganxades cor personalitzades quedaran perfectes en els teus detalls de festa: ampolles, caixetes, bosses de crispetes, gots i paquets de llaminadures&#8230; Fes que les teves celebracions siguin \u00faniques amb les nostres enganxades personalitzades. Crea adhesius per als teus esdeveniments que s&#8217;adaptin perfectament al teu estil i sorpr\u00e8n els teus convidats.<\/p>\n<ul>\n<li>Material: Paper Adhesiu<\/li>\n<li>Mides: 5,5&#215;5 cm o 8&#215;7,3 cm<\/li>\n<li>Packs: min 10 \/ m\u00e0x 200<\/li>\n<li>Acabat: Brillantor<\/li>\n<\/ul>\n","protected":false},"featured_media":15123,"comment_status":"open","ping_status":"closed","template":"","meta":[],"product_brand":[],"product_cat":[673,672],"product_tag":[674,1159],"class_list":{"0":"post-13653","1":"product","2":"type-product","3":"status-publish","4":"has-post-thumbnail","6":"product_cat-adhesives-personalitzades","7":"product_cat-papereria-personalitzada","8":"product_tag-adhesives-personalitzades","9":"product_tag-esdeveniments","11":"first","12":"instock","13":"taxable","14":"shipping-taxable","15":"purchasable","16":"product-type-variable","17":"has-default-attributes"},"_links":{"self":[{"href":"https:\/\/i-moments.com\/ca\/wp-json\/wp\/v2\/product\/13653","targetHints":{"allow":["GET"]}}],"collection":[{"href":"https:\/\/i-moments.com\/ca\/wp-json\/wp\/v2\/product"}],"about":[{"href":"https:\/\/i-moments.com\/ca\/wp-json\/wp\/v2\/types\/product"}],"replies":[{"embeddable":true,"href":"https:\/\/i-moments.com\/ca\/wp-json\/wp\/v2\/comments?post=13653"}],"wp:featuredmedia":[{"embeddable":true,"href":"https:\/\/i-moments.com\/ca\/wp-json\/wp\/v2\/media\/15123"}],"wp:attachment":[{"href":"https:\/\/i-moments.com\/ca\/wp-json\/wp\/v2\/media?parent=13653"}],"wp:term":[{"taxonomy":"product_brand","embeddable":true,"href":"https:\/\/i-moments.com\/ca\/wp-json\/wp\/v2\/product_brand?post=13653"},{"taxonomy":"product_cat","embeddable":true,"href":"https:\/\/i-moments.com\/ca\/wp-json\/wp\/v2\/product_cat?post=13653"},{"taxonomy":"product_tag","embeddable":true,"href":"https:\/\/i-moments.com\/ca\/wp-json\/wp\/v2\/product_tag?post=13653"}],"curies":[{"name":"wp","href":"https:\/\/api.w.org\/{rel}","templated":true}]}}