{"id":13683,"date":"2023-04-19T12:57:34","date_gmt":"2023-04-19T10:57:34","guid":{"rendered":"https:\/\/i-moments.com\/p\/sense%20categoria\/enganxada-personalitzada-rectangular-50x33-mm-brillo\/"},"modified":"2025-09-30T15:33:43","modified_gmt":"2025-09-30T13:33:43","slug":"enganxada-personalitzada-rectangular-50x33-mm-brillantor","status":"publish","type":"product","link":"https:\/\/i-moments.com\/ca\/p\/enganxada-personalitzada-rectangular-50x33-mm-brillantor\/","title":{"rendered":"Enganxada Personalitzada Rectangular 5&#215;3,3 cm Brillo"},"content":{"rendered":"<h2 style=\"text-align: center;\"><b>PEGATINA PERSONALITZADA RECTANGULAR 5&#215;3,3 cm BRILLO<\/b><\/h2>\n<h2 style=\"text-align: left;\"><span style=\"color: #555555; font-size: 14.4px;\">Decora les teves festes i celebracions de manera \u00fanica amb les nostres Pegatines Personalitzades! Aquestes enganxades s\u00f3n perfectes per afegir un toc especial als teus objectes de festa, com ampolles, caixetes, bosses de crispetes, gots i paquets de llaminadures. A m\u00e9s de per a festes, si tens un negoci podr\u00e0s fer-les servir per personalitzar el packaging dels teus productes&#8230; \u00bfel millor? Les personalitzem segons les teves prefer\u00e8ncies! A m\u00e9s d&#8217;aquestes enganxades de 5&#215;3,3 cm personalitzades podr\u00e0s triar altres formes, mides i colors com cors, cercles i quadrats, per crear adhesius que s&#8217;adaptin perfectament al teu estil i tem\u00e0tica d&#8217;esdeveniment.<\/span><\/h2>\n<p style=\"text-align: left;\">Les nostres enganxades estan fetes amb materials d&#8217;alta qualitat i s\u00f3n f\u00e0cils d&#8217;aplicar. A m\u00e9s, oferim plantilles de dissenys perqu\u00e8 puguis inspirar-te i personalitzar els teus adhesions de manera senzilla. Si est\u00e0s organitzant una festa d&#8217;aniversari, un casament, un comiat de solter\/a o qualsevol altre esdeveniment festiu, les nostres Enganxades Personalitzades s\u00f3n el complement perfecte per fer-ho encara m\u00e9s especial.<\/p>\n<p style=\"text-align: left;\">Fes que les teves celebracions siguin inoblidables amb les nostres Pegatines Personalitzades! Oferim opcions de personalitzaci\u00f3 il\u00b7limitades perqu\u00e8 puguis crear adhesions que siguin veritablement teves. Afegeix un toc personal i \u00fanic als teus objectes de festa amb les nostres enganxades de qualitat premium. Decora amb estil i crea records inoblidables amb les nostres Pegatines Personalitzades!<\/p>\n","protected":false},"excerpt":{"rendered":"<p>Enganxada personalitzada personalitzada 5&#215;3,3 cm brillantor quedaran perfectes en els teus objectes de festa (ampolles, caixetes, bosses de crispetes, gots, paquets de llaminadures) o en el packaging dels productes del teu negoci. Sigui com sigui, fes que les teves celebracions o productes siguin \u00fanics amb les nostres enganxades personalitzades.<\/p>\n<ul>\n<li>Material: Paper Adhesiu<\/li>\n<li>Mides: 5&#215;3,3 cm<\/li>\n<li>Packs: (min 10 \/ m\u00e0x 200)<\/li>\n<li>Acabat: Brillantor<\/li>\n<\/ul>\n","protected":false},"featured_media":15129,"comment_status":"open","ping_status":"closed","template":"","meta":[],"product_brand":[],"product_cat":[673,672],"product_tag":[674,675,1159],"class_list":{"0":"post-13683","1":"product","2":"type-product","3":"status-publish","4":"has-post-thumbnail","6":"product_cat-adhesives-personalitzades","7":"product_cat-papereria-personalitzada","8":"product_tag-adhesives-personalitzades","9":"product_tag-enganxades-rectangulars","10":"product_tag-esdeveniments","12":"first","13":"instock","14":"taxable","15":"shipping-taxable","16":"purchasable","17":"product-type-variable"},"_links":{"self":[{"href":"https:\/\/i-moments.com\/ca\/wp-json\/wp\/v2\/product\/13683","targetHints":{"allow":["GET"]}}],"collection":[{"href":"https:\/\/i-moments.com\/ca\/wp-json\/wp\/v2\/product"}],"about":[{"href":"https:\/\/i-moments.com\/ca\/wp-json\/wp\/v2\/types\/product"}],"replies":[{"embeddable":true,"href":"https:\/\/i-moments.com\/ca\/wp-json\/wp\/v2\/comments?post=13683"}],"wp:featuredmedia":[{"embeddable":true,"href":"https:\/\/i-moments.com\/ca\/wp-json\/wp\/v2\/media\/15129"}],"wp:attachment":[{"href":"https:\/\/i-moments.com\/ca\/wp-json\/wp\/v2\/media?parent=13683"}],"wp:term":[{"taxonomy":"product_brand","embeddable":true,"href":"https:\/\/i-moments.com\/ca\/wp-json\/wp\/v2\/product_brand?post=13683"},{"taxonomy":"product_cat","embeddable":true,"href":"https:\/\/i-moments.com\/ca\/wp-json\/wp\/v2\/product_cat?post=13683"},{"taxonomy":"product_tag","embeddable":true,"href":"https:\/\/i-moments.com\/ca\/wp-json\/wp\/v2\/product_tag?post=13683"}],"curies":[{"name":"wp","href":"https:\/\/api.w.org\/{rel}","templated":true}]}}