{"id":13699,"date":"2022-11-24T12:08:38","date_gmt":"2022-11-24T11:08:38","guid":{"rendered":"https:\/\/i-moments.com\/p\/sense%20categoria\/tassa-de-cafe-personalitzada\/"},"modified":"2025-04-14T09:41:57","modified_gmt":"2025-04-14T07:41:57","slug":"tassa-de-cafe-personalitzada","status":"publish","type":"product","link":"https:\/\/i-moments.com\/ca\/p\/tassa-de-cafe-personalitzada\/","title":{"rendered":"Tassa de Caf\u00e8 Personalitzada"},"content":{"rendered":"<h2 style=\"text-align: center;\"><strong>TASSA DE CAF\u00c8 PERSONALITZADA<\/strong><\/h2>\n<p class=\"h4\"><strong>\u00a1Personalitza la teva tassa de caf\u00e8 amb la teva foto i text!<\/strong>  T\u00f3mate tu caf\u00e9 con una taza \u00fanica y exclusiva. Per a casa teva o per a l&#8217;oficina, sempre hi ha un moment perfecte per prendre un bon caf\u00e8!<br \/>\nAmb una selecci\u00f3 de diferents dissenys per triar, pots personalitzar la teva amb el teu propi disseny. Assegura&#8217;t de tenir una foto o text \u00fanic que t&#8217;agradaria veure impr\u00e8s a la tassa. La impressi\u00f3 \u00e9s a prova de rentaplats, d&#8217;aquesta manera et garantim gaudir de la teva tassa personal una i altra vegada.<\/p>\n<ul>\n<li>Material: Cer\u00e0mica<\/li>\n<li>Capacitat: 100 ml<\/li>\n<li>Mida: \u00f86\u00d76 cm<\/li>\n<li>Mida ideal caf\u00e8 expr\u00e9s o nom\u00e9s<\/li>\n<li>Apta per a rentaplats<\/li>\n<\/ul>\n","protected":false},"excerpt":{"rendered":"<p>T\u00f3mate tu caf\u00e9 con una taza \u00fanica y exclusiva. Fes \u00fanica la teva tassa de cafe personalitzada!<\/p>\n<ul>\n<li>Material: Cer\u00e0mica<\/li>\n<li>Capacitat: 100 ml<\/li>\n<li>Mida: \u00f86\u00d76 cm<\/li>\n<li>Mida ideal caf\u00e8 expr\u00e9s o nom\u00e9s<\/li>\n<li>Apta per a rentaplats<\/li>\n<\/ul>\n","protected":false},"featured_media":22808,"comment_status":"open","ping_status":"closed","template":"","meta":[],"product_brand":[],"product_cat":[571,572],"product_tag":[698],"class_list":{"0":"post-13699","1":"product","2":"type-product","3":"status-publish","4":"has-post-thumbnail","6":"product_cat-tasses-personalitzades","7":"product_cat-tasses","8":"product_tag-primera-comunio","10":"first","11":"instock","12":"taxable","13":"shipping-taxable","14":"purchasable","15":"product-type-simple"},"_links":{"self":[{"href":"https:\/\/i-moments.com\/ca\/wp-json\/wp\/v2\/product\/13699","targetHints":{"allow":["GET"]}}],"collection":[{"href":"https:\/\/i-moments.com\/ca\/wp-json\/wp\/v2\/product"}],"about":[{"href":"https:\/\/i-moments.com\/ca\/wp-json\/wp\/v2\/types\/product"}],"replies":[{"embeddable":true,"href":"https:\/\/i-moments.com\/ca\/wp-json\/wp\/v2\/comments?post=13699"}],"wp:featuredmedia":[{"embeddable":true,"href":"https:\/\/i-moments.com\/ca\/wp-json\/wp\/v2\/media\/22808"}],"wp:attachment":[{"href":"https:\/\/i-moments.com\/ca\/wp-json\/wp\/v2\/media?parent=13699"}],"wp:term":[{"taxonomy":"product_brand","embeddable":true,"href":"https:\/\/i-moments.com\/ca\/wp-json\/wp\/v2\/product_brand?post=13699"},{"taxonomy":"product_cat","embeddable":true,"href":"https:\/\/i-moments.com\/ca\/wp-json\/wp\/v2\/product_cat?post=13699"},{"taxonomy":"product_tag","embeddable":true,"href":"https:\/\/i-moments.com\/ca\/wp-json\/wp\/v2\/product_tag?post=13699"}],"curies":[{"name":"wp","href":"https:\/\/api.w.org\/{rel}","templated":true}]}}