{"id":13750,"date":"2022-05-02T14:33:26","date_gmt":"2022-05-02T14:33:26","guid":{"rendered":"https:\/\/i-moments.com\/p\/sense%20categoria\/borsa-personalitzada-lli\/"},"modified":"2025-09-30T15:35:00","modified_gmt":"2025-09-30T13:35:00","slug":"bossa-personalitzada-lli","status":"publish","type":"product","link":"https:\/\/i-moments.com\/ca\/p\/bossa-personalitzada-lli\/","title":{"rendered":"Borsa Personalitzada Lli"},"content":{"rendered":"<h2 style=\"text-align: center;\"><strong>BORSA PERSONALITZADA LLI<\/strong><\/h2>\n<p>Aquesta bossa \u00e9s perfecta per reutilitzar-la en les teves tasques quotidianes. Ja sigui per a la compra, per a l&#8217;escola o per al treball amb aquesta bossa personalitzada de lli podr\u00e0s utilitzar un producte \u00fanic i exclusiu i cuidar el planeta evitant l&#8217;\u00fas massiu de pl\u00e0stics. Si buscaves regals amb els quals poder sentir-te \u00fanic aquesta bossa personalitzada de lli est\u00e0 feta per a tu.<\/p>\n<p><strong>CARACTER\u00cdSTIQUES DE LA BORSA DE LLI<\/strong><\/p>\n<ul>\n<li>Color: Beix<\/li>\n<li>Mida: 35\u00d741 cm<\/li>\n<li>Material: Polylinen<\/li>\n<li>Impressi\u00f3: 1 Cara<\/li>\n<li>Mida impressi\u00f3: 25\u00d725 cm<\/li>\n<\/ul>\n<p>&nbsp;<\/p>\n","protected":false},"excerpt":{"rendered":"<p>Buscaves bosses reutilitzables? Amb aquesta bossa personalitzada de lli tens l&#8217;accessori perfecte per a les teves tardes de compres o els teus dies de platja. Si buscaves regals personalitzats aquesta tote bag \u00e9s perfecta per a tu.<\/p>\n<ul>\n<li>Color: Beix<\/li>\n<li>Mida: 35\u00d741 cm<\/li>\n<li>Material: Polylinen<\/li>\n<li>Impressi\u00f3: 1 Cara<\/li>\n<li>Mida impressi\u00f3: 25\u00d725 cm<\/li>\n<\/ul>\n<p>&nbsp;<\/p>\n","protected":false},"featured_media":18934,"comment_status":"open","ping_status":"closed","template":"","meta":[],"product_brand":[],"product_cat":[608,609,610],"product_tag":[611,621,689,1159],"class_list":{"0":"post-13750","1":"product","2":"type-product","3":"status-publish","4":"has-post-thumbnail","6":"product_cat-borses-personalitzades","7":"product_cat-regala-productes-personalitzats","8":"product_cat-accessoris-personalitzables","9":"product_tag-bossa-reutilitzable","10":"product_tag-nadal","11":"product_tag-nature-ca","12":"product_tag-esdeveniments","14":"first","15":"instock","16":"taxable","17":"shipping-taxable","18":"purchasable","19":"product-type-simple"},"_links":{"self":[{"href":"https:\/\/i-moments.com\/ca\/wp-json\/wp\/v2\/product\/13750","targetHints":{"allow":["GET"]}}],"collection":[{"href":"https:\/\/i-moments.com\/ca\/wp-json\/wp\/v2\/product"}],"about":[{"href":"https:\/\/i-moments.com\/ca\/wp-json\/wp\/v2\/types\/product"}],"replies":[{"embeddable":true,"href":"https:\/\/i-moments.com\/ca\/wp-json\/wp\/v2\/comments?post=13750"}],"wp:featuredmedia":[{"embeddable":true,"href":"https:\/\/i-moments.com\/ca\/wp-json\/wp\/v2\/media\/18934"}],"wp:attachment":[{"href":"https:\/\/i-moments.com\/ca\/wp-json\/wp\/v2\/media?parent=13750"}],"wp:term":[{"taxonomy":"product_brand","embeddable":true,"href":"https:\/\/i-moments.com\/ca\/wp-json\/wp\/v2\/product_brand?post=13750"},{"taxonomy":"product_cat","embeddable":true,"href":"https:\/\/i-moments.com\/ca\/wp-json\/wp\/v2\/product_cat?post=13750"},{"taxonomy":"product_tag","embeddable":true,"href":"https:\/\/i-moments.com\/ca\/wp-json\/wp\/v2\/product_tag?post=13750"}],"curies":[{"name":"wp","href":"https:\/\/api.w.org\/{rel}","templated":true}]}}