{"id":13762,"date":"2022-08-31T10:10:14","date_gmt":"2022-08-31T08:10:14","guid":{"rendered":"https:\/\/i-moments.com\/p\/sense%20categoria\/botella-termo-amb-asa-750-ml\/"},"modified":"2025-11-04T11:36:36","modified_gmt":"2025-11-04T10:36:36","slug":"ampolla-termo-amb-asa-750-ml","status":"publish","type":"product","link":"https:\/\/i-moments.com\/ca\/p\/ampolla-termo-amb-asa-750-ml\/","title":{"rendered":"Botella Termo amb Asa 750 ml"},"content":{"rendered":"<h2 style=\"text-align: center;\"><strong>BOTELLA TERMO AMB ASA PERSONALITZADA DE 750 ML<\/strong><\/h2>\n<p>Botella port\u00e0til d&#8217;acer inoxidable amb asa perqu\u00e8 puguis transportar-la c\u00f2modament, portar-la a la teva bossa o motxilla. Personalitza-la al teu gust, amb les teves fotos, logos o dibuixos.<br \/>\nIdeal per a l&#8217;esport, per a l&#8217;oficina, per anar d&#8217;excursi\u00f3&#8230; Mant\u00e9 les teves begudes calentes i fredes evita fuites i vessaments.<\/p>\n<h3><strong>Caracter\u00edstiques:<\/strong><\/h3>\n<ul>\n<li>Colors: Blanc \/ Alumini<\/li>\n<li>Mida: \u00f88 x 26 cm<\/li>\n<li>Capacitat: 750 ml.<\/li>\n<li>Material: Acer Inoxidable<\/li>\n<li>Tap de tancament de rosca<\/li>\n<li>Doble paret a\u00efllada<\/li>\n<li>Tapa de buit sense BPA<\/li>\n<li>Mant\u00e9 la calor o fred de 6 a 12h<\/li>\n<li>Apta per a rentaplats<\/li>\n<\/ul>\n","protected":false},"excerpt":{"rendered":"<ul>\n<li>Colors: Blanc \/ Alumini<\/li>\n<li>Mida: \u00f88 x 26 cm<\/li>\n<li>Capacitat: 750 ml.<\/li>\n<li>Material: Acer Inoxidable<\/li>\n<li>Tap de tancament de rosca<\/li>\n<li>Doble paret a\u00efllada<\/li>\n<li>Tapa de buit sense BPA<\/li>\n<li>Mant\u00e9 la calor o fred de 6 a 12h<\/li>\n<li>Apta per a rentaplats<\/li>\n<\/ul>\n","protected":false},"featured_media":25756,"comment_status":"open","ping_status":"closed","template":"","meta":[],"product_brand":[],"product_cat":[635,572],"product_tag":[612,621,627],"class_list":{"0":"post-13762","1":"product","2":"type-product","3":"status-publish","4":"has-post-thumbnail","6":"product_cat-ampolles-i-termos","7":"product_cat-tasses","8":"product_tag-summer-vibes-ca","9":"product_tag-nadal","10":"product_tag-dia-del-pare","12":"first","13":"instock","14":"taxable","15":"shipping-taxable","16":"purchasable","17":"product-type-variable","18":"has-default-attributes"},"_links":{"self":[{"href":"https:\/\/i-moments.com\/ca\/wp-json\/wp\/v2\/product\/13762","targetHints":{"allow":["GET"]}}],"collection":[{"href":"https:\/\/i-moments.com\/ca\/wp-json\/wp\/v2\/product"}],"about":[{"href":"https:\/\/i-moments.com\/ca\/wp-json\/wp\/v2\/types\/product"}],"replies":[{"embeddable":true,"href":"https:\/\/i-moments.com\/ca\/wp-json\/wp\/v2\/comments?post=13762"}],"wp:featuredmedia":[{"embeddable":true,"href":"https:\/\/i-moments.com\/ca\/wp-json\/wp\/v2\/media\/25756"}],"wp:attachment":[{"href":"https:\/\/i-moments.com\/ca\/wp-json\/wp\/v2\/media?parent=13762"}],"wp:term":[{"taxonomy":"product_brand","embeddable":true,"href":"https:\/\/i-moments.com\/ca\/wp-json\/wp\/v2\/product_brand?post=13762"},{"taxonomy":"product_cat","embeddable":true,"href":"https:\/\/i-moments.com\/ca\/wp-json\/wp\/v2\/product_cat?post=13762"},{"taxonomy":"product_tag","embeddable":true,"href":"https:\/\/i-moments.com\/ca\/wp-json\/wp\/v2\/product_tag?post=13762"}],"curies":[{"name":"wp","href":"https:\/\/api.w.org\/{rel}","templated":true}]}}