{"id":13768,"date":"2022-05-04T06:54:21","date_gmt":"2022-05-04T06:54:21","guid":{"rendered":"https:\/\/i-moments.com\/p\/sense%20categoria\/davantal-cintura-personalitzat-llarg-negre\/"},"modified":"2026-02-20T10:16:02","modified_gmt":"2026-02-20T09:16:02","slug":"davantal-cintura-personalitzat-llarg-negre","status":"publish","type":"product","link":"https:\/\/i-moments.com\/ca\/p\/davantal-cintura-personalitzat-llarg-negre\/","title":{"rendered":"Davantal Negre de Cintura Personalitzat"},"content":{"rendered":"<h2 style=\"text-align: center;\"><strong>DAVANTAL NEGRE DE CINTURA PERSONALITZAT<\/strong><\/h2>\n<p class=\"\" data-start=\"992\" data-end=\"1216\">Busques un <strong data-start=\"1003\" data-end=\"1046\">davantal negre de cintura personalitzat<\/strong> que combini funcionalitat i estil? Aquest model llarg de sat\u00e9n negre \u00e9s perfecte tant per a cuiners apassionats com per a cambrers i amants del disseny personalitzat. <\/p>\n<p class=\"\" data-start=\"1218\" data-end=\"1497\">La seva cort de cintura el fa c\u00f2mode i elegant, ideal per als qui necessiten llibertat de moviment mentre cuinen o serveixen. Pots personalitzar-lo amb fotos, frases, logotips o il\u00b7lustracions, creant aix\u00ed un davantal \u00fanic que s&#8217;adapta al teu estil o al d&#8217;aquesta persona especial. <\/p>\n<p class=\"\" data-start=\"1499\" data-end=\"1775\">Amb una \u00e0rea d&#8217; impressi\u00f3 de 35 x 30 cm i teixit resistent apte per a rentadora, aquest davantal de cintura esdev\u00e9 un regal original, \u00fatil i amb un acabat professional. Perfecte per a aniversaris, celebracions, negocis d&#8217;hostaleria o simplement per donar-te un caprici. <\/p>\n<p><strong>CARACTER\u00cdSTIQUES DAVANTAL NEGRE DE CINTURA PERSONALITZAT:<\/strong><\/p>\n<ul>\n<li>Mida: 84 x 82 cm<\/li>\n<li>Material: Sat\u00e9n Negro<\/li>\n<li>Impressi\u00f3: 35 x 30 cm<\/li>\n<li>Apte per a Rentadora<\/li>\n<\/ul>\n<p>&nbsp;<\/p>\n","protected":false},"excerpt":{"rendered":"<p>Amb aquest davantal de cintura personalitzat llarg tens el regal perfecte per a aquesta persona que estima cuinar. Si ets dels que els agrada buscar qualsevol excusa per reunir-se i menjar en fam\u00edlia aquest regal \u00e9s la manera perfecta de donar les gr\u00e0cies a aquesta persona que sempre cuina per a tothom.<\/p>\n","protected":false},"featured_media":20182,"comment_status":"open","ping_status":"closed","template":"","meta":[],"product_brand":[1265],"product_cat":[604,603,605],"product_tag":[716,1318,1371,1372],"class_list":{"0":"post-13768","1":"product","2":"type-product","3":"status-publish","4":"has-post-thumbnail","6":"product_brand-i-moments","7":"product_cat-davantals-personalitzats","8":"product_cat-llar","9":"product_cat-cuina-i-bany","10":"product_tag-davantal-faldilla-llarg","11":"product_tag-regal-original","12":"product_tag-per-a-cuinetes","13":"product_tag-per-a-hostaleria","15":"first","16":"instock","17":"taxable","18":"shipping-taxable","19":"purchasable","20":"product-type-simple"},"_links":{"self":[{"href":"https:\/\/i-moments.com\/ca\/wp-json\/wp\/v2\/product\/13768","targetHints":{"allow":["GET"]}}],"collection":[{"href":"https:\/\/i-moments.com\/ca\/wp-json\/wp\/v2\/product"}],"about":[{"href":"https:\/\/i-moments.com\/ca\/wp-json\/wp\/v2\/types\/product"}],"replies":[{"embeddable":true,"href":"https:\/\/i-moments.com\/ca\/wp-json\/wp\/v2\/comments?post=13768"}],"wp:featuredmedia":[{"embeddable":true,"href":"https:\/\/i-moments.com\/ca\/wp-json\/wp\/v2\/media\/20182"}],"wp:attachment":[{"href":"https:\/\/i-moments.com\/ca\/wp-json\/wp\/v2\/media?parent=13768"}],"wp:term":[{"taxonomy":"product_brand","embeddable":true,"href":"https:\/\/i-moments.com\/ca\/wp-json\/wp\/v2\/product_brand?post=13768"},{"taxonomy":"product_cat","embeddable":true,"href":"https:\/\/i-moments.com\/ca\/wp-json\/wp\/v2\/product_cat?post=13768"},{"taxonomy":"product_tag","embeddable":true,"href":"https:\/\/i-moments.com\/ca\/wp-json\/wp\/v2\/product_tag?post=13768"}],"curies":[{"name":"wp","href":"https:\/\/api.w.org\/{rel}","templated":true}]}}