{"id":13770,"date":"2021-10-22T09:54:03","date_gmt":"2021-10-22T09:54:03","guid":{"rendered":"https:\/\/i-moments.com\/p\/sense%20categoria\/monedero-senora-grande\/"},"modified":"2025-09-30T15:37:32","modified_gmt":"2025-09-30T13:37:32","slug":"moneder-senora-gran","status":"publish","type":"product","link":"https:\/\/i-moments.com\/ca\/p\/moneder-senora-gran\/","title":{"rendered":"Monedero Se\u00f1ora Grande"},"content":{"rendered":"<h2 style=\"text-align: center;\"><strong>MONEDERO SE\u00d1ORA GRANDE<\/strong><\/h2>\n<p>Tan important \u00e9s cuidar el teu look com els complements i accessoris que portes! El moneder de senyora gran t\u00e9 una forma allargada i la mida ideal per portar a la teva butxaca o motxilla. Est\u00e0 fet de pell sint\u00e8tica i t\u00e9 tancament imantat, per a una major protecci\u00f3 i seguretat. Al contrari dels que trobar\u00e0s en altres botigues, aquest moneder el pots personalitzar al teu gust amb les teves fotos i textos favorits. T\u00e9 espai per a bitllets, tres targetes de cr\u00e8dit, DNI i espai per a monedes amb cremallera. \u00a1Complet\u00edssim! Perqu\u00e8 volem que portis tot el que necessitis en el teu dia a dia ben protegit i amb estil. \u00c9s un regal ideal i molt pr\u00e0ctic en dates com el Dia de la Mare o aniversari.<\/p>\n<h3><strong>Caracter\u00edstiques:<\/strong><\/h3>\n<ul>\n<li>Material: Polipiel<\/li>\n<li>Mida: 19 x 10 cm<\/li>\n<li>Impressi\u00f3: 1 Cara<\/li>\n<\/ul>\n<p>&nbsp;<\/p>\n","protected":false},"excerpt":{"rendered":"<ul>\n<li>Material: Polipiel<\/li>\n<li>Mida: 19 x 10 cm<\/li>\n<li>Impressi\u00f3: 1 Cara<\/li>\n<\/ul>\n","protected":false},"featured_media":12264,"comment_status":"open","ping_status":"closed","template":"","meta":[],"product_brand":[],"product_cat":[609,610,718],"product_tag":[628,706],"class_list":{"0":"post-13770","1":"product","2":"type-product","3":"status-publish","4":"has-post-thumbnail","6":"product_cat-regala-productes-personalitzats","7":"product_cat-accessoris-personalitzables","8":"product_cat-moneders-personalitzats","9":"product_tag-dia-de-la-mare","10":"product_tag-per-a-ella","12":"first","13":"instock","14":"taxable","15":"shipping-taxable","16":"purchasable","17":"product-type-simple"},"_links":{"self":[{"href":"https:\/\/i-moments.com\/ca\/wp-json\/wp\/v2\/product\/13770","targetHints":{"allow":["GET"]}}],"collection":[{"href":"https:\/\/i-moments.com\/ca\/wp-json\/wp\/v2\/product"}],"about":[{"href":"https:\/\/i-moments.com\/ca\/wp-json\/wp\/v2\/types\/product"}],"replies":[{"embeddable":true,"href":"https:\/\/i-moments.com\/ca\/wp-json\/wp\/v2\/comments?post=13770"}],"wp:featuredmedia":[{"embeddable":true,"href":"https:\/\/i-moments.com\/ca\/wp-json\/wp\/v2\/media\/12264"}],"wp:attachment":[{"href":"https:\/\/i-moments.com\/ca\/wp-json\/wp\/v2\/media?parent=13770"}],"wp:term":[{"taxonomy":"product_brand","embeddable":true,"href":"https:\/\/i-moments.com\/ca\/wp-json\/wp\/v2\/product_brand?post=13770"},{"taxonomy":"product_cat","embeddable":true,"href":"https:\/\/i-moments.com\/ca\/wp-json\/wp\/v2\/product_cat?post=13770"},{"taxonomy":"product_tag","embeddable":true,"href":"https:\/\/i-moments.com\/ca\/wp-json\/wp\/v2\/product_tag?post=13770"}],"curies":[{"name":"wp","href":"https:\/\/api.w.org\/{rel}","templated":true}]}}