{"id":13774,"date":"2021-10-22T09:40:12","date_gmt":"2021-10-22T09:40:12","guid":{"rendered":"https:\/\/i-moments.com\/p\/sense%20categoria\/bolso-de-mano-personalizado\/"},"modified":"2025-09-30T15:37:41","modified_gmt":"2025-09-30T13:37:41","slug":"bolso-de-ma-personalitzat","status":"publish","type":"product","link":"https:\/\/i-moments.com\/ca\/p\/bolso-de-ma-personalitzat\/","title":{"rendered":"Bolso de Mano Personalizado"},"content":{"rendered":"<h2 style=\"text-align: center;\"><strong>BOLSO DE MANO<\/strong><\/h2>\n<p>Personalitza Bolso de tela per portar totes les teves coses. No posis l\u00edmits a la teva creativitat i dissenya un estoig amb les teves imatges preferides que gr\u00e0cies al nostre editor online podr\u00e0s transformar fins a deixar-les totalment al teu gust. La t\u00e8cnica que utilitzem en i-moments garanteix una gran qualitat d&#8217;imatge, amb els colors n\u00edtids. Tamb\u00e9 proporciona la imatge totalment acoblada al producte, \u00e9s a dir, no es gastar\u00e0 ni saltar\u00e0 a mida del temps i rentats.<\/p>\n<h3><strong>Caracter\u00edstiques:<\/strong><\/h3>\n<ul>\n<li>Color: Negre \/ Vermell<\/li>\n<li>Material: Teixit de Poli\u00e8ster<\/li>\n<li>Mida: 21 x 13 cm<\/li>\n<li>Tipus de tancament: velcro<\/li>\n<\/ul>\n","protected":false},"excerpt":{"rendered":"<ul>\n<li>Color: Negre \/ Vermell<\/li>\n<li>Material: Teixit de Poli\u00e8ster<\/li>\n<li>Mida: 21 x 13 cm<\/li>\n<li>Tipus de tancament: velcro<\/li>\n<\/ul>\n","protected":false},"featured_media":11780,"comment_status":"open","ping_status":"closed","template":"","meta":[],"product_brand":[],"product_cat":[609,610,702],"product_tag":[706],"class_list":{"0":"post-13774","1":"product","2":"type-product","3":"status-publish","4":"has-post-thumbnail","6":"product_cat-regala-productes-personalitzats","7":"product_cat-accessoris-personalitzables","8":"product_cat-bosses-personalitzades","9":"product_tag-per-a-ella","11":"first","12":"instock","13":"taxable","14":"shipping-taxable","15":"purchasable","16":"product-type-simple"},"_links":{"self":[{"href":"https:\/\/i-moments.com\/ca\/wp-json\/wp\/v2\/product\/13774","targetHints":{"allow":["GET"]}}],"collection":[{"href":"https:\/\/i-moments.com\/ca\/wp-json\/wp\/v2\/product"}],"about":[{"href":"https:\/\/i-moments.com\/ca\/wp-json\/wp\/v2\/types\/product"}],"replies":[{"embeddable":true,"href":"https:\/\/i-moments.com\/ca\/wp-json\/wp\/v2\/comments?post=13774"}],"wp:featuredmedia":[{"embeddable":true,"href":"https:\/\/i-moments.com\/ca\/wp-json\/wp\/v2\/media\/11780"}],"wp:attachment":[{"href":"https:\/\/i-moments.com\/ca\/wp-json\/wp\/v2\/media?parent=13774"}],"wp:term":[{"taxonomy":"product_brand","embeddable":true,"href":"https:\/\/i-moments.com\/ca\/wp-json\/wp\/v2\/product_brand?post=13774"},{"taxonomy":"product_cat","embeddable":true,"href":"https:\/\/i-moments.com\/ca\/wp-json\/wp\/v2\/product_cat?post=13774"},{"taxonomy":"product_tag","embeddable":true,"href":"https:\/\/i-moments.com\/ca\/wp-json\/wp\/v2\/product_tag?post=13774"}],"curies":[{"name":"wp","href":"https:\/\/api.w.org\/{rel}","templated":true}]}}