{"id":13778,"date":"2021-10-22T09:37:28","date_gmt":"2021-10-22T09:37:28","guid":{"rendered":"https:\/\/i-moments.com\/p\/sense%20categoria\/bolso-denim-mediano-personalitzat\/"},"modified":"2025-09-30T15:37:28","modified_gmt":"2025-09-30T13:37:28","slug":"bolso-denim-mitja-personalitzat","status":"publish","type":"product","link":"https:\/\/i-moments.com\/ca\/p\/bolso-denim-mitja-personalitzat\/","title":{"rendered":"Bolso Denim Mediano Personalitzat"},"content":{"rendered":"<h2 style=\"text-align: center;\"><strong>BOLSO DENIM MEDIANO PERSONALIZADO<\/strong><\/h2>\n<p>Pots personalitzar-lo amb la teva foto o disseny propi i afegir-hi el text que vulguis. Impressi\u00f3 resistent i d&#8217; alta qualitat.<br \/>\nTria entre els nostres originals dissenys el que m\u00e9s t&#8217;agradi. Impressi\u00f3 resistent i d&#8217; alta qualitat. Amb aquest regal original sempre encertar\u00e0s.<\/p>\n<h3><strong>Caracter\u00edstiques:<\/strong><\/h3>\n<ul>\n<li>Material: Teixit de Poli\u00e8ster<\/li>\n<li>Color: Negre<\/li>\n<li>Mida: 27&#215;29 cm<\/li>\n<\/ul>\n","protected":false},"excerpt":{"rendered":"<ul>\n<li>Material: Teixit de Poli\u00e8ster<\/li>\n<li>Color: Negre<\/li>\n<li>Mida: 27&#215;29 cm<\/li>\n<\/ul>\n","protected":false},"featured_media":11790,"comment_status":"open","ping_status":"closed","template":"","meta":[],"product_brand":[],"product_cat":[609,610,702],"product_tag":[706],"class_list":{"0":"post-13778","1":"product","2":"type-product","3":"status-publish","4":"has-post-thumbnail","6":"product_cat-regala-productes-personalitzats","7":"product_cat-accessoris-personalitzables","8":"product_cat-bosses-personalitzades","9":"product_tag-per-a-ella","11":"first","12":"instock","13":"taxable","14":"shipping-taxable","15":"purchasable","16":"product-type-simple"},"_links":{"self":[{"href":"https:\/\/i-moments.com\/ca\/wp-json\/wp\/v2\/product\/13778","targetHints":{"allow":["GET"]}}],"collection":[{"href":"https:\/\/i-moments.com\/ca\/wp-json\/wp\/v2\/product"}],"about":[{"href":"https:\/\/i-moments.com\/ca\/wp-json\/wp\/v2\/types\/product"}],"replies":[{"embeddable":true,"href":"https:\/\/i-moments.com\/ca\/wp-json\/wp\/v2\/comments?post=13778"}],"wp:featuredmedia":[{"embeddable":true,"href":"https:\/\/i-moments.com\/ca\/wp-json\/wp\/v2\/media\/11790"}],"wp:attachment":[{"href":"https:\/\/i-moments.com\/ca\/wp-json\/wp\/v2\/media?parent=13778"}],"wp:term":[{"taxonomy":"product_brand","embeddable":true,"href":"https:\/\/i-moments.com\/ca\/wp-json\/wp\/v2\/product_brand?post=13778"},{"taxonomy":"product_cat","embeddable":true,"href":"https:\/\/i-moments.com\/ca\/wp-json\/wp\/v2\/product_cat?post=13778"},{"taxonomy":"product_tag","embeddable":true,"href":"https:\/\/i-moments.com\/ca\/wp-json\/wp\/v2\/product_tag?post=13778"}],"curies":[{"name":"wp","href":"https:\/\/api.w.org\/{rel}","templated":true}]}}