{"id":13796,"date":"2021-10-22T09:56:51","date_gmt":"2021-10-22T09:56:51","guid":{"rendered":"https:\/\/i-moments.com\/p\/sense%20categoria\/monedero-tejano\/"},"modified":"2025-09-30T15:37:17","modified_gmt":"2025-09-30T13:37:17","slug":"moneder-tejano","status":"publish","type":"product","link":"https:\/\/i-moments.com\/ca\/p\/moneder-tejano\/","title":{"rendered":"Monedero Tejano"},"content":{"rendered":"<h2 style=\"text-align: center;\"><strong>MONEDERO TEJANO<\/strong><\/h2>\n<div id=\"seo_description\" class=\"description-hidden bg-white p-4 mt-1 position-relative\">\n<div class=\"row\">\n<div class=\"col-12\">\n<div class=\"product-page-text\">\n<p>Complet i pr\u00e0ctic moneder teulano personalitzat, amb diferents compartiments. T\u00e9 un doble compartiment tancat amb cremallera per guardar monedes i petits objectes de forma segura. S&#8217; obre en forma de tr\u00edptic per guardar bitllets, targetes i altres documents. T\u00e9 ranures per a targetes de cr\u00e8dit o targetes de visita, i t\u00e9 una zona amb pl\u00e0stic transparent, ideal per al DNI o per posar una foto. A fora pots personalitzar amb qualsevol foto, imatge o disseny.<\/p>\n<\/div>\n<\/div>\n<\/div>\n<\/div>\n<h3><strong>Caracter\u00edstiques:<\/strong><\/h3>\n<ul>\n<li>Monedero Tejano<\/li>\n<li>Material: Teulada<\/li>\n<li>Mida: 13 x 9 cm<\/li>\n<li>Impressi\u00f3: 1 Cara<\/li>\n<\/ul>\n<p>&nbsp;<\/p>\n","protected":false},"excerpt":{"rendered":"<ul>\n<li>Monedero Tejano<\/li>\n<li>Material: Teulada<\/li>\n<li>Mida: 13 x 9 cm<\/li>\n<li>Impressi\u00f3: 1 Cara<\/li>\n<\/ul>\n","protected":false},"featured_media":11778,"comment_status":"open","ping_status":"closed","template":"","meta":[],"product_brand":[],"product_cat":[609,610,718],"product_tag":[706],"class_list":{"0":"post-13796","1":"product","2":"type-product","3":"status-publish","4":"has-post-thumbnail","6":"product_cat-regala-productes-personalitzats","7":"product_cat-accessoris-personalitzables","8":"product_cat-moneders-personalitzats","9":"product_tag-per-a-ella","11":"first","12":"instock","13":"taxable","14":"shipping-taxable","15":"purchasable","16":"product-type-simple"},"_links":{"self":[{"href":"https:\/\/i-moments.com\/ca\/wp-json\/wp\/v2\/product\/13796","targetHints":{"allow":["GET"]}}],"collection":[{"href":"https:\/\/i-moments.com\/ca\/wp-json\/wp\/v2\/product"}],"about":[{"href":"https:\/\/i-moments.com\/ca\/wp-json\/wp\/v2\/types\/product"}],"replies":[{"embeddable":true,"href":"https:\/\/i-moments.com\/ca\/wp-json\/wp\/v2\/comments?post=13796"}],"wp:featuredmedia":[{"embeddable":true,"href":"https:\/\/i-moments.com\/ca\/wp-json\/wp\/v2\/media\/11778"}],"wp:attachment":[{"href":"https:\/\/i-moments.com\/ca\/wp-json\/wp\/v2\/media?parent=13796"}],"wp:term":[{"taxonomy":"product_brand","embeddable":true,"href":"https:\/\/i-moments.com\/ca\/wp-json\/wp\/v2\/product_brand?post=13796"},{"taxonomy":"product_cat","embeddable":true,"href":"https:\/\/i-moments.com\/ca\/wp-json\/wp\/v2\/product_cat?post=13796"},{"taxonomy":"product_tag","embeddable":true,"href":"https:\/\/i-moments.com\/ca\/wp-json\/wp\/v2\/product_tag?post=13796"}],"curies":[{"name":"wp","href":"https:\/\/api.w.org\/{rel}","templated":true}]}}