{"id":13804,"date":"2021-10-26T13:17:31","date_gmt":"2021-10-26T13:17:31","guid":{"rendered":"https:\/\/i-moments.com\/p\/sense%20categoria\/estrella-ceramica-nadal\/"},"modified":"2025-09-30T15:36:40","modified_gmt":"2025-09-30T13:36:40","slug":"estrella-ceramica-nadal","status":"publish","type":"product","link":"https:\/\/i-moments.com\/ca\/p\/estrella-ceramica-nadal\/","title":{"rendered":"Estrella Cer\u00e0mica Nadal"},"content":{"rendered":"<h2 style=\"text-align: center;\"><strong>ESTRELLA CER\u00c0MICA NADAL<\/strong><\/h2>\n<p>Aquesta estrella de cer\u00e0mica personalitzable ser\u00e0 la protagonista dels teus adorns de Nadal. A causa del seu fons blanc, ser\u00e0 perfecta perqu\u00e8 la personalitzis amb la teva foto favorita. La seva mida \u00e9s de 78\u00d765 mm i porta una cinta de tela vermella, perqu\u00e8 puguis penjar-la al teu arbre de Nadal. A m\u00e9s, si aquestes buscant un regal de Nadal original, aquesta estrella no deixar\u00e0 ning\u00fa indiferent.<\/p>\n<h3><strong>Caracter\u00edstiques:<\/strong><\/h3>\n<ul>\n<li>Material: Cer\u00e0mica<\/li>\n<li>Mida: 8&#215;8 cm<\/li>\n<li>Cordel Dorado Incl\u00f2s<\/li>\n<\/ul>\n","protected":false},"excerpt":{"rendered":"<ul>\n<li>Material: Cer\u00e0mica<\/li>\n<li>Mida: 8&#215;8 cm<\/li>\n<li>Cordel Dorado Incl\u00f2s<\/li>\n<\/ul>\n","protected":false},"featured_media":11730,"comment_status":"open","ping_status":"closed","template":"","meta":[],"product_brand":[],"product_cat":[619,620],"product_tag":[621,721],"class_list":{"0":"post-13804","1":"product","2":"type-product","3":"status-publish","4":"has-post-thumbnail","6":"product_cat-nadal","7":"product_cat-adorns-de-nadal","8":"product_tag-nadal","9":"product_tag-guarniment-de-nadal","11":"first","12":"instock","13":"taxable","14":"shipping-taxable","15":"purchasable","16":"product-type-simple"},"_links":{"self":[{"href":"https:\/\/i-moments.com\/ca\/wp-json\/wp\/v2\/product\/13804","targetHints":{"allow":["GET"]}}],"collection":[{"href":"https:\/\/i-moments.com\/ca\/wp-json\/wp\/v2\/product"}],"about":[{"href":"https:\/\/i-moments.com\/ca\/wp-json\/wp\/v2\/types\/product"}],"replies":[{"embeddable":true,"href":"https:\/\/i-moments.com\/ca\/wp-json\/wp\/v2\/comments?post=13804"}],"wp:featuredmedia":[{"embeddable":true,"href":"https:\/\/i-moments.com\/ca\/wp-json\/wp\/v2\/media\/11730"}],"wp:attachment":[{"href":"https:\/\/i-moments.com\/ca\/wp-json\/wp\/v2\/media?parent=13804"}],"wp:term":[{"taxonomy":"product_brand","embeddable":true,"href":"https:\/\/i-moments.com\/ca\/wp-json\/wp\/v2\/product_brand?post=13804"},{"taxonomy":"product_cat","embeddable":true,"href":"https:\/\/i-moments.com\/ca\/wp-json\/wp\/v2\/product_cat?post=13804"},{"taxonomy":"product_tag","embeddable":true,"href":"https:\/\/i-moments.com\/ca\/wp-json\/wp\/v2\/product_tag?post=13804"}],"curies":[{"name":"wp","href":"https:\/\/api.w.org\/{rel}","templated":true}]}}