{"id":13808,"date":"2021-10-26T11:42:48","date_gmt":"2021-10-26T11:42:48","guid":{"rendered":"https:\/\/i-moments.com\/p\/sense%20categoria\/cop-de-neu-nadal\/"},"modified":"2025-09-30T15:36:27","modified_gmt":"2025-09-30T13:36:27","slug":"cop-neu-nadal","status":"publish","type":"product","link":"https:\/\/i-moments.com\/ca\/p\/cop-neu-nadal\/","title":{"rendered":"Cop de Neu Nadal"},"content":{"rendered":"<h2 style=\"text-align: center;\"><strong>COP DE NEU NADAL<\/strong><\/h2>\n<p>El Cop de Neu de Nadal \u00e9s la decoraci\u00f3 perfecta per penjar l&#8217;arbre de Nadal i tenir un record dels teus \u00e9ssers estimats en aquestes dates tan especials. Fet d&#8217;alumini, et resistir\u00e0 durant molt de temps. A m\u00e9s, les seves mides de 7&#215;8 cm, el seu fil platejat, el centre personalitzable i la calaixera regal en la qual ve el converteixen en un adorn de nadal ideal per tenir un detallet i regalar-se&#8217;l a familiars, amics o parella. Aquests Nadals regala il\u00b7lusi\u00f3!<\/p>\n<h3><strong>Caracter\u00edstiques:<\/strong><\/h3>\n<ul>\n<li>Material: Alumini<\/li>\n<li>Mida: 7&#215;8 cm<\/li>\n<li>Cordel Platejat Incl\u00f2s<\/li>\n<li>Caixa Regal Inclosa<\/li>\n<\/ul>\n<h1 class=\"product_title entry-title\"><\/h1>\n","protected":false},"excerpt":{"rendered":"<ul>\n<li>Material: Alumini<\/li>\n<li>Mida: 7&#215;8 cm<\/li>\n<li>Cordel Platejat Incl\u00f2s<\/li>\n<li>Caixa Regal Inclosa<\/li>\n<\/ul>\n","protected":false},"featured_media":22886,"comment_status":"open","ping_status":"closed","template":"","meta":[],"product_brand":[],"product_cat":[619,620],"product_tag":[721,621],"class_list":{"0":"post-13808","1":"product","2":"type-product","3":"status-publish","4":"has-post-thumbnail","6":"product_cat-nadal","7":"product_cat-adorns-de-nadal","8":"product_tag-guarniment-de-nadal","9":"product_tag-nadal","11":"first","12":"instock","13":"taxable","14":"shipping-taxable","15":"purchasable","16":"product-type-simple"},"_links":{"self":[{"href":"https:\/\/i-moments.com\/ca\/wp-json\/wp\/v2\/product\/13808","targetHints":{"allow":["GET"]}}],"collection":[{"href":"https:\/\/i-moments.com\/ca\/wp-json\/wp\/v2\/product"}],"about":[{"href":"https:\/\/i-moments.com\/ca\/wp-json\/wp\/v2\/types\/product"}],"replies":[{"embeddable":true,"href":"https:\/\/i-moments.com\/ca\/wp-json\/wp\/v2\/comments?post=13808"}],"wp:featuredmedia":[{"embeddable":true,"href":"https:\/\/i-moments.com\/ca\/wp-json\/wp\/v2\/media\/22886"}],"wp:attachment":[{"href":"https:\/\/i-moments.com\/ca\/wp-json\/wp\/v2\/media?parent=13808"}],"wp:term":[{"taxonomy":"product_brand","embeddable":true,"href":"https:\/\/i-moments.com\/ca\/wp-json\/wp\/v2\/product_brand?post=13808"},{"taxonomy":"product_cat","embeddable":true,"href":"https:\/\/i-moments.com\/ca\/wp-json\/wp\/v2\/product_cat?post=13808"},{"taxonomy":"product_tag","embeddable":true,"href":"https:\/\/i-moments.com\/ca\/wp-json\/wp\/v2\/product_tag?post=13808"}],"curies":[{"name":"wp","href":"https:\/\/api.w.org\/{rel}","templated":true}]}}