{"id":13818,"date":"2021-11-08T08:28:36","date_gmt":"2021-11-08T07:28:36","guid":{"rendered":"https:\/\/i-moments.com\/p\/sense categoria\/carcasa-huawei-mate-20\/"},"modified":"2021-11-08T08:28:36","modified_gmt":"2021-11-08T07:28:36","slug":"carcassa-huawei-mate-20","status":"publish","type":"product","link":"https:\/\/i-moments.com\/ca\/p\/carcassa-huawei-mate-20\/","title":{"rendered":"Carcasa Huawei Mate 20"},"content":{"rendered":"<h2 style=\"text-align: center;\"><strong>HUAWEI MATE 20<\/strong><\/h2>\n<p>Personalitza-ho al teu gust amb una carcassa de silicona, tria la teva millor foto, dibuix, logo&#8230; Podr\u00e0s posar-li un text i a m\u00e9s el protegir\u00e0s de cops i ratllades.<\/p>\n<h3><strong>Caracter\u00edstiques:<\/strong><\/h3>\n<ul>\n<li>Material: Silicona Transparent<\/li>\n<li>Mida Impressi\u00f3: 8,5 x 16,5 cm<\/li>\n<\/ul>\n","protected":false},"excerpt":{"rendered":"<ul>\n<li>Material: Silicona Transparent<\/li>\n<li>Mida Impressi\u00f3: 8,5 x 16,5 cm<\/li>\n<\/ul>\n","protected":false},"featured_media":11848,"comment_status":"open","ping_status":"closed","template":"","meta":[],"product_brand":[],"product_cat":[609,610,723,724],"product_tag":[707],"class_list":{"0":"post-13818","1":"product","2":"type-product","3":"status-publish","4":"has-post-thumbnail","6":"product_cat-regala-productes-personalitzats","7":"product_cat-accessoris-personalitzables","8":"product_cat-carcasses-personalitzades-per-al-teu-mobil-ca","9":"product_cat-per-al-teu-huawei-ca","10":"product_tag-amic-invisible","12":"first","13":"instock","14":"taxable","15":"shipping-taxable","16":"purchasable","17":"product-type-variable"},"_links":{"self":[{"href":"https:\/\/i-moments.com\/ca\/wp-json\/wp\/v2\/product\/13818","targetHints":{"allow":["GET"]}}],"collection":[{"href":"https:\/\/i-moments.com\/ca\/wp-json\/wp\/v2\/product"}],"about":[{"href":"https:\/\/i-moments.com\/ca\/wp-json\/wp\/v2\/types\/product"}],"replies":[{"embeddable":true,"href":"https:\/\/i-moments.com\/ca\/wp-json\/wp\/v2\/comments?post=13818"}],"wp:featuredmedia":[{"embeddable":true,"href":"https:\/\/i-moments.com\/ca\/wp-json\/wp\/v2\/media\/11848"}],"wp:attachment":[{"href":"https:\/\/i-moments.com\/ca\/wp-json\/wp\/v2\/media?parent=13818"}],"wp:term":[{"taxonomy":"product_brand","embeddable":true,"href":"https:\/\/i-moments.com\/ca\/wp-json\/wp\/v2\/product_brand?post=13818"},{"taxonomy":"product_cat","embeddable":true,"href":"https:\/\/i-moments.com\/ca\/wp-json\/wp\/v2\/product_cat?post=13818"},{"taxonomy":"product_tag","embeddable":true,"href":"https:\/\/i-moments.com\/ca\/wp-json\/wp\/v2\/product_tag?post=13818"}],"curies":[{"name":"wp","href":"https:\/\/api.w.org\/{rel}","templated":true}]}}