{"id":13820,"date":"2021-10-26T08:48:07","date_gmt":"2021-10-26T08:48:07","guid":{"rendered":"https:\/\/i-moments.com\/p\/sense%20categoria\/tassa-conica-personalitzada\/"},"modified":"2025-09-30T15:37:02","modified_gmt":"2025-09-30T13:37:02","slug":"tassa-conica","status":"publish","type":"product","link":"https:\/\/i-moments.com\/ca\/p\/tassa-conica\/","title":{"rendered":"Tassa C\u00f2nica Personalitzada"},"content":{"rendered":"<h2 style=\"text-align: center;\"><strong>TASSA C\u00d2NICA PERSONALITZADA<\/strong><\/h2>\n<p>Els teus matins seran menys dures amb la tassa c\u00f2nica personalitzada. Per a tu \u00e9ssers estimats, aquesta tassa de cer\u00e0mica blanca de 500 ml \u00e9s el regal ideal per treure un somriure, \u00a1fins i tot nou aixecat! Com que \u00e9s de cer\u00e0mica blanca t&#8217;assegures de comprar un producte de qualitat, i el seu disseny c\u00f2nic fa que la tassa sigui una mica m\u00e9s alta que una tassa convencional, cosa que la fa ideal per prendre un bon caf\u00e8 amb llet, un te o un suc de taronja. A m\u00e9s, les teves fotos quedaran ideals!<\/p>\n<p>Personalitza-la online i crea els teus propis dissenys.<\/p>\n<h3><strong>Caracter\u00edstiques:<\/strong><\/h3>\n<ul>\n<li>Color: Blanc<\/li>\n<li>Material: Cer\u00e0mica<\/li>\n<li>Capacitat: 500 ml<\/li>\n<li>Mida: \u00f89\u00d715 cm<\/li>\n<li>Apta per a rentaplats i microones<\/li>\n<\/ul>\n","protected":false},"excerpt":{"rendered":"<p>&nbsp;<\/p>\n<ul>\n<li>Color: Blanc<\/li>\n<li>Material: Cer\u00e0mica<\/li>\n<li>Capacitat: 500 ml<\/li>\n<li>Mida: \u00f89\u00d715 cm<\/li>\n<li>Apta per a rentaplats i microones<\/li>\n<\/ul>\n","protected":false},"featured_media":25316,"comment_status":"open","ping_status":"closed","template":"","meta":[],"product_brand":[],"product_cat":[571,572],"product_tag":[637,650,686,698,706,707],"class_list":{"0":"post-13820","1":"product","2":"type-product","3":"status-publish","4":"has-post-thumbnail","6":"product_cat-tasses-personalitzades","7":"product_cat-tasses","8":"product_tag-per-a-la-llar","9":"product_tag-graduacions","10":"product_tag-sant-valenti","11":"product_tag-primera-comunio","12":"product_tag-per-a-ella","13":"product_tag-amic-invisible","15":"first","16":"instock","17":"taxable","18":"shipping-taxable","19":"purchasable","20":"product-type-simple"},"_links":{"self":[{"href":"https:\/\/i-moments.com\/ca\/wp-json\/wp\/v2\/product\/13820","targetHints":{"allow":["GET"]}}],"collection":[{"href":"https:\/\/i-moments.com\/ca\/wp-json\/wp\/v2\/product"}],"about":[{"href":"https:\/\/i-moments.com\/ca\/wp-json\/wp\/v2\/types\/product"}],"replies":[{"embeddable":true,"href":"https:\/\/i-moments.com\/ca\/wp-json\/wp\/v2\/comments?post=13820"}],"wp:featuredmedia":[{"embeddable":true,"href":"https:\/\/i-moments.com\/ca\/wp-json\/wp\/v2\/media\/25316"}],"wp:attachment":[{"href":"https:\/\/i-moments.com\/ca\/wp-json\/wp\/v2\/media?parent=13820"}],"wp:term":[{"taxonomy":"product_brand","embeddable":true,"href":"https:\/\/i-moments.com\/ca\/wp-json\/wp\/v2\/product_brand?post=13820"},{"taxonomy":"product_cat","embeddable":true,"href":"https:\/\/i-moments.com\/ca\/wp-json\/wp\/v2\/product_cat?post=13820"},{"taxonomy":"product_tag","embeddable":true,"href":"https:\/\/i-moments.com\/ca\/wp-json\/wp\/v2\/product_tag?post=13820"}],"curies":[{"name":"wp","href":"https:\/\/api.w.org\/{rel}","templated":true}]}}