{"id":13824,"date":"2021-10-26T08:34:59","date_gmt":"2021-10-26T08:34:59","guid":{"rendered":"https:\/\/i-moments.com\/p\/sense%20categoria\/tassa-curva-personalitzada\/"},"modified":"2025-09-30T15:37:12","modified_gmt":"2025-09-30T13:37:12","slug":"tassa-corba","status":"publish","type":"product","link":"https:\/\/i-moments.com\/ca\/p\/tassa-corba\/","title":{"rendered":"Tassa Curva Personalitzada"},"content":{"rendered":"<h2 style=\"text-align: center;\"><strong>TASSA CORBA PERSONALITZADA<\/strong><\/h2>\n<p>La tassa corba \u00e9s una elegant elecci\u00f3 per crear una tassa de cer\u00e0mica blanca personalitzada. Gr\u00e0cies a la seva vora acampanada, el seu disseny \u00e9s original i modern, i far\u00e0 que la teva tassa sigui el regal perfecte per a tu o per als teus \u00e9ssers estimats. Amb una capacitat de 300 ml, \u00a1aprofita per esmorzar o prendre el teu caf\u00e8 amb les teves fotos favorites i comen\u00e7a el dia de bon humor!<br \/>\nPersonalitza-la online i crea els teus propis dissenys.<\/p>\n<h3><strong>Caracter\u00edstiques:<\/strong><\/h3>\n<ul>\n<li>Material: Cer\u00e0mica<\/li>\n<li>Capacitat: 300 ml<\/li>\n<li>Mida: \u00f88\u00d711 cm<\/li>\n<li>Vora de la tassa corbada<\/li>\n<li>Apta per a rentaplats i microones<\/li>\n<li>Caixa regal opcional<\/li>\n<\/ul>\n","protected":false},"excerpt":{"rendered":"<ul>\n<li>Material: Cer\u00e0mica<\/li>\n<li>Capacitat: 300 ml<\/li>\n<li>Mida: \u00f88\u00d711 cm<\/li>\n<li>Vora de la tassa corbada<\/li>\n<li>Apta per a rentaplats i microones<\/li>\n<li>Caixa regal opcional<\/li>\n<\/ul>\n","protected":false},"featured_media":25313,"comment_status":"open","ping_status":"closed","template":"","meta":[],"product_brand":[],"product_cat":[571,572],"product_tag":[637,650,686,698,706,707],"class_list":{"0":"post-13824","1":"product","2":"type-product","3":"status-publish","4":"has-post-thumbnail","6":"product_cat-tasses-personalitzades","7":"product_cat-tasses","8":"product_tag-per-a-la-llar","9":"product_tag-graduacions","10":"product_tag-sant-valenti","11":"product_tag-primera-comunio","12":"product_tag-per-a-ella","13":"product_tag-amic-invisible","15":"first","16":"instock","17":"taxable","18":"shipping-taxable","19":"purchasable","20":"product-type-simple"},"_links":{"self":[{"href":"https:\/\/i-moments.com\/ca\/wp-json\/wp\/v2\/product\/13824","targetHints":{"allow":["GET"]}}],"collection":[{"href":"https:\/\/i-moments.com\/ca\/wp-json\/wp\/v2\/product"}],"about":[{"href":"https:\/\/i-moments.com\/ca\/wp-json\/wp\/v2\/types\/product"}],"replies":[{"embeddable":true,"href":"https:\/\/i-moments.com\/ca\/wp-json\/wp\/v2\/comments?post=13824"}],"wp:featuredmedia":[{"embeddable":true,"href":"https:\/\/i-moments.com\/ca\/wp-json\/wp\/v2\/media\/25313"}],"wp:attachment":[{"href":"https:\/\/i-moments.com\/ca\/wp-json\/wp\/v2\/media?parent=13824"}],"wp:term":[{"taxonomy":"product_brand","embeddable":true,"href":"https:\/\/i-moments.com\/ca\/wp-json\/wp\/v2\/product_brand?post=13824"},{"taxonomy":"product_cat","embeddable":true,"href":"https:\/\/i-moments.com\/ca\/wp-json\/wp\/v2\/product_cat?post=13824"},{"taxonomy":"product_tag","embeddable":true,"href":"https:\/\/i-moments.com\/ca\/wp-json\/wp\/v2\/product_tag?post=13824"}],"curies":[{"name":"wp","href":"https:\/\/api.w.org\/{rel}","templated":true}]}}