{"id":13828,"date":"2021-10-22T10:02:30","date_gmt":"2021-10-22T10:02:30","guid":{"rendered":"https:\/\/i-moments.com\/p\/sense%20categoria\/billetero-home\/"},"modified":"2025-09-30T15:36:58","modified_gmt":"2025-09-30T13:36:58","slug":"bitlleter-cavaller","status":"publish","type":"product","link":"https:\/\/i-moments.com\/ca\/p\/bitlleter-cavaller\/","title":{"rendered":"Bitlleter per a home personalitzat"},"content":{"rendered":"<h2 style=\"text-align: center;\"><strong>BITLLETER PER A HOME PERSONALITZAT<\/strong><\/h2>\n<p>Hi ha elements imprescindibles a l&#8217;hora de sortir de casa: m\u00f2bil, claus i, per suposat, aquest Bitlleter d&#8217;home, \u00e9s ideal per a ells i es pot dissenyar exactament com desitges amb el seu nom, fotos o qualsevol disseny bonic. Tamb\u00e9 posem a la teva disposici\u00f3 diverses plantilles que pots escollir i adaptar al teu gust. Aquest bitllet personalitzat d&#8217;home est\u00e0 pensat perqu\u00e8 porti en ell tot el que necessita en el seu dia a dia. T\u00e9 espai per a tres targetes, bitllets i un buit transparent on pot posar una foto dels peques o el document d&#8217;identitat. Un altre dels avantatges \u00e9s que no disposa d&#8217;espai per a monedes, aix\u00ed ocupa molt menys i podr\u00e0 portar-la a la seva butxaca de manera c\u00f2moda. \u00c9s de pell sint\u00e8tica i t\u00e9 tancament magn\u00e8tic, aix\u00ed compta amb una major seguretat. \u00c9s un regal ideal en ocasions com el Dia del Pare, per\u00f2 tamb\u00e9 com a detall en les dates assenyalades.<\/p>\n<h3><strong>Caracter\u00edstiques:<\/strong><\/h3>\n<ul>\n<li>Material: Pell Sint\u00e8tica<\/li>\n<li>Mida: 12 x 10 cm<\/li>\n<li>Impressi\u00f3: 1 Cara<\/li>\n<\/ul>\n<p>&nbsp;<\/p>\n","protected":false},"excerpt":{"rendered":"<ul>\n<li>Material: Pell Sint\u00e8tica<\/li>\n<li>Mida: 12 x 10 cm<\/li>\n<li>Impressi\u00f3: 1 Cara<\/li>\n<\/ul>\n","protected":false},"featured_media":11770,"comment_status":"open","ping_status":"closed","template":"","meta":[],"product_brand":[],"product_cat":[609,610,718],"product_tag":[636],"class_list":{"0":"post-13828","1":"product","2":"type-product","3":"status-publish","4":"has-post-thumbnail","6":"product_cat-regala-productes-personalitzats","7":"product_cat-accessoris-personalitzables","8":"product_cat-moneders-personalitzats","9":"product_tag-per-a-ell","11":"first","12":"instock","13":"taxable","14":"shipping-taxable","15":"purchasable","16":"product-type-simple"},"_links":{"self":[{"href":"https:\/\/i-moments.com\/ca\/wp-json\/wp\/v2\/product\/13828","targetHints":{"allow":["GET"]}}],"collection":[{"href":"https:\/\/i-moments.com\/ca\/wp-json\/wp\/v2\/product"}],"about":[{"href":"https:\/\/i-moments.com\/ca\/wp-json\/wp\/v2\/types\/product"}],"replies":[{"embeddable":true,"href":"https:\/\/i-moments.com\/ca\/wp-json\/wp\/v2\/comments?post=13828"}],"wp:featuredmedia":[{"embeddable":true,"href":"https:\/\/i-moments.com\/ca\/wp-json\/wp\/v2\/media\/11770"}],"wp:attachment":[{"href":"https:\/\/i-moments.com\/ca\/wp-json\/wp\/v2\/media?parent=13828"}],"wp:term":[{"taxonomy":"product_brand","embeddable":true,"href":"https:\/\/i-moments.com\/ca\/wp-json\/wp\/v2\/product_brand?post=13828"},{"taxonomy":"product_cat","embeddable":true,"href":"https:\/\/i-moments.com\/ca\/wp-json\/wp\/v2\/product_cat?post=13828"},{"taxonomy":"product_tag","embeddable":true,"href":"https:\/\/i-moments.com\/ca\/wp-json\/wp\/v2\/product_tag?post=13828"}],"curies":[{"name":"wp","href":"https:\/\/api.w.org\/{rel}","templated":true}]}}