{"id":13832,"date":"2021-10-26T13:58:56","date_gmt":"2021-10-26T13:58:56","guid":{"rendered":"https:\/\/i-moments.com\/p\/sense%20categoria\/estrella-adorno-navidad\/"},"modified":"2025-10-22T12:14:24","modified_gmt":"2025-10-22T10:14:24","slug":"estrella-adorn-nadal","status":"publish","type":"product","link":"https:\/\/i-moments.com\/ca\/p\/estrella-adorn-nadal\/","title":{"rendered":"Bola Estrella de Nadal"},"content":{"rendered":"<h2 style=\"text-align: center;\"><strong>BOLA ESTRELLA DE NADAL<\/strong><\/h2>\n<p>Aquest guarniment ser\u00e0 l&#8217;estrella del teu arbre aquests Nadals. Amb la seva forma d&#8217;estrella transparent, permet que la personalitzis amb les teves dues fotos favorites per sorprendre tots els teus convidats. Cu\u00e9lgala a l&#8217;arbre o com a detall per regalar durant els dinars i sopars d&#8217;aquestes festes. A m\u00e9s, et permetr\u00e0 que la combines amb altres formes i altres decoracions i que deixis el teu arbre d&#8217;all\u00f2 m\u00e9s bonic. Segur que reps molts dels teus convidats!<\/p>\n<h3><strong>Caracter\u00edstiques:<\/strong><\/h3>\n<ul>\n<li>Material: Pl\u00e0stic<\/li>\n<li>Mida: 9&#215;9 cm<\/li>\n<li>Personalitzaci\u00f3: 2 cares<\/li>\n<li>Cinta de Vellut Inclosa<\/li>\n<\/ul>\n","protected":false},"excerpt":{"rendered":"<ul>\n<li>Material: Pl\u00e0stic<\/li>\n<li>Mida: 9&#215;9 cm<\/li>\n<li>Personalitzaci\u00f3: 2 cares<\/li>\n<li>Cinta de Vellut Inclosa<\/li>\n<\/ul>\n","protected":false},"featured_media":22832,"comment_status":"open","ping_status":"closed","template":"","meta":[],"product_brand":[],"product_cat":[619,620],"product_tag":[621,721],"class_list":{"0":"post-13832","1":"product","2":"type-product","3":"status-publish","4":"has-post-thumbnail","6":"product_cat-nadal","7":"product_cat-adorns-de-nadal","8":"product_tag-nadal","9":"product_tag-guarniment-de-nadal","11":"first","12":"instock","13":"taxable","14":"shipping-taxable","15":"purchasable","16":"product-type-simple"},"_links":{"self":[{"href":"https:\/\/i-moments.com\/ca\/wp-json\/wp\/v2\/product\/13832","targetHints":{"allow":["GET"]}}],"collection":[{"href":"https:\/\/i-moments.com\/ca\/wp-json\/wp\/v2\/product"}],"about":[{"href":"https:\/\/i-moments.com\/ca\/wp-json\/wp\/v2\/types\/product"}],"replies":[{"embeddable":true,"href":"https:\/\/i-moments.com\/ca\/wp-json\/wp\/v2\/comments?post=13832"}],"wp:featuredmedia":[{"embeddable":true,"href":"https:\/\/i-moments.com\/ca\/wp-json\/wp\/v2\/media\/22832"}],"wp:attachment":[{"href":"https:\/\/i-moments.com\/ca\/wp-json\/wp\/v2\/media?parent=13832"}],"wp:term":[{"taxonomy":"product_brand","embeddable":true,"href":"https:\/\/i-moments.com\/ca\/wp-json\/wp\/v2\/product_brand?post=13832"},{"taxonomy":"product_cat","embeddable":true,"href":"https:\/\/i-moments.com\/ca\/wp-json\/wp\/v2\/product_cat?post=13832"},{"taxonomy":"product_tag","embeddable":true,"href":"https:\/\/i-moments.com\/ca\/wp-json\/wp\/v2\/product_tag?post=13832"}],"curies":[{"name":"wp","href":"https:\/\/api.w.org\/{rel}","templated":true}]}}