{"id":13842,"date":"2021-10-26T09:09:06","date_gmt":"2021-10-26T09:09:06","guid":{"rendered":"https:\/\/i-moments.com\/p\/sense%20categoria\/tassa-ceramica-xl\/"},"modified":"2025-09-30T15:36:36","modified_gmt":"2025-09-30T13:36:36","slug":"tassa-ceramica-xl","status":"publish","type":"product","link":"https:\/\/i-moments.com\/ca\/p\/tassa-ceramica-xl\/","title":{"rendered":"Tassa de Cer\u00e0mica XL Personalitzada"},"content":{"rendered":"<h2 style=\"text-align: center;\"><strong>TASSA DE CER\u00c0MICA XL PERSONALITZADA<\/strong><\/h2>\n<p>La tassa XL es convertir\u00e0 en la teva tassa favorita gr\u00e0cies a la seva versatilitat i el seu bonic disseny de cer\u00e0mica blanca. Com que \u00e9s de 450 ml, et servir\u00e0 tant per esmorzar, per prendre un caf\u00e8, te o suc de taronja o fins i tot per sopar una crema o sopa. A m\u00e9s, \u00e9s un llen\u00e7 en blanc per donar-li regna solta a la teva creativitat: explora els nostres dissenys o crea el teu online.<\/p>\n<h3><strong>Caracter\u00edstiques:<\/strong><\/h3>\n<ul>\n<li>Color: Blanc<\/li>\n<li>Material: Cer\u00e0mica<\/li>\n<li>Capacitat: 450 ml<\/li>\n<li>Mida: \u00f89\u00d712 cm<\/li>\n<li>Apta per a rentaplats i microones<\/li>\n<\/ul>\n<p>&nbsp;<\/p>\n","protected":false},"excerpt":{"rendered":"<ul>\n<li>Color: Blanc<\/li>\n<li>Material: Cer\u00e0mica<\/li>\n<li>Capacitat: 450 ml<\/li>\n<li>Mida: \u00f89\u00d712 cm<\/li>\n<li>Apta per a rentaplats i microones<\/li>\n<\/ul>\n","protected":false},"featured_media":18808,"comment_status":"open","ping_status":"closed","template":"","meta":[],"product_brand":[],"product_cat":[571,572],"product_tag":[637,650,698,706,707],"class_list":{"0":"post-13842","1":"product","2":"type-product","3":"status-publish","4":"has-post-thumbnail","6":"product_cat-tasses-personalitzades","7":"product_cat-tasses","8":"product_tag-per-a-la-llar","9":"product_tag-graduacions","10":"product_tag-primera-comunio","11":"product_tag-per-a-ella","12":"product_tag-amic-invisible","14":"first","15":"instock","16":"taxable","17":"shipping-taxable","18":"purchasable","19":"product-type-simple"},"_links":{"self":[{"href":"https:\/\/i-moments.com\/ca\/wp-json\/wp\/v2\/product\/13842","targetHints":{"allow":["GET"]}}],"collection":[{"href":"https:\/\/i-moments.com\/ca\/wp-json\/wp\/v2\/product"}],"about":[{"href":"https:\/\/i-moments.com\/ca\/wp-json\/wp\/v2\/types\/product"}],"replies":[{"embeddable":true,"href":"https:\/\/i-moments.com\/ca\/wp-json\/wp\/v2\/comments?post=13842"}],"wp:featuredmedia":[{"embeddable":true,"href":"https:\/\/i-moments.com\/ca\/wp-json\/wp\/v2\/media\/18808"}],"wp:attachment":[{"href":"https:\/\/i-moments.com\/ca\/wp-json\/wp\/v2\/media?parent=13842"}],"wp:term":[{"taxonomy":"product_brand","embeddable":true,"href":"https:\/\/i-moments.com\/ca\/wp-json\/wp\/v2\/product_brand?post=13842"},{"taxonomy":"product_cat","embeddable":true,"href":"https:\/\/i-moments.com\/ca\/wp-json\/wp\/v2\/product_cat?post=13842"},{"taxonomy":"product_tag","embeddable":true,"href":"https:\/\/i-moments.com\/ca\/wp-json\/wp\/v2\/product_tag?post=13842"}],"curies":[{"name":"wp","href":"https:\/\/api.w.org\/{rel}","templated":true}]}}