{"id":13846,"date":"2021-10-26T08:55:42","date_gmt":"2021-10-26T08:55:42","guid":{"rendered":"https:\/\/i-moments.com\/p\/sense%20categoria\/tassa-filo-i-asa-daurada\/"},"modified":"2025-09-30T15:36:45","modified_gmt":"2025-09-30T13:36:45","slug":"tassa-fil-i-asa-daurada","status":"publish","type":"product","link":"https:\/\/i-moments.com\/ca\/p\/tassa-fil-i-asa-daurada\/","title":{"rendered":"Tassa Filo i Asa Daurada"},"content":{"rendered":"<h2 style=\"text-align: center;\"><strong>TASSA FIL I ASA DAURADA<\/strong><\/h2>\n<p><span style=\"font-weight: 400;\">La Tassa de Filo i Asa Daurada d&#8217;I-moments no \u00e9s una tassa qualsevol: el seu cridaner disseny no deix\u00e9s ning\u00fa indiferent. A m\u00e9s, com que \u00e9s de cer\u00e0mica blanca la teva tassa es mantindr\u00e0 com el primer dia durant molt de temps. Malgrat el seu fil daurat, \u00e9s resistent a microones i rentaplats. Qu\u00e8 m\u00e9s es pot demanar? <\/span><span style=\"font-weight: 400;\">Perfecta per a aquelles persones que vulguin aportar una mica de color al seu dia a dia, et servir\u00e0 per esmorzar, per portar a la feina, o per regalar. <\/span> <\/p>\n<p><span style=\"font-weight: 400;\">Personalitza-la online i crea els teus propis dissenys, \u00a1veur\u00e0s com tots els ulls es fixen en la teva tassa!<\/span><\/p>\n<h3><strong>Caracter\u00edstiques:<\/strong><\/h3>\n<ul>\n<li>Color: blanc i daurat<\/li>\n<li>Material: Cer\u00e0mica<\/li>\n<li>Capacitat: 450 ml<\/li>\n<li>Mida: \u00f89\u00d712 cm<\/li>\n<li>Apta per a rentaplats i microones<\/li>\n<li>Fil i asa daurada<\/li>\n<\/ul>\n","protected":false},"excerpt":{"rendered":"<ul>\n<li>Color: blanc i daurat<\/li>\n<li>Material: Cer\u00e0mica<\/li>\n<li>Capacitat: 450 ml<\/li>\n<li>Mida: \u00f89\u00d712 cm<\/li>\n<li>Apta per a rentaplats i microones<\/li>\n<li>Fil i asa daurada<\/li>\n<\/ul>\n","protected":false},"featured_media":18823,"comment_status":"open","ping_status":"closed","template":"","meta":[],"product_brand":[],"product_cat":[571,572],"product_tag":[637,650,698,707],"class_list":{"0":"post-13846","1":"product","2":"type-product","3":"status-publish","4":"has-post-thumbnail","6":"product_cat-tasses-personalitzades","7":"product_cat-tasses","8":"product_tag-per-a-la-llar","9":"product_tag-graduacions","10":"product_tag-primera-comunio","11":"product_tag-amic-invisible","13":"first","14":"instock","15":"taxable","16":"shipping-taxable","17":"purchasable","18":"product-type-simple"},"_links":{"self":[{"href":"https:\/\/i-moments.com\/ca\/wp-json\/wp\/v2\/product\/13846","targetHints":{"allow":["GET"]}}],"collection":[{"href":"https:\/\/i-moments.com\/ca\/wp-json\/wp\/v2\/product"}],"about":[{"href":"https:\/\/i-moments.com\/ca\/wp-json\/wp\/v2\/types\/product"}],"replies":[{"embeddable":true,"href":"https:\/\/i-moments.com\/ca\/wp-json\/wp\/v2\/comments?post=13846"}],"wp:featuredmedia":[{"embeddable":true,"href":"https:\/\/i-moments.com\/ca\/wp-json\/wp\/v2\/media\/18823"}],"wp:attachment":[{"href":"https:\/\/i-moments.com\/ca\/wp-json\/wp\/v2\/media?parent=13846"}],"wp:term":[{"taxonomy":"product_brand","embeddable":true,"href":"https:\/\/i-moments.com\/ca\/wp-json\/wp\/v2\/product_brand?post=13846"},{"taxonomy":"product_cat","embeddable":true,"href":"https:\/\/i-moments.com\/ca\/wp-json\/wp\/v2\/product_cat?post=13846"},{"taxonomy":"product_tag","embeddable":true,"href":"https:\/\/i-moments.com\/ca\/wp-json\/wp\/v2\/product_tag?post=13846"}],"curies":[{"name":"wp","href":"https:\/\/api.w.org\/{rel}","templated":true}]}}