{"id":13854,"date":"2021-10-26T14:36:11","date_gmt":"2021-10-26T14:36:11","guid":{"rendered":"https:\/\/i-moments.com\/p\/sense%20categoria\/guarniment-de-fusta-nadal\/"},"modified":"2025-09-30T15:36:11","modified_gmt":"2025-09-30T13:36:11","slug":"guarniment-de-fusta-nadal","status":"publish","type":"product","link":"https:\/\/i-moments.com\/ca\/p\/guarniment-de-fusta-nadal\/","title":{"rendered":"Guarniment de Fusta Nadal"},"content":{"rendered":"<h2 style=\"text-align: center;\"><strong>GUARNIMENT DE FUSTA NADAL<\/strong><\/h2>\n<p>Aquest preci\u00f3s guarniment de fusta de Nadal et permetr\u00e0 decorar el teu arbre de Nadal de la manera m\u00e9s elegant i cl\u00e0ssica. Tens molt\u00edssimes opcions: Per decorar l&#8217;arbre en solitari, un per a cada membre de la fam\u00edlia, per regalar durant els \u00e0pats d&#8217;aquestes festes&#8230; \u00a1Tu decideixes! \u00c9s un detall original que no deixar\u00e0 ning\u00fa indiferent.<\/p>\n<h3><strong>Caracter\u00edstiques:<\/strong><\/h3>\n<ul>\n<li>Material: Fusta<\/li>\n<li>Mida: 10&#215;7 cm (Grueso 0,3 cm)<\/li>\n<li>Cinta de Ras Inclosa<\/li>\n<\/ul>\n","protected":false},"excerpt":{"rendered":"<ul>\n<li>Material: Fusta<\/li>\n<li>Mida: 10&#215;7 cm (Grueso 0,3 cm)<\/li>\n<li>Cinta de Ras Inclosa<\/li>\n<\/ul>\n","protected":false},"featured_media":22826,"comment_status":"open","ping_status":"closed","template":"","meta":[],"product_brand":[],"product_cat":[619,620],"product_tag":[621,721],"class_list":{"0":"post-13854","1":"product","2":"type-product","3":"status-publish","4":"has-post-thumbnail","6":"product_cat-nadal","7":"product_cat-adorns-de-nadal","8":"product_tag-nadal","9":"product_tag-guarniment-de-nadal","11":"first","12":"instock","13":"taxable","14":"shipping-taxable","15":"purchasable","16":"product-type-simple"},"_links":{"self":[{"href":"https:\/\/i-moments.com\/ca\/wp-json\/wp\/v2\/product\/13854","targetHints":{"allow":["GET"]}}],"collection":[{"href":"https:\/\/i-moments.com\/ca\/wp-json\/wp\/v2\/product"}],"about":[{"href":"https:\/\/i-moments.com\/ca\/wp-json\/wp\/v2\/types\/product"}],"replies":[{"embeddable":true,"href":"https:\/\/i-moments.com\/ca\/wp-json\/wp\/v2\/comments?post=13854"}],"wp:featuredmedia":[{"embeddable":true,"href":"https:\/\/i-moments.com\/ca\/wp-json\/wp\/v2\/media\/22826"}],"wp:attachment":[{"href":"https:\/\/i-moments.com\/ca\/wp-json\/wp\/v2\/media?parent=13854"}],"wp:term":[{"taxonomy":"product_brand","embeddable":true,"href":"https:\/\/i-moments.com\/ca\/wp-json\/wp\/v2\/product_brand?post=13854"},{"taxonomy":"product_cat","embeddable":true,"href":"https:\/\/i-moments.com\/ca\/wp-json\/wp\/v2\/product_cat?post=13854"},{"taxonomy":"product_tag","embeddable":true,"href":"https:\/\/i-moments.com\/ca\/wp-json\/wp\/v2\/product_tag?post=13854"}],"curies":[{"name":"wp","href":"https:\/\/api.w.org\/{rel}","templated":true}]}}