{"id":13858,"date":"2021-10-26T14:23:41","date_gmt":"2021-10-26T14:23:41","guid":{"rendered":"https:\/\/i-moments.com\/p\/sense%20categoria\/tarjetero-per-a-smartphone\/"},"modified":"2025-09-30T15:35:57","modified_gmt":"2025-09-30T13:35:57","slug":"tarjetero-para-smartphone","status":"publish","type":"product","link":"https:\/\/i-moments.com\/ca\/p\/tarjetero-para-smartphone\/","title":{"rendered":"Tarjetero per a Smartphone"},"content":{"rendered":"<h2 style=\"text-align: center;\"><strong>TARJETERO PARA SMARTPHONE<\/strong><\/h2>\n<p>Hi ha moments en qu\u00e8 buscar la cartera o portar-la a sobre pot ser molt pesat. Quan vas cargad@, quan vas al gimn\u00e0s, per entrar al metro, per anar a comprar el pa,&#8230; Aquest targeter est\u00e0 pensat per solucionar els teus problemes sense deixar de decorar el teu smartphone. P<span style=\"font-size: 14.4px;\">ersonal\u00edzalo amb la teva foto o logo favorit, p\u00e8gal a la part posterior del teu smartphone i porta la targeta de cr\u00e8dit, la targeta del metro, la del gimn\u00e0s o fins i tot el DNI a l&#8217;abast <\/span><span style=\"font-size: 14.4px;\"> de la teva m\u00e0.<\/span><\/p>\n<h3><strong>Caracter\u00edstiques:<\/strong><\/h3>\n<ul>\n<li>Material: Silicona<\/li>\n<li>Color: Negre<\/li>\n<li>Mida: 5,5 x 8,5 cm<\/li>\n<li>Adhesiu a la part posterior<\/li>\n<\/ul>\n","protected":false},"excerpt":{"rendered":"<ul>\n<li>Material: Silicona<\/li>\n<li>Color: Negre<\/li>\n<li>Mida: 5,5 x 8,5 cm<\/li>\n<li>Adhesiu a la part posterior<\/li>\n<\/ul>\n","protected":false},"featured_media":11804,"comment_status":"open","ping_status":"closed","template":"","meta":[],"product_brand":[],"product_cat":[723,609,733],"product_tag":[638],"class_list":{"0":"post-13858","1":"product","2":"type-product","3":"status-publish","4":"has-post-thumbnail","6":"product_cat-carcasses-personalitzades-per-al-teu-mobil-ca","7":"product_cat-regala-productes-personalitzats","8":"product_cat-accessoris-smartphone","9":"product_tag-per-a-esportistes","11":"first","12":"instock","13":"taxable","14":"shipping-taxable","15":"purchasable","16":"product-type-simple"},"_links":{"self":[{"href":"https:\/\/i-moments.com\/ca\/wp-json\/wp\/v2\/product\/13858","targetHints":{"allow":["GET"]}}],"collection":[{"href":"https:\/\/i-moments.com\/ca\/wp-json\/wp\/v2\/product"}],"about":[{"href":"https:\/\/i-moments.com\/ca\/wp-json\/wp\/v2\/types\/product"}],"replies":[{"embeddable":true,"href":"https:\/\/i-moments.com\/ca\/wp-json\/wp\/v2\/comments?post=13858"}],"wp:featuredmedia":[{"embeddable":true,"href":"https:\/\/i-moments.com\/ca\/wp-json\/wp\/v2\/media\/11804"}],"wp:attachment":[{"href":"https:\/\/i-moments.com\/ca\/wp-json\/wp\/v2\/media?parent=13858"}],"wp:term":[{"taxonomy":"product_brand","embeddable":true,"href":"https:\/\/i-moments.com\/ca\/wp-json\/wp\/v2\/product_brand?post=13858"},{"taxonomy":"product_cat","embeddable":true,"href":"https:\/\/i-moments.com\/ca\/wp-json\/wp\/v2\/product_cat?post=13858"},{"taxonomy":"product_tag","embeddable":true,"href":"https:\/\/i-moments.com\/ca\/wp-json\/wp\/v2\/product_tag?post=13858"}],"curies":[{"name":"wp","href":"https:\/\/api.w.org\/{rel}","templated":true}]}}