{"id":13882,"date":"2021-07-30T05:28:45","date_gmt":"2021-07-30T05:28:45","guid":{"rendered":"https:\/\/i-moments.com\/p\/sense%20categoria\/estoig-per-a-usb-llibret-20x20\/"},"modified":"2025-09-30T15:38:32","modified_gmt":"2025-09-30T13:38:32","slug":"estoig-per-usblibrito-20x20","status":"publish","type":"product","link":"https:\/\/i-moments.com\/ca\/p\/estoig-per-usblibrito-20x20\/","title":{"rendered":"estoig per a USB + Llibret 20&#215;20"},"content":{"rendered":"<h2 style=\"text-align: center;\"><strong>ESTUCHE PARA USB 20&#215;20<\/strong><\/h2>\n<p>estoig per a mem\u00f2ria USB 20&#215;20 cm, 100% personalitzable, interior d&#8217; escuma de neopr\u00e8 negra, amb ranura per a la mem\u00f2ria USB.<br \/>\nEn cap cas inclou la mem\u00f2ria USB o Pen Drive.<\/p>\n<p><strong>Tapa Dura Personalitzada:<\/strong><\/p>\n<p>Tapa B\u00e0sica, 100% personalitzable amb fotos, textos, plantilles i dissenys. Impresa en paper fotogr\u00e0fic i contra-encolada en cartr\u00f3 dur de 4mm a m\u00e9s d&#8217; anar protegides mitjan\u00e7ant un laminat en acabat mat anti empremtes.<\/p>\n<p>Les guardes s\u00f3n en color negre.<\/p>\n<p><strong>Tapa Personalitzada LUX:<\/strong><br \/>\nLa impressi\u00f3 est\u00e0 realitzada amb l&#8217;\u00faltima tecnologia digital d&#8217;impressi\u00f3 i en Papers 3D amb diferents textures i efectes. El resultat \u00e9s una tapa s\u00faper moderna, diferent i exclusiva, 100% personalitzable amb fotos, textos, plantilles i dissenys.<br \/>\nAmb diversos models i textures a triar: Metallic Stars, Metallic Zebra, Metallic Points i Metallic Reptile.<br \/>\nLes guardes s\u00f3n en color negre. <\/p>\n<p><strong>Tapes Forrades Especials:<\/strong><br \/>\nTapes d&#8217;alta qualitat, donant-los un tacte suau i agradable. Enquadernades en cartr\u00f3 escumat de 6mm. Les guardes s\u00f3n en color negre.<br \/>\nForrades amb diferents materials:<\/p>\n<ul>\n<li>Col\u00b7lecci\u00f3 T\u00e8xtil Line Colors: Material t\u00e8xtil amb un ampli assortiment de colors a m\u00e9s tens la L\u00ednia Natur emulant el lli.<\/li>\n<li>Col\u00b7lecci\u00f3 T\u00e8xtil Line Metallic: Material t\u00e8xtil amb acabat metal\u00b7litzat i amb un ampli assortiment de colors.<\/li>\n<li>Col\u00b7lecci\u00f3 Cork: Amb un acabat s\u00edmil al suro natural amb dues tonalitats a triar.<\/li>\n<li>Col\u00b7lecci\u00f3 Wood: Amb un acabat s\u00edmil a la fusta, tens tres tonalitats a triar.<\/li>\n<li>Col\u00b7lecci\u00f3 Diamont: S\u00edmil a la pell d&#8217;alta qualitat, amb un gravat modern en forma de diamant, tens tres colors a triar.<\/li>\n<\/ul>\n<p><strong>PAPERS LLIBRET:<\/strong><\/p>\n<ul>\n<li>Paper Lux: El m\u00e9s preuat pels nostres clients. Impr\u00e8s en paper Felix Shoeller foto E-Photo 190 gr.<\/li>\n<li>Paper Brillo: Si el teu gust s\u00f3n colors vius, brillants i espectaculars aquest \u00e9s el teu paper. Impr\u00e8s en paper Fedrigoni Symbol FreeLife de 200 gr i envernissat amb vern\u00eds UV.<\/li>\n<li>Paper Mate: El m\u00e9s econ\u00f2mic per\u00f2 amb una qualitat excepcional. Impr\u00e8s en paper Fedrigoni Symbol FreeLife de 200 gr.<\/li>\n<\/ul>\n","protected":false},"excerpt":{"rendered":"<p><strong>OPCIONS TAPES<\/strong><\/p>\n<ul>\n<li>Tapa Dura Personalitzada<\/li>\n<li>Tapa Personalitzada LUX<\/li>\n<li>Tapa Especials<\/li>\n<\/ul>\n<p><strong>OPCIONS LLIBRET<\/strong><\/p>\n<ul>\n<li>Paper Lux Fotogr\u00e0fic de 190 gr<\/li>\n<li>Paper Brillantor de 200 gr + vern\u00eds UV<\/li>\n<li>Paper Mate de 200 gr<\/li>\n<li>P\u00e0gines: de 8 a 96<\/li>\n<\/ul>\n","protected":false},"featured_media":10926,"comment_status":"open","ping_status":"closed","template":"","meta":[],"product_brand":[],"product_cat":[625,1119],"product_tag":[649,650,651,730,834,837,1139],"class_list":{"0":"post-13882","1":"product","2":"type-product","3":"status-publish","4":"has-post-thumbnail","6":"product_cat-album-de-fotos-ca","7":"product_cat-estoig-per-a-memoria-usb","8":"product_tag-nadons","9":"product_tag-graduacions","10":"product_tag-vacances","11":"product_tag-menys-de-25-e","12":"product_tag-aniversaris","13":"product_tag-noces-i-esdeveniments","14":"product_tag-imprimeix25","16":"first","17":"instock","18":"taxable","19":"shipping-taxable","20":"product-type-external"},"_links":{"self":[{"href":"https:\/\/i-moments.com\/ca\/wp-json\/wp\/v2\/product\/13882","targetHints":{"allow":["GET"]}}],"collection":[{"href":"https:\/\/i-moments.com\/ca\/wp-json\/wp\/v2\/product"}],"about":[{"href":"https:\/\/i-moments.com\/ca\/wp-json\/wp\/v2\/types\/product"}],"replies":[{"embeddable":true,"href":"https:\/\/i-moments.com\/ca\/wp-json\/wp\/v2\/comments?post=13882"}],"wp:featuredmedia":[{"embeddable":true,"href":"https:\/\/i-moments.com\/ca\/wp-json\/wp\/v2\/media\/10926"}],"wp:attachment":[{"href":"https:\/\/i-moments.com\/ca\/wp-json\/wp\/v2\/media?parent=13882"}],"wp:term":[{"taxonomy":"product_brand","embeddable":true,"href":"https:\/\/i-moments.com\/ca\/wp-json\/wp\/v2\/product_brand?post=13882"},{"taxonomy":"product_cat","embeddable":true,"href":"https:\/\/i-moments.com\/ca\/wp-json\/wp\/v2\/product_cat?post=13882"},{"taxonomy":"product_tag","embeddable":true,"href":"https:\/\/i-moments.com\/ca\/wp-json\/wp\/v2\/product_tag?post=13882"}],"curies":[{"name":"wp","href":"https:\/\/api.w.org\/{rel}","templated":true}]}}