{"id":13888,"date":"2021-07-23T08:58:24","date_gmt":"2021-07-23T08:58:24","guid":{"rendered":"https:\/\/i-moments.com\/p\/sense%20categoria\/revista-de-fotos-21x21\/"},"modified":"2025-09-30T15:38:27","modified_gmt":"2025-09-30T13:38:27","slug":"revista-de-fotos-21x21","status":"publish","type":"product","link":"https:\/\/i-moments.com\/ca\/p\/revista-de-fotos-21x21\/","title":{"rendered":"Revista de Fotos Cuadrada Personalitzada"},"content":{"rendered":"<h2 style=\"text-align: center;\"><strong>REVISTA DE FOTOS QUADRADA PERSONALITZADA<\/strong><\/h2>\n<p>La Revista de Fotos quadrada \u00e9s una opci\u00f3 ideal per reunir les teves fotos favorites d&#8217;aquells moments especials que no vols oblidar. Podr\u00e0s escollir temes, plantilles, cliparts, marcs, fons&#8230; \u00a1comen\u00e7a ara i dissenya la teva pr\u00f2pia revista al teu gust! <\/p>\n<p><strong>CARACTER\u00cdSTIQUES DE LA REVISTA DE FOTOS VERTICAL PERSONALITZADA:<\/strong><\/p>\n<ul>\n<li><strong>Paper Mate:<\/strong> El m\u00e9s econ\u00f2mic per\u00f2 amb una qualitat excepcional.<\/li>\n<li><strong>Paper Brillantor:<\/strong> Si el teu gust s\u00f3n colors vius i brillants aquest \u00e9s el teu paper ideal.<\/li>\n<li><strong>Tapa:<\/strong> La tapa sempre va envernissada en brillantor per protegir-la de ratllades.<\/li>\n<\/ul>\n","protected":false},"excerpt":{"rendered":"<p><strong>MIDA<br \/>\n<\/strong>21&#215;21 cm<\/p>\n<p><strong>ENQUADERNACI\u00d3<\/strong><br \/>\nGrapada<\/p>\n<p><strong>TAPA<br \/>\n<\/strong>Paper 200 gr, Acabat brillantor<\/p>\n<p><strong>OPCIONS INTERIOR<br \/>\nMate:<\/strong> Paper Fotogr\u00e0fic de 2008<br \/>\n<strong>Brillantor:<\/strong> Paper Fotogr\u00e0fic de 200 gr + Barniz UV<br \/>\n<strong>P\u00e0gines:<\/strong> de 8 a 32<\/p>\n","protected":false},"featured_media":18263,"comment_status":"open","ping_status":"closed","template":"","meta":[],"product_brand":[],"product_cat":[625,1125],"product_tag":[1139,649,650,651,834,837],"class_list":{"0":"post-13888","1":"product","2":"type-product","3":"status-publish","4":"has-post-thumbnail","6":"product_cat-album-de-fotos-ca","7":"product_cat-revista-de-fotos-ca","8":"product_tag-imprimeix25","9":"product_tag-nadons","10":"product_tag-graduacions","11":"product_tag-vacances","12":"product_tag-aniversaris","13":"product_tag-noces-i-esdeveniments","15":"first","16":"instock","17":"taxable","18":"shipping-taxable","19":"product-type-external"},"_links":{"self":[{"href":"https:\/\/i-moments.com\/ca\/wp-json\/wp\/v2\/product\/13888","targetHints":{"allow":["GET"]}}],"collection":[{"href":"https:\/\/i-moments.com\/ca\/wp-json\/wp\/v2\/product"}],"about":[{"href":"https:\/\/i-moments.com\/ca\/wp-json\/wp\/v2\/types\/product"}],"replies":[{"embeddable":true,"href":"https:\/\/i-moments.com\/ca\/wp-json\/wp\/v2\/comments?post=13888"}],"wp:featuredmedia":[{"embeddable":true,"href":"https:\/\/i-moments.com\/ca\/wp-json\/wp\/v2\/media\/18263"}],"wp:attachment":[{"href":"https:\/\/i-moments.com\/ca\/wp-json\/wp\/v2\/media?parent=13888"}],"wp:term":[{"taxonomy":"product_brand","embeddable":true,"href":"https:\/\/i-moments.com\/ca\/wp-json\/wp\/v2\/product_brand?post=13888"},{"taxonomy":"product_cat","embeddable":true,"href":"https:\/\/i-moments.com\/ca\/wp-json\/wp\/v2\/product_cat?post=13888"},{"taxonomy":"product_tag","embeddable":true,"href":"https:\/\/i-moments.com\/ca\/wp-json\/wp\/v2\/product_tag?post=13888"}],"curies":[{"name":"wp","href":"https:\/\/api.w.org\/{rel}","templated":true}]}}