{"id":13892,"date":"2021-05-26T09:54:54","date_gmt":"2021-05-26T09:54:54","guid":{"rendered":"https:\/\/i-moments.com\/p\/sense%20categoria\/tassa-cor-personalitzada\/"},"modified":"2025-09-30T15:38:45","modified_gmt":"2025-09-30T13:38:45","slug":"tassa-corazon-personalitzada","status":"publish","type":"product","link":"https:\/\/i-moments.com\/ca\/p\/tassa-corazon-personalitzada\/","title":{"rendered":"Tassa amb Asa Coraz\u00f3n Personalitzada"},"content":{"rendered":"<h2 style=\"text-align: center;\"><strong>TASSA AMB ASA COR PERSONALITZADA<\/strong><\/h2>\n<p>Tassa amb Asa Coraz\u00f3n Personalitzada, tindr\u00e0s un regal molt original amb el qual podr\u00e0s dissenyar-lo amb les teves fotos m\u00e9s divertides i els teus millors moments. Un regal perfecte que et portar\u00e0 records en cada sorbo de la teva beguda preferida. Sorpr\u00e8n els teus \u00e9ssers m\u00e9s estimats!<\/p>\n<p>Utilitzem un sistema d&#8217;impressi\u00f3 amb una qualitat excel\u00b7lent, la teva tassa quedar\u00e0 n\u00edtida i amb colors vius. Dissenya la teva pr\u00f2pia tassa amb les teves fotos al nostre editor online, i-moments t&#8217;ofereix unes tasses personalitzades fabricades en cer\u00e0mica de molt alta qualitat.<\/p>\n<h3><strong>Caracter\u00edstiques:<\/strong><\/h3>\n<ul>\n<li>Material: Cer\u00e0mica<\/li>\n<li>Capacitat: 325 ml<\/li>\n<li>Grand\u00e0ria: \u00f88\u00d79,5 cm<\/li>\n<li>Apta per a rentaplats i microones<\/li>\n<li>Caixa regal opcional<\/li>\n<\/ul>\n","protected":false},"excerpt":{"rendered":"<ul>\n<li>Material: Cer\u00e0mica<\/li>\n<li>Capacitat: 325 ml<\/li>\n<li>Grand\u00e0ria: \u00f88\u00d79,5 cm<\/li>\n<li>Apta per a rentaplats i microones<\/li>\n<li>Caixa regal opcional<\/li>\n<\/ul>\n","protected":false},"featured_media":25308,"comment_status":"open","ping_status":"closed","template":"","meta":[],"product_brand":[],"product_cat":[571,572],"product_tag":[637,650,686,698,706,707,636],"class_list":{"0":"post-13892","1":"product","2":"type-product","3":"status-publish","4":"has-post-thumbnail","6":"product_cat-tasses-personalitzades","7":"product_cat-tasses","8":"product_tag-per-a-la-llar","9":"product_tag-graduacions","10":"product_tag-sant-valenti","11":"product_tag-primera-comunio","12":"product_tag-per-a-ella","13":"product_tag-amic-invisible","14":"product_tag-per-a-ell","16":"first","17":"instock","18":"taxable","19":"shipping-taxable","20":"purchasable","21":"product-type-simple"},"_links":{"self":[{"href":"https:\/\/i-moments.com\/ca\/wp-json\/wp\/v2\/product\/13892","targetHints":{"allow":["GET"]}}],"collection":[{"href":"https:\/\/i-moments.com\/ca\/wp-json\/wp\/v2\/product"}],"about":[{"href":"https:\/\/i-moments.com\/ca\/wp-json\/wp\/v2\/types\/product"}],"replies":[{"embeddable":true,"href":"https:\/\/i-moments.com\/ca\/wp-json\/wp\/v2\/comments?post=13892"}],"wp:featuredmedia":[{"embeddable":true,"href":"https:\/\/i-moments.com\/ca\/wp-json\/wp\/v2\/media\/25308"}],"wp:attachment":[{"href":"https:\/\/i-moments.com\/ca\/wp-json\/wp\/v2\/media?parent=13892"}],"wp:term":[{"taxonomy":"product_brand","embeddable":true,"href":"https:\/\/i-moments.com\/ca\/wp-json\/wp\/v2\/product_brand?post=13892"},{"taxonomy":"product_cat","embeddable":true,"href":"https:\/\/i-moments.com\/ca\/wp-json\/wp\/v2\/product_cat?post=13892"},{"taxonomy":"product_tag","embeddable":true,"href":"https:\/\/i-moments.com\/ca\/wp-json\/wp\/v2\/product_tag?post=13892"}],"curies":[{"name":"wp","href":"https:\/\/api.w.org\/{rel}","templated":true}]}}