{"id":13896,"date":"2021-05-19T06:55:50","date_gmt":"2021-05-19T06:55:50","guid":{"rendered":"https:\/\/i-moments.com\/p\/sense%20categoria\/bola-de-neu-baby-blue\/"},"modified":"2025-09-30T15:39:34","modified_gmt":"2025-09-30T13:39:34","slug":"bola-de-neu-baby-blue","status":"publish","type":"product","link":"https:\/\/i-moments.com\/ca\/p\/bola-de-neu-baby-blue\/","title":{"rendered":"Bola de Neu Baby Blue"},"content":{"rendered":"<h2 style=\"text-align: center;\"><strong>BOLA DE NEU BABY BLUE<\/strong><\/h2>\n<p>Il\u00b7lusiona regalant una original bola de neu personalitzada. Encertar\u00e0s segur!<\/p>\n<p>Aquesta bola de neu fotogr\u00e0fica est\u00e0 feta de pl\u00e0stic transparent d&#8217; alta qualitat, cont\u00e9 un l\u00edquid transparent en el qual giren els destells platejats i blaus de la neu. La base t\u00e9 una decoraci\u00f3 blava de &#8216;nad\u00f3&#8217;. Una bola de neu personalitzada \u00e9s el regal de maternitat ideal per a un nad\u00f3! Agita el globus terrar\u00e0queig perqu\u00e8 la purpurina giri i soni amb els agermanats records de la foto.<\/p>\n<h3><strong>Caracter\u00edstiques de la Bola de Neu Baby Blue :<\/strong><\/h3>\n<ul>\n<li>Color: Blau<\/li>\n<li>Mida: 9,5 x 9,2 cm<\/li>\n<li>Material: Pl\u00e0stic<\/li>\n<li>Caixa regal opcional<\/li>\n<\/ul>\n<p>&nbsp;<\/p>\n","protected":false},"excerpt":{"rendered":"<ul>\n<li>Color: Blau<\/li>\n<li>Mida: 9,5 x 9,2 cm<\/li>\n<li>Material: Pl\u00e0stic<\/li>\n<li>Caixa regal opcional<\/li>\n<\/ul>\n","protected":false},"featured_media":22865,"comment_status":"open","ping_status":"closed","template":"","meta":[],"product_brand":[],"product_cat":[620,619,795],"product_tag":[621,637,707],"class_list":{"0":"post-13896","1":"product","2":"type-product","3":"status-publish","4":"has-post-thumbnail","6":"product_cat-adorns-de-nadal","7":"product_cat-nadal","8":"product_cat-boles-de-neu","9":"product_tag-nadal","10":"product_tag-per-a-la-llar","11":"product_tag-amic-invisible","13":"first","14":"instock","15":"taxable","16":"shipping-taxable","17":"purchasable","18":"product-type-simple"},"_links":{"self":[{"href":"https:\/\/i-moments.com\/ca\/wp-json\/wp\/v2\/product\/13896","targetHints":{"allow":["GET"]}}],"collection":[{"href":"https:\/\/i-moments.com\/ca\/wp-json\/wp\/v2\/product"}],"about":[{"href":"https:\/\/i-moments.com\/ca\/wp-json\/wp\/v2\/types\/product"}],"replies":[{"embeddable":true,"href":"https:\/\/i-moments.com\/ca\/wp-json\/wp\/v2\/comments?post=13896"}],"wp:featuredmedia":[{"embeddable":true,"href":"https:\/\/i-moments.com\/ca\/wp-json\/wp\/v2\/media\/22865"}],"wp:attachment":[{"href":"https:\/\/i-moments.com\/ca\/wp-json\/wp\/v2\/media?parent=13896"}],"wp:term":[{"taxonomy":"product_brand","embeddable":true,"href":"https:\/\/i-moments.com\/ca\/wp-json\/wp\/v2\/product_brand?post=13896"},{"taxonomy":"product_cat","embeddable":true,"href":"https:\/\/i-moments.com\/ca\/wp-json\/wp\/v2\/product_cat?post=13896"},{"taxonomy":"product_tag","embeddable":true,"href":"https:\/\/i-moments.com\/ca\/wp-json\/wp\/v2\/product_tag?post=13896"}],"curies":[{"name":"wp","href":"https:\/\/api.w.org\/{rel}","templated":true}]}}