{"id":13900,"date":"2021-04-26T11:27:58","date_gmt":"2021-04-26T11:27:58","guid":{"rendered":"https:\/\/i-moments.com\/p\/sense%20categoria\/gamuza-personalitzada\/"},"modified":"2025-09-30T14:51:16","modified_gmt":"2025-09-30T12:51:16","slug":"gamuza-personalitzada","status":"publish","type":"product","link":"https:\/\/i-moments.com\/ca\/p\/gamuza-personalitzada\/","title":{"rendered":"Gamuza Personalitzada"},"content":{"rendered":"<h2 style=\"text-align: center;\"><strong>GAMUZA PERSONALITZADA<\/strong><\/h2>\n<p>Personalitza el teu Gamuza amb la teva foto, disseny i text que vulguis.<br \/>\nEspecialment dissenyada per a la neteja d&#8217;ulleres, c\u00e0meres fotogr\u00e0fiques, pantalles d&#8217;ordinador, m\u00f2bils, tablets&#8230;<\/p>\n<h3><strong>Caracter\u00edstiques:<\/strong><\/h3>\n<ul>\n<li>Color: Blanc<\/li>\n<li>Teixit: Microfibra<\/li>\n<li>Mida: 10 x 17 cm<\/li>\n<\/ul>\n","protected":false},"excerpt":{"rendered":"<ul>\n<li>Color: Blanc<\/li>\n<li>Teixit: Microfibra<\/li>\n<li>Mida: 10 x 17 cm<\/li>\n<\/ul>\n","protected":false},"featured_media":11416,"comment_status":"open","ping_status":"closed","template":"","meta":[],"product_brand":[],"product_cat":[609,610,873],"product_tag":[],"class_list":{"0":"post-13900","1":"product","2":"type-product","3":"status-publish","4":"has-post-thumbnail","6":"product_cat-regala-productes-personalitzats","7":"product_cat-accessoris-personalitzables","8":"product_cat-isard-personalitzat","10":"first","11":"outofstock","12":"taxable","13":"shipping-taxable","14":"product-type-variable"},"_links":{"self":[{"href":"https:\/\/i-moments.com\/ca\/wp-json\/wp\/v2\/product\/13900","targetHints":{"allow":["GET"]}}],"collection":[{"href":"https:\/\/i-moments.com\/ca\/wp-json\/wp\/v2\/product"}],"about":[{"href":"https:\/\/i-moments.com\/ca\/wp-json\/wp\/v2\/types\/product"}],"replies":[{"embeddable":true,"href":"https:\/\/i-moments.com\/ca\/wp-json\/wp\/v2\/comments?post=13900"}],"wp:featuredmedia":[{"embeddable":true,"href":"https:\/\/i-moments.com\/ca\/wp-json\/wp\/v2\/media\/11416"}],"wp:attachment":[{"href":"https:\/\/i-moments.com\/ca\/wp-json\/wp\/v2\/media?parent=13900"}],"wp:term":[{"taxonomy":"product_brand","embeddable":true,"href":"https:\/\/i-moments.com\/ca\/wp-json\/wp\/v2\/product_brand?post=13900"},{"taxonomy":"product_cat","embeddable":true,"href":"https:\/\/i-moments.com\/ca\/wp-json\/wp\/v2\/product_cat?post=13900"},{"taxonomy":"product_tag","embeddable":true,"href":"https:\/\/i-moments.com\/ca\/wp-json\/wp\/v2\/product_tag?post=13900"}],"curies":[{"name":"wp","href":"https:\/\/api.w.org\/{rel}","templated":true}]}}