{"id":13904,"date":"2021-04-26T11:17:30","date_gmt":"2021-04-26T11:17:30","guid":{"rendered":"https:\/\/i-moments.com\/p\/sense%20categoria\/estoig-escolar-personalitzat\/"},"modified":"2025-09-30T15:43:19","modified_gmt":"2025-09-30T13:43:19","slug":"estoig-escolar-personalitzat","status":"publish","type":"product","link":"https:\/\/i-moments.com\/ca\/p\/estoig-escolar-personalitzat\/","title":{"rendered":"Estoig Escolar Personalitzat"},"content":{"rendered":"<h2 style=\"text-align: center;\"><strong>ESTOIG ESCOLAR PERSONALITZAT<\/strong><\/h2>\n<p>Un estoig escolar personalitzat amb un disseny infantil que li va encantar al teu nen. Pots personalitzar-lo amb el seu nom i convertir l&#8217;estoig en una cosa \u00fanica. Perqu\u00e8 els m\u00e9s petits siguin els reis de la classe!<\/p>\n<h3><strong>Caracter\u00edstiques:<\/strong><\/h3>\n<ul>\n<li>Mida: 15 x 21 cm<\/li>\n<\/ul>\n<p>Inclou:<\/p>\n<ul>\n<li>12 llapis de colors<\/li>\n<li>10 retoladors<\/li>\n<li>\u2014 5 Governants<\/li>\n<li>2 Bol\u00edgrafs<\/li>\n<li>1 Sacapuntes<\/li>\n<li>Llapis i Goma d&#8217;Esborrar<\/li>\n<\/ul>\n<p>&nbsp;<\/p>\n","protected":false},"excerpt":{"rendered":"<ul>\n<li>Mida: 15 x 21 cm<\/li>\n<\/ul>\n<p>Inclou:<\/p>\n<ul>\n<li>12 llapis de colors<\/li>\n<li>10 retoladors<\/li>\n<li>\u2014 5 Governants<\/li>\n<li>2 Bol\u00edgrafs<\/li>\n<li>1 Sacapuntes,<\/li>\n<li>Llapis i Goma d&#8217;Esborrar<\/li>\n<\/ul>\n","protected":false},"featured_media":10308,"comment_status":"open","ping_status":"closed","template":"","meta":[],"product_brand":[],"product_cat":[797,803,809],"product_tag":[841,854],"class_list":{"0":"post-13904","1":"product","2":"type-product","3":"status-publish","4":"has-post-thumbnail","6":"product_cat-nens","7":"product_cat-per-a-nens","8":"product_cat-estoig-escolar-personalitzat","9":"product_tag-per-a-nens","10":"product_tag-tornada-al-colle","12":"first","13":"instock","14":"taxable","15":"shipping-taxable","16":"purchasable","17":"product-type-simple"},"_links":{"self":[{"href":"https:\/\/i-moments.com\/ca\/wp-json\/wp\/v2\/product\/13904","targetHints":{"allow":["GET"]}}],"collection":[{"href":"https:\/\/i-moments.com\/ca\/wp-json\/wp\/v2\/product"}],"about":[{"href":"https:\/\/i-moments.com\/ca\/wp-json\/wp\/v2\/types\/product"}],"replies":[{"embeddable":true,"href":"https:\/\/i-moments.com\/ca\/wp-json\/wp\/v2\/comments?post=13904"}],"wp:featuredmedia":[{"embeddable":true,"href":"https:\/\/i-moments.com\/ca\/wp-json\/wp\/v2\/media\/10308"}],"wp:attachment":[{"href":"https:\/\/i-moments.com\/ca\/wp-json\/wp\/v2\/media?parent=13904"}],"wp:term":[{"taxonomy":"product_brand","embeddable":true,"href":"https:\/\/i-moments.com\/ca\/wp-json\/wp\/v2\/product_brand?post=13904"},{"taxonomy":"product_cat","embeddable":true,"href":"https:\/\/i-moments.com\/ca\/wp-json\/wp\/v2\/product_cat?post=13904"},{"taxonomy":"product_tag","embeddable":true,"href":"https:\/\/i-moments.com\/ca\/wp-json\/wp\/v2\/product_tag?post=13904"}],"curies":[{"name":"wp","href":"https:\/\/api.w.org\/{rel}","templated":true}]}}