{"id":13917,"date":"2021-09-15T11:02:41","date_gmt":"2021-09-15T11:02:41","guid":{"rendered":"https:\/\/i-moments.com\/p\/sense%20categoria\/fixpanel-20x20-cm\/"},"modified":"2025-12-17T09:03:38","modified_gmt":"2025-12-17T08:03:38","slug":"fixpanel-20x20-cm","status":"publish","type":"product","link":"https:\/\/i-moments.com\/ca\/p\/fixpanel-20x20-cm\/","title":{"rendered":"FixPanel 20&#215;20 cm"},"content":{"rendered":"<h2 class=\"uppercase\" style=\"text-align: center;\"><strong>FixPanel 20&#215;20 cm<\/strong><\/h2>\n<p>Gr\u00e0cies a l&#8217;adhesiu que cobreix tot el dors dels nostres FixPanel, els teus quadres s&#8217;adhereixen fermament a qualsevol paret sense fer forats ni danyar la pintura. Et permeten organitzar, enlairar-se i tornar a pegar els teus quadres perqu\u00e8 t&#8217;atreveixis a crear murals en diferents llocs. Pots canviar les combinacions quan vulguis!<\/p>\n<p>A difer\u00e8ncia dels quadres amb base d&#8217;escuma, la nostra base de Forex assegura la m\u00e0xima qualitat de les teves fotos perqu\u00e8 siguin resistents a cops i al pas del temps. Els teus mosaics fets amb els FixPanel en alta definici\u00f3 brindaran diversi\u00f3 i estil a la teva llar.<\/p>\n","protected":false},"excerpt":{"rendered":"<p><span style=\"font-weight: 400;\">Decora la teva paret amb FixPanel, els quadres adhesius <strong>d&#8217;i-moments<\/strong> \u00a1Oblida&#8217;t dels claus i cargols i pega els teus FixPanel a la paret de la manera m\u00e9s f\u00e0cil!<\/span><\/p>\n<p><strong>Mida:<\/strong> 20&#215;20 cm<br \/>\n<strong>Material:<\/strong> Forex (1 cm gruix<strong>)<\/strong><\/p>\n","protected":false},"featured_media":12292,"comment_status":"open","ping_status":"closed","template":"","meta":[],"product_brand":[],"product_cat":[741,763,765],"product_tag":[651,839,628,637,649],"class_list":{"0":"post-13917","1":"product","2":"type-product","3":"status-publish","4":"has-post-thumbnail","6":"product_cat-decora-ca","7":"product_cat-foto-panels-ca","8":"product_cat-fixpanel-personalitzats","9":"product_tag-vacances","10":"product_tag-decora-ca","11":"product_tag-dia-de-la-mare","12":"product_tag-per-a-la-llar","13":"product_tag-nadons","15":"first","16":"instock","17":"taxable","18":"shipping-taxable","19":"purchasable","20":"product-type-variable"},"_links":{"self":[{"href":"https:\/\/i-moments.com\/ca\/wp-json\/wp\/v2\/product\/13917","targetHints":{"allow":["GET"]}}],"collection":[{"href":"https:\/\/i-moments.com\/ca\/wp-json\/wp\/v2\/product"}],"about":[{"href":"https:\/\/i-moments.com\/ca\/wp-json\/wp\/v2\/types\/product"}],"replies":[{"embeddable":true,"href":"https:\/\/i-moments.com\/ca\/wp-json\/wp\/v2\/comments?post=13917"}],"wp:featuredmedia":[{"embeddable":true,"href":"https:\/\/i-moments.com\/ca\/wp-json\/wp\/v2\/media\/12292"}],"wp:attachment":[{"href":"https:\/\/i-moments.com\/ca\/wp-json\/wp\/v2\/media?parent=13917"}],"wp:term":[{"taxonomy":"product_brand","embeddable":true,"href":"https:\/\/i-moments.com\/ca\/wp-json\/wp\/v2\/product_brand?post=13917"},{"taxonomy":"product_cat","embeddable":true,"href":"https:\/\/i-moments.com\/ca\/wp-json\/wp\/v2\/product_cat?post=13917"},{"taxonomy":"product_tag","embeddable":true,"href":"https:\/\/i-moments.com\/ca\/wp-json\/wp\/v2\/product_tag?post=13917"}],"curies":[{"name":"wp","href":"https:\/\/api.w.org\/{rel}","templated":true}]}}