{"id":13927,"date":"2021-10-22T08:43:28","date_gmt":"2021-10-22T08:43:28","guid":{"rendered":"https:\/\/i-moments.com\/p\/sense%20categoria\/bolso-denim-grande-personalitzat\/"},"modified":"2025-09-30T15:38:12","modified_gmt":"2025-09-30T13:38:12","slug":"bolso-denim-gran-personalitzat","status":"publish","type":"product","link":"https:\/\/i-moments.com\/ca\/p\/bolso-denim-gran-personalitzat\/","title":{"rendered":"Bolso Denim Grande personalitzat"},"content":{"rendered":"<h2 style=\"text-align: center;\"><strong>BOLSO DENIM GRANDE PERSONALIZADO<\/strong><\/h2>\n<p>Pots personalitzar-lo amb la teva foto o disseny propi i afegir-hi el text que vulguis. Impressi\u00f3 resistent i d&#8217; alta qualitat.<br \/>\nTria entre els nostres originals dissenys el que m\u00e9s t&#8217;agradi. Impressi\u00f3 resistent i d&#8217; alta qualitat. Amb aquest regal original sempre encertar\u00e0s.<\/p>\n<h3><strong>Caracter\u00edstiques:<\/strong><\/h3>\n<ul>\n<li>Bolso Denim Grande:<\/li>\n<li>Material: Canvas<\/li>\n<li>Colors: Negre \/ Taronja<\/li>\n<li>Mida: 43 x 33 cm<\/li>\n<\/ul>\n","protected":false},"excerpt":{"rendered":"<p>Bolso Denim Grande:<\/p>\n<ul>\n<li>Material: Canvas<\/li>\n<li>Colors: Negre \/ Taronja<\/li>\n<li>Mida: 43 x 33 cm<\/li>\n<\/ul>\n","protected":false},"featured_media":11560,"comment_status":"open","ping_status":"closed","template":"","meta":[],"product_brand":[],"product_cat":[702,609,610],"product_tag":[706],"class_list":{"0":"post-13927","1":"product","2":"type-product","3":"status-publish","4":"has-post-thumbnail","6":"product_cat-bosses-personalitzades","7":"product_cat-regala-productes-personalitzats","8":"product_cat-accessoris-personalitzables","9":"product_tag-per-a-ella","11":"first","12":"instock","13":"taxable","14":"shipping-taxable","15":"purchasable","16":"product-type-simple"},"_links":{"self":[{"href":"https:\/\/i-moments.com\/ca\/wp-json\/wp\/v2\/product\/13927","targetHints":{"allow":["GET"]}}],"collection":[{"href":"https:\/\/i-moments.com\/ca\/wp-json\/wp\/v2\/product"}],"about":[{"href":"https:\/\/i-moments.com\/ca\/wp-json\/wp\/v2\/types\/product"}],"replies":[{"embeddable":true,"href":"https:\/\/i-moments.com\/ca\/wp-json\/wp\/v2\/comments?post=13927"}],"wp:featuredmedia":[{"embeddable":true,"href":"https:\/\/i-moments.com\/ca\/wp-json\/wp\/v2\/media\/11560"}],"wp:attachment":[{"href":"https:\/\/i-moments.com\/ca\/wp-json\/wp\/v2\/media?parent=13927"}],"wp:term":[{"taxonomy":"product_brand","embeddable":true,"href":"https:\/\/i-moments.com\/ca\/wp-json\/wp\/v2\/product_brand?post=13927"},{"taxonomy":"product_cat","embeddable":true,"href":"https:\/\/i-moments.com\/ca\/wp-json\/wp\/v2\/product_cat?post=13927"},{"taxonomy":"product_tag","embeddable":true,"href":"https:\/\/i-moments.com\/ca\/wp-json\/wp\/v2\/product_tag?post=13927"}],"curies":[{"name":"wp","href":"https:\/\/api.w.org\/{rel}","templated":true}]}}