{"id":13942,"date":"2021-07-23T09:03:46","date_gmt":"2021-07-23T09:03:46","guid":{"rendered":"https:\/\/i-moments.com\/p\/sense%20categoria\/revista-de-fotos-21x15\/"},"modified":"2025-09-30T15:38:40","modified_gmt":"2025-09-30T13:38:40","slug":"revista-de-fotos-21x15","status":"publish","type":"product","link":"https:\/\/i-moments.com\/ca\/p\/revista-de-fotos-21x15\/","title":{"rendered":"Revista de Fotos Horitzontal Personalitzada"},"content":{"rendered":"<h2 style=\"text-align: center;\"><strong>REVISTA DE FOTOS HORITZONTAL <\/strong><strong>PERSONALITZADA<\/strong><\/h2>\n<p>Aquest producte t\u00e9 2&#215;1 (pagues 1 i et portes 2 iguals). Aquesta \u00e9s la m\u00e9s petita de les nostres revistes, per\u00f2 no per aix\u00f2 \u00e9s menys especial: utilitza els temes i plantilles disponibles per immortalitzar els teus records favorits i crea una revista \u00fanica&#8230; \u00a1personalitza-la a la teva manera! <\/p>\n<p><strong>CARACTER\u00cdSTIQUES DE LA REVISTA DE FOTOS HORITZONTAL PERSONALITZADA:<\/strong><\/p>\n<p><strong>Paper Mate:<\/strong> El m\u00e9s econ\u00f2mic per\u00f2 amb una qualitat excepcional.<br \/>\n<strong>Paper Brillantor:<\/strong> Si el teu gust s\u00f3n colors vius i brillants aquest \u00e9s el teu paper ideal<br \/>\n<strong>Tapa:<\/strong> La tapa sempre va envernissada en brillantor per protegir-la de ratllades.<\/p>\n","protected":false},"excerpt":{"rendered":"<p><span style=\"color: #3366ff; font-size: 110%;\"><strong>2&#215;1 paga 1 i 2 iguals<\/strong><\/span><\/p>\n<p><strong>MIDA<\/strong><br \/>\n21&#215;15 cm<\/p>\n<p><strong>ENQUADERNACI\u00d3<\/strong><br \/>\nGrapada<\/p>\n<p><strong>TAPA<\/strong><br \/>\nPaper 200 gr, Acabat brillantor<\/p>\n<p><strong>OPCIONS INTERIOR<\/strong><br \/>\nMate: Paper Fotogr\u00e0fic de 200 gr<br \/>\nBrillo: Paper Fotogr\u00e0fic de 200 gr+ Barniz UV<br \/>\nP\u00e0gines: de 8 a 32<\/p>\n","protected":false},"featured_media":18279,"comment_status":"open","ping_status":"closed","template":"","meta":[],"product_brand":[],"product_cat":[625,1125],"product_tag":[649,650,651,730,834,837],"class_list":{"0":"post-13942","1":"product","2":"type-product","3":"status-publish","4":"has-post-thumbnail","6":"product_cat-album-de-fotos-ca","7":"product_cat-revista-de-fotos-ca","8":"product_tag-nadons","9":"product_tag-graduacions","10":"product_tag-vacances","11":"product_tag-menys-de-25-e","12":"product_tag-aniversaris","13":"product_tag-noces-i-esdeveniments","15":"first","16":"instock","17":"taxable","18":"shipping-taxable","19":"product-type-external"},"_links":{"self":[{"href":"https:\/\/i-moments.com\/ca\/wp-json\/wp\/v2\/product\/13942","targetHints":{"allow":["GET"]}}],"collection":[{"href":"https:\/\/i-moments.com\/ca\/wp-json\/wp\/v2\/product"}],"about":[{"href":"https:\/\/i-moments.com\/ca\/wp-json\/wp\/v2\/types\/product"}],"replies":[{"embeddable":true,"href":"https:\/\/i-moments.com\/ca\/wp-json\/wp\/v2\/comments?post=13942"}],"wp:featuredmedia":[{"embeddable":true,"href":"https:\/\/i-moments.com\/ca\/wp-json\/wp\/v2\/media\/18279"}],"wp:attachment":[{"href":"https:\/\/i-moments.com\/ca\/wp-json\/wp\/v2\/media?parent=13942"}],"wp:term":[{"taxonomy":"product_brand","embeddable":true,"href":"https:\/\/i-moments.com\/ca\/wp-json\/wp\/v2\/product_brand?post=13942"},{"taxonomy":"product_cat","embeddable":true,"href":"https:\/\/i-moments.com\/ca\/wp-json\/wp\/v2\/product_cat?post=13942"},{"taxonomy":"product_tag","embeddable":true,"href":"https:\/\/i-moments.com\/ca\/wp-json\/wp\/v2\/product_tag?post=13942"}],"curies":[{"name":"wp","href":"https:\/\/api.w.org\/{rel}","templated":true}]}}