{"id":13959,"date":"2021-04-06T09:04:00","date_gmt":"2021-04-06T09:04:00","guid":{"rendered":"https:\/\/i-moments.com\/p\/sense%20categoria\/carcasa-samsung-galaxy-s10-plus\/"},"modified":"2025-09-30T15:38:27","modified_gmt":"2025-09-30T13:38:27","slug":"samsung-galaxy-s10-plus","status":"publish","type":"product","link":"https:\/\/i-moments.com\/ca\/p\/samsung-galaxy-s10-plus\/","title":{"rendered":"Carcasa Samsung Galaxy S10 Plus"},"content":{"rendered":"<h2 style=\"text-align: center;\"><strong>SAMSUNG GALAXY S10 PLUS<\/strong><\/h2>\n<p>Personalitza&#8217;l i prot\u00e9gelo amb una carcassa d&#8217;i-moments.<\/p>\n<p>Personalitza la part posterior del teu m\u00f2bil amb la foto de la teva parella, dels teus fills, l&#8217;escut del teu equip de futbol o els teus superherois favorits \u00e9s motiu m\u00e9s que suficient com per tenir una carcassa personalitzada de m\u00f2bil.<\/p>\n<h3><strong>Caracter\u00edstiques:<\/strong><\/h3>\n<ul>\n<li>Material: Silicona Transparent<\/li>\n<li>Mida Impressi\u00f3: 8,4 x 16,4 cm<\/li>\n<\/ul>\n","protected":false},"excerpt":{"rendered":"<ul>\n<li>Material: Silicona Transparent<\/li>\n<li>Mida Impressi\u00f3: 8,4 x 16,4 cm<\/li>\n<\/ul>\n","protected":false},"featured_media":10128,"comment_status":"open","ping_status":"closed","template":"","meta":[],"product_brand":[],"product_cat":[609,610,723,863],"product_tag":[707],"class_list":{"0":"post-13959","1":"product","2":"type-product","3":"status-publish","4":"has-post-thumbnail","6":"product_cat-regala-productes-personalitzats","7":"product_cat-accessoris-personalitzables","8":"product_cat-carcasses-personalitzades-per-al-teu-mobil-ca","9":"product_cat-per-al-teu-samsung-galaxy","10":"product_tag-amic-invisible","12":"first","13":"instock","14":"taxable","15":"shipping-taxable","16":"purchasable","17":"product-type-variable"},"_links":{"self":[{"href":"https:\/\/i-moments.com\/ca\/wp-json\/wp\/v2\/product\/13959","targetHints":{"allow":["GET"]}}],"collection":[{"href":"https:\/\/i-moments.com\/ca\/wp-json\/wp\/v2\/product"}],"about":[{"href":"https:\/\/i-moments.com\/ca\/wp-json\/wp\/v2\/types\/product"}],"replies":[{"embeddable":true,"href":"https:\/\/i-moments.com\/ca\/wp-json\/wp\/v2\/comments?post=13959"}],"wp:featuredmedia":[{"embeddable":true,"href":"https:\/\/i-moments.com\/ca\/wp-json\/wp\/v2\/media\/10128"}],"wp:attachment":[{"href":"https:\/\/i-moments.com\/ca\/wp-json\/wp\/v2\/media?parent=13959"}],"wp:term":[{"taxonomy":"product_brand","embeddable":true,"href":"https:\/\/i-moments.com\/ca\/wp-json\/wp\/v2\/product_brand?post=13959"},{"taxonomy":"product_cat","embeddable":true,"href":"https:\/\/i-moments.com\/ca\/wp-json\/wp\/v2\/product_cat?post=13959"},{"taxonomy":"product_tag","embeddable":true,"href":"https:\/\/i-moments.com\/ca\/wp-json\/wp\/v2\/product_tag?post=13959"}],"curies":[{"name":"wp","href":"https:\/\/api.w.org\/{rel}","templated":true}]}}