{"id":13963,"date":"2021-01-21T15:13:23","date_gmt":"2021-01-21T15:13:23","guid":{"rendered":"https:\/\/i-moments.com\/p\/sense%20categoria\/bola-de-neu-ovalada-love\/"},"modified":"2025-09-30T15:41:41","modified_gmt":"2025-09-30T13:41:41","slug":"bola-de-neu-ovalada-love","status":"publish","type":"product","link":"https:\/\/i-moments.com\/ca\/p\/bola-de-neu-ovalada-love\/","title":{"rendered":"Bola de Neu Ovalada Love"},"content":{"rendered":"<h2 style=\"text-align: center;\"><strong>BOLA DE NEU OVALADA LOVE<\/strong><\/h2>\n<p>S\u00f3n m\u00e0giques i divertides! Il\u00b7lusiona regalant una original Bola de Neu LOVE personalitzada.<\/p>\n<p>Aquesta bola de neu fotogr\u00e0fica est\u00e0 feta de pl\u00e0stic transparent d&#8217;alta qualitat, cont\u00e9 un l\u00edquid transparent en el qual giren els destells vermells del cor. La base t\u00e9 una decoraci\u00f3 vermella amb &#8216;amor&#8217;.<\/p>\n<p>Una bola de neu personalitzada \u00e9s el regal ideal per al Dia de Sant Valent\u00ed o un aniversari!<\/p>\n<p>Agita el globus terrar\u00e0queig perqu\u00e8 la purpurina giri i soni amb els agermanats records de la foto.<\/p>\n<h3><strong>Caracter\u00edstiques:<\/strong><\/h3>\n<ul>\n<li>Color: Vermell<\/li>\n<li>Mida: 9,5 \u00d7 9,2 cm<\/li>\n<li>Caixa regal opcional<\/li>\n<\/ul>\n","protected":false},"excerpt":{"rendered":"<ul>\n<li>Color: Vermell<\/li>\n<li>Mida: 9,5 \u00d7 9,2 cm<\/li>\n<li>Caixa regal opcional<\/li>\n<\/ul>\n","protected":false},"featured_media":22877,"comment_status":"open","ping_status":"closed","template":"","meta":[],"product_brand":[],"product_cat":[620,619,795],"product_tag":[621,707],"class_list":{"0":"post-13963","1":"product","2":"type-product","3":"status-publish","4":"has-post-thumbnail","6":"product_cat-adorns-de-nadal","7":"product_cat-nadal","8":"product_cat-boles-de-neu","9":"product_tag-nadal","10":"product_tag-amic-invisible","12":"first","13":"instock","14":"taxable","15":"shipping-taxable","16":"product-type-simple"},"_links":{"self":[{"href":"https:\/\/i-moments.com\/ca\/wp-json\/wp\/v2\/product\/13963","targetHints":{"allow":["GET"]}}],"collection":[{"href":"https:\/\/i-moments.com\/ca\/wp-json\/wp\/v2\/product"}],"about":[{"href":"https:\/\/i-moments.com\/ca\/wp-json\/wp\/v2\/types\/product"}],"replies":[{"embeddable":true,"href":"https:\/\/i-moments.com\/ca\/wp-json\/wp\/v2\/comments?post=13963"}],"wp:featuredmedia":[{"embeddable":true,"href":"https:\/\/i-moments.com\/ca\/wp-json\/wp\/v2\/media\/22877"}],"wp:attachment":[{"href":"https:\/\/i-moments.com\/ca\/wp-json\/wp\/v2\/media?parent=13963"}],"wp:term":[{"taxonomy":"product_brand","embeddable":true,"href":"https:\/\/i-moments.com\/ca\/wp-json\/wp\/v2\/product_brand?post=13963"},{"taxonomy":"product_cat","embeddable":true,"href":"https:\/\/i-moments.com\/ca\/wp-json\/wp\/v2\/product_cat?post=13963"},{"taxonomy":"product_tag","embeddable":true,"href":"https:\/\/i-moments.com\/ca\/wp-json\/wp\/v2\/product_tag?post=13963"}],"curies":[{"name":"wp","href":"https:\/\/api.w.org\/{rel}","templated":true}]}}